{"id":1072,"date":"2025-01-14T02:16:29","date_gmt":"2025-01-14T02:16:29","guid":{"rendered":"http:\/\/kart-hornets.de\/?page_id=1072"},"modified":"2025-01-14T02:16:32","modified_gmt":"2025-01-14T02:16:32","slug":"rennbericht-bispingen-februar-2024","status":"publish","type":"page","link":"http:\/\/kart-hornets.de\/?page_id=1072","title":{"rendered":"Rennbericht Bispingen Februar 2024"},"content":{"rendered":"\n<p>Am 03.02.2024 trafen sich die Kart-Hornets erneut, um ihren zweiten Lauf im neuen Kalenderjahr und den achten Meisterschaftslauf der aktuellen Saison 23\/24 zu bestreiten. Der Ort des Geschehens war Bispingen, wo schon im Vorhinein f\u00fcr das eine oder andere Spannungselement gesorgt sein sollte: Nicht nur die Tabellensituation brachte einiges an Brisanz mit sich, sondern auch die Veranstaltungsl\u00e4nge von insgesamt 60 Minuten k\u00f6nnte die Kondition eines jeden Fahrers am Renntag zu einem nicht au\u00dfer Acht zu lassenden Thema machen. Dar\u00fcber hinaus war der Kurs ein mehr oder weniger unbeschriebenes Blatt, so dass die Favoritenrollen vor dem Rennen nicht klar verteilt war.<\/p>\n\n\n\n<p>Auf dem elften Platz musste sich im Anschluss an das Qualifying einmal mehr Thomas einreihen, der nach wie vor nach einem Weg sucht, den immer noch vorhandenen Trainingsr\u00fcckstand auf seine Kontrahenten wett zu machen. Den zehnten Platz belegte Udo hinter Claas, der von dort aus freie Sicht auf das Heck des vor ihm platzierten Olli genoss. Dieser musste sich Tobi geschlagen geben, der somit auf dem siebten Platz rangierte und die Startbox hinter Stephan und Frank einnahm. Alex kam seinerseits nicht \u00fcber den vierten Platz hinaus, w\u00e4hrend an der Spitze ein spannender Kampf um die Spitzenpositionen zwischen den Meisterschaftsprotagonisten tobte. Die Poleposition wechselte mehrfach den Besitzer und als die Uhr auf Null tickte, war es der Tabellenf\u00fchrer, der zuletzt lachen sollte: Jannik, der buchst\u00e4blich in letzter Sekunde die Spitzenzeit fuhr, verwies damit die Konkurrenz in Form von Norman und Peter auf die Pl\u00e4tze Zwei und Drei und setzte damit einen weiteren Nadelstich im Kampf um die Krone.<\/p>\n\n\n\n<p>Die enge Streckencharakteristik der Indoorbahn machte den stehenden Start einmal mehr zum wichtigsten Moment und zur vielversprechendsten \u00dcberholm\u00f6glichkeit des Rennens, so dass alle auf ihre Chance lauerten, als die Lichter ausgingen und an der Spitze kam es direkt zu einer Positionsverschiebung: Norman konntte sich auf der ungeliebten Au\u00dfenseite nicht gegen den besser startenden Peter verteidigen und b\u00fc\u00dfte seinen zweiten Startplatz ein. Dahinter k\u00e4mpfte sich Frank an Alex vorbei, nachdem er diesem in einer Bremszone einen Hecksto\u00df verpasst hatte und aus der Balance gebracht hatte. Aufgrund dieses Zwischenfalls ging er jedoch kurz darauf vom Gas und lie\u00df Alex wieder vorbeiziehen. Ansonsten verlief die Startphase ruhig und ein jeder Pilot konnte seine Position behaupten, ehe die ber\u00fchmte Gr\u00fcppchenbildung stattfand. Im hinteren Bereich des Feldes setzte Udo Claas unter Druck, ehe es zu einem \u00e4hnlichen Zwischenfall kam wie zwischen Frank und Alex: Udo setzte sich neben Claas, dieser hatte seinen Kontrahenten jedoch nicht auf der Innenseite erwartet und aufgrund der fehlenden Auslaufzonen bzw. hohen Seitenw\u00e4nden als Streckenbegrenzungen kam es zum Kontakt. Udo musste folglich zur\u00fcckstecken, Claas gew\u00e4hrte ihm aber im Anschluss in einem Akt des Fairplays die Position. Thomas kam nicht \u00fcber den letzten Platz hinaus, Claas erbte den zehnten Platz von Udo, w\u00e4hrend Olli davor ein recht einsames Rennen fuhr. Frank behauptete sich in einem Dreikampf gegen\u00fcber Stephan und Tobi. Alex verwaltete nach der Anfangsphase den vierten Platz, doch an der Spitze hatte das Spitzentrio das Messer zwischen den Z\u00e4hnen, da sich die Beteiligten der wegweisenden Bedeutung des Rennens f\u00fcr die Meisterschaft bewusst waren: Norman probierte aggressiv den verlorenen zweiten Platz zur\u00fcckzuerobern, w\u00e4hrend sich Peter nicht nur gegen Norman verteidigen musste, sondern auch Jannik ins Visier nehmen konnte, da dieser zwar im Qualifying zauberte, insgesamt aber nicht ganz die Pace seiner Verfolger gehen konnte. Er stand sichtlich unter Druck, behielt jedoch die Nerven und profitierte letzten Endes davon, dass auch seine beiden Verfolger mit harten Bandagen gegeneinander k\u00e4mpften. Schlussendlich \u00fcberquerten sie die Ziellinie in der Reihenfolge, die sie schon in der ersten Runde hergestellt hatten.<\/p>\n\n\n\n<p>Jannik sammelt weiter wertvolle Punkte, w\u00e4hrend sich seine Verfolger einmal mehr gegenseitig die Punkte stehlen: Ein weiterer Sieg beschert ihm einen Gesamtpunktestand von 134 Punkten, w\u00e4hrend Peter und Norman ihre Punktekonten auf 114 bzw. 112 Z\u00e4hler anheben. Auch Alex muss sich zu den Verlierern des Tages z\u00e4hlen, da er mit seinem vierten Platz Federn gegen\u00fcber Jannik l\u00e4sst und insgesamt ebenfalls auf 114 Punkte kommt.<\/p>\n","protected":false},"excerpt":{"rendered":"<p>Am 03.02.2024 trafen sich die Kart-Hornets erneut, um ihren zweiten Lauf im neuen Kalenderjahr und den achten Meisterschaftslauf der aktuellen Saison 23\/24 zu bestreiten. Der Ort des Geschehens war Bispingen, wo schon im Vorhinein f\u00fcr das eine oder andere Spannungselement gesorgt sein sollte: Nicht nur die Tabellensituation brachte einiges an Brisanz mit sich, sondern auch &hellip; <a href=\"http:\/\/kart-hornets.de\/?page_id=1072\" class=\"more-link\"><span class=\"screen-reader-text\">Rennbericht Bispingen Februar 2024<\/span> weiterlesen <span class=\"meta-nav\">&rarr;<\/span><\/a><\/p>\n","protected":false},"author":1,"featured_media":0,"parent":0,"menu_order":0,"comment_status":"closed","ping_status":"closed","template":"","meta":{"jetpack_post_was_ever_published":false,"footnotes":""},"class_list":["post-1072","page","type-page","status-publish","hentry"],"jetpack_sharing_enabled":true,"jetpack_shortlink":"https:\/\/wp.me\/PaboIV-hi","_links":{"self":[{"href":"http:\/\/kart-hornets.de\/index.php?rest_route=\/wp\/v2\/pages\/1072","targetHints":{"allow":["GET"]}}],"collection":[{"href":"http:\/\/kart-hornets.de\/index.php?rest_route=\/wp\/v2\/pages"}],"about":[{"href":"http:\/\/kart-hornets.de\/index.php?rest_route=\/wp\/v2\/types\/page"}],"author":[{"embeddable":true,"href":"http:\/\/kart-hornets.de\/index.php?rest_route=\/wp\/v2\/users\/1"}],"replies":[{"embeddable":true,"href":"http:\/\/kart-hornets.de\/index.php?rest_route=%2Fwp%2Fv2%2Fcomments&post=1072"}],"version-history":[{"count":1,"href":"http:\/\/kart-hornets.de\/index.php?rest_route=\/wp\/v2\/pages\/1072\/revisions"}],"predecessor-version":[{"id":1074,"href":"http:\/\/kart-hornets.de\/index.php?rest_route=\/wp\/v2\/pages\/1072\/revisions\/1074"}],"wp:attachment":[{"href":"http:\/\/kart-hornets.de\/index.php?rest_route=%2Fwp%2Fv2%2Fmedia&parent=1072"}],"curies":[{"name":"wp","href":"https:\/\/api.w.org\/{rel}","templated":true}]}}