{"id":1078,"date":"2025-01-14T02:19:36","date_gmt":"2025-01-14T02:19:36","guid":{"rendered":"http:\/\/kart-hornets.de\/?page_id=1078"},"modified":"2025-01-14T02:19:37","modified_gmt":"2025-01-14T02:19:37","slug":"rennbericht-hagen-april-2024","status":"publish","type":"page","link":"http:\/\/kart-hornets.de\/?page_id=1078","title":{"rendered":"Rennbericht Hagen April 2024"},"content":{"rendered":"\n<p>Am 06.04.2024 l\u00e4uteten die Kart-Hornets das finale Saisonviertel der Saison 23\/24 in Hagen ein und die Aufregung war gro\u00df: Lange ist es her, dass die Kart-Hornets auf dieser stets beliebten Outdoorstrecke gastierten. Die Highspeedstrecke mit mit zahlreichen \u00dcberholm\u00f6glichkeiten war stets ein Garant f\u00fcr hochklassiges Racing, doch eine schlecht gepflegte Kartflotte zwang die Hornets in der j\u00fcngeren Vergangenheit dazu, schweren Herzens einen Bogen um die Strecke zu machen, die eine der letzten ihrer Art ist. Umso gr\u00f6\u00dfer sollte die Vorfreude sein, als die Gruppe die Information erreichte, dass das Material seit kurzem wohl wieder bessere Pflege erfuhr und damit erneut kompetitives Leihkartracing erm\u00f6glichte.<\/p>\n\n\n\n<p>Thomas sammelte weiterhin flei\u00dfig die ihm fehlende Erfahrung, doch bezahlte weiterhin Lehrgeld und qualifizierte sich auf dem zw\u00f6lften Platz hinter Christian. Etwas \u00fcberraschend kam Alex nicht \u00fcber den zehnten Platz hinaus und zog den k\u00fcrzeren gegen\u00fcber Udo, der sich folglich auf dem neunten Platz einreihte. Auf Platz Acht rangierte Frank, w\u00e4hrend Jannik mit Platz Sieben sein bis dato schw\u00e4chstes Qualifyingergebnis der aktuellen Saison hinter Tobi und Olli erreichte. Kai positionierte sich in der dritten Startbox hinter Peter, der die Top Drei Platzierungen er\u00f6ffnete, sich aber Stephan und Norman geschlagen geben musste, der seinerseits den Kurs am schnellsten umrundete.<\/p>\n\n\n\n<p>Wenig \u00fcberraschend wechselte Alex das Kart und musste das Rennen folgerichtig vom letzten Startplatz in Angriff nehmen. Diese Entscheidung entpuppte sich jedoch als goldrichtig, da er schon am Start wertvollen Boden gegen\u00fcber seinen Vorderm\u00e4nnern gutmachen konnte. W\u00e4hrend Norman, Stephan und Peter an der Spitze Rei\u00dfaus nahmen, war Alex schon in der Anfangsphase in der Lage Thomas, Christian und Frank zu kassieren. Dadurch fand er den Anschluss an die hart umk\u00e4mpfte Gruppe im Mittelfeld, die zu Beginn von Kai angef\u00fchrt wurde. Auch Jannik kam im Laufe des Rennens auf der Strecke, auf der er wenig Matchpraxis besa\u00df, besser in Fahrt und biss sich in jener Mittelfeldgruppe fest. In einem nervenaufreibenden Rennen, das die Outdoorsaison mit Bravour einl\u00e4utete, tobten zahlreiche Positionsk\u00e4mpfe, in denen immer wieder ein anderer Fahrer die Oberhand haben sollte. W\u00e4hrend das Spitzentrio immer wieder die Pl\u00e4tze untereinander tauschte, entwickelte sich dahinter ein F\u00fcnfkampf, in dem Kai, Olli, Tobi, Jannik und Alex involviert waren. Die Streckencharakteristik machte es m\u00f6glich: Auf einer Strecke, auf der die Karts Spitzengeschwindigkeiten von \u00fcber 80 kmh erreichten, existierten zum einen ein sp\u00fcrbarer Windschatten und zum anderen lange Bremswege, die auch ambitioniertere \u00dcberversuche zulie\u00dfen. Im hinteren Bereich des Feldes musste sich Christian mit dem Platz als Schlusslicht begn\u00fcgen. Zu gro\u00df war sein H\u00f6chstgeschwindigkeitsnachteil auf der Geraden aufgrund seines K\u00f6rpergewichts. Thomas beendete das rennen auf Platz Elf hinter Udo, w\u00e4hrend Frank auf Platz Neun nicht in den spannenden F\u00fcnfkampf vor ihm eingreifen konnte. In jenem F\u00fcnfkampf \u00fcberquerte letzten Endes Tobi als Achter die Ziellinie knapp hinter Alex, der sich nach seinem fr\u00fchen Vormarsch sicherlich etwas mehr ausgerechnet hatte. Ein waschechtes Fotofinish lieferten sich Kai und Olli. Ersterer sah die Zielflagge am Ende minimal zuerst. Jannik konnte sich im Rennen von seinem schwachen Qualifying rehabilitieren und wurde Vierter hinter Peter, der schlussendlich den K\u00fcrzeren gegen\u00fcber dem Pr\u00e4si zog. Strahlender Sieger wurde nach Ablauf der Zeit Norman, der sich gegen all seine Kontrahenten durchsetzte und damit seine Au\u00dfenseiterchancen auf die Titelverteidigung wahren konnte.<\/p>\n\n\n\n<p>Jannik betreibt einmal mehr bravour\u00f6se Schadensbegrenzung, w\u00e4hrend Peter nicht die Anzahl von Punkten gutmachen kann, die er gebraucht h\u00e4tte, um Jannik nennenswert unter Druck zu setzen: Der Tabellenf\u00fchrer steht bei einem Gesamtpunktestand von 164 Z\u00e4hlern, w\u00e4hrend Peter sein Konto auf 149 Punkte schraubt. Norman kann insgesamt 145 Punkte vorweisen und braucht ein kleines Wunder, um die Titelverteidigung in den verbleibenden beiden Rennen doch noch wahr zu machen.<\/p>\n","protected":false},"excerpt":{"rendered":"<p>Am 06.04.2024 l\u00e4uteten die Kart-Hornets das finale Saisonviertel der Saison 23\/24 in Hagen ein und die Aufregung war gro\u00df: Lange ist es her, dass die Kart-Hornets auf dieser stets beliebten Outdoorstrecke gastierten. Die Highspeedstrecke mit mit zahlreichen \u00dcberholm\u00f6glichkeiten war stets ein Garant f\u00fcr hochklassiges Racing, doch eine schlecht gepflegte Kartflotte zwang die Hornets in der &hellip; <a href=\"http:\/\/kart-hornets.de\/?page_id=1078\" class=\"more-link\"><span class=\"screen-reader-text\">Rennbericht Hagen April 2024<\/span> weiterlesen <span class=\"meta-nav\">&rarr;<\/span><\/a><\/p>\n","protected":false},"author":1,"featured_media":0,"parent":0,"menu_order":0,"comment_status":"closed","ping_status":"closed","template":"","meta":{"jetpack_post_was_ever_published":false,"footnotes":""},"class_list":["post-1078","page","type-page","status-publish","hentry"],"jetpack_sharing_enabled":true,"jetpack_shortlink":"https:\/\/wp.me\/PaboIV-ho","_links":{"self":[{"href":"http:\/\/kart-hornets.de\/index.php?rest_route=\/wp\/v2\/pages\/1078","targetHints":{"allow":["GET"]}}],"collection":[{"href":"http:\/\/kart-hornets.de\/index.php?rest_route=\/wp\/v2\/pages"}],"about":[{"href":"http:\/\/kart-hornets.de\/index.php?rest_route=\/wp\/v2\/types\/page"}],"author":[{"embeddable":true,"href":"http:\/\/kart-hornets.de\/index.php?rest_route=\/wp\/v2\/users\/1"}],"replies":[{"embeddable":true,"href":"http:\/\/kart-hornets.de\/index.php?rest_route=%2Fwp%2Fv2%2Fcomments&post=1078"}],"version-history":[{"count":1,"href":"http:\/\/kart-hornets.de\/index.php?rest_route=\/wp\/v2\/pages\/1078\/revisions"}],"predecessor-version":[{"id":1080,"href":"http:\/\/kart-hornets.de\/index.php?rest_route=\/wp\/v2\/pages\/1078\/revisions\/1080"}],"wp:attachment":[{"href":"http:\/\/kart-hornets.de\/index.php?rest_route=%2Fwp%2Fv2%2Fmedia&parent=1078"}],"curies":[{"name":"wp","href":"https:\/\/api.w.org\/{rel}","templated":true}]}}