{"id":1084,"date":"2025-01-14T02:22:14","date_gmt":"2025-01-14T02:22:14","guid":{"rendered":"http:\/\/kart-hornets.de\/?page_id=1084"},"modified":"2025-01-14T02:22:16","modified_gmt":"2025-01-14T02:22:16","slug":"rennbericht-bassum-saisonfinale","status":"publish","type":"page","link":"http:\/\/kart-hornets.de\/?page_id=1084","title":{"rendered":"Rennbericht Bassum &#8211; Saisonfinale"},"content":{"rendered":"\n<p>Der finale Showdown der laufenden Saison 23\/24 stieg f\u00fcr die Kart-Hornets am 01.06.2024 in Bassum: Eine schnelle Outdoorstrecke, die mit ihrer breiten Fahrbahn und interessanten Streckenf\u00fchrung alle Zutaten f\u00fcr ein Herzschlagfinale besa\u00df. Dar\u00fcber hinaus war die Strecke f\u00fcr viele ein unbeschriebenes Blatt und konnte somit zus\u00e4tzlich f\u00fcr Spannung sorgen. Konnte Jannik die schon sicher geglaubte Meisterschaft nach Hause fahren oder w\u00fcrde Peter in der Lage sein, auf den letzten Metern doch noch einen F\u00fchrungswechsel herbeizuf\u00fchren?<\/p>\n\n\n\n<p>Auch wenn es im Qualifying noch keine Punkte gibt, so zeichnet sich doch im Zeittraining immer ein erstes Bild des Kr\u00e4fteverh\u00e4ltnisses ab: Christian nahm das Rennen von Platz 13 aus in Angriff und positionierte sich damit hinter Thomas und Olli. Tobi ergatterte einen Platz unter den ersten Zehn und war der erste Verfolger von Udo, der sein Gef\u00e4hrt hinter dem von Norman platzierte. F\u00fcr Peter reichte es nur zu Platz Sieben hinter Claas, der seinerseits ein solides Qualifying absolvierte und die Top F\u00fcnf nur knapp verpasste. Diese wurde von Frank eingeleitet. Seine schnellste Runde war nur knapp langsamer als die von Alex, welcher sein Rennen vom vierten Startplatz aus begann. Die dritte Startbox geh\u00f6rte Kai, der sich damit nur dem Pr\u00e4si und Jannik geschlagen geben musste. Dieser umrundete den Kurs am schnellsten und mit seiner Poleposition lief f\u00fcr ihn auf dem Weg zu seinem ersten Meisterschaftssieg alles nach Plan.<\/p>\n\n\n\n<p>Wie schon in den Vormonaten gab auch das Saisonfinale eine turbulente Anfangsphase mit vielen Zweik\u00e4mpfen und Positionswechseln her. Anders als in den beiden Rennen zuvor griff heute aber die Gl\u00fccksfee in einem unverh\u00e4ltnism\u00e4\u00dfigen Ma\u00df in den Ausgang des Rennens ein. Was sich in der Qualifikation schon angedeutet hatte, wurde vor allem zum Leidwesen von Peter Realit\u00e4t: Vor Ort herrschte eine unangenehme Kartlotterie, die einen Wettbewerb auf Augenh\u00f6he nahezu unm\u00f6glich machte. Die Karts in der hinteren H\u00e4lfte des Feldes blieben schon in der Anfangsphase sp\u00fcrbar hinter den Karts aus der ersten H\u00e4lfte des Fahrerfeldes zur\u00fcck. So konnte sich die F\u00fchrungsgruppe schon fr\u00fch absetzen, w\u00e4hrend die zweite H\u00e4lfte des Feldes mit stumpfen Waffen k\u00e4mpfte. Christian beanspruchte die rote Laterne am heutigen Tag abermals f\u00fcr sich, w\u00e4hrend Thomas die Saison auf dem zw\u00f6lften Platz beendete. Olli schloss die Saison vom Arbeitsmaterial gebeutelt auf dem elften Platz ab, w\u00e4hrend Tobi in der Endabrechnung den zehnten Platz belegte. Udo sah die schwarz-wei\u00df-karierte Flagge als Neunter hinter Norman, der ebenfalls nicht in der Lage war, mehr aus seinem verf\u00fcgbaren Material herauszuholen. Ebenso erging es Peter auf Platz Sieben, der unverschuldet zu keinem Zeitpunkt ernsthaft um die Meisterschaft k\u00e4mpfen konnte. Claas fuhr ein ruhiges Rennen auf Platz Sechs und schloss die Saison damit positiv ab. Unter den ersten F\u00fcnf kam es vor allem in der Anfangsphase zu Verschiebungen: Kai konnte fr\u00fch am Pr\u00e4si vorbeigehen. Davon profitierte auch Alex, der zwischenzeitlich Platz Drei \u00fcbernahm. Ein darauffolgender Fehler kostete ihn jedoch gleich zwei Pl\u00e4tze gegen\u00fcber Stephan und Frank. Er k\u00e4mpfte sich jedoch ins Rennen zur\u00fcck und konnte zumindest die Position gegen\u00fcber Frank zur\u00fcckgewinnen. Die Podestpl\u00e4tze hatten somit Stephan und Kai inne, w\u00e4hrend Jannik an der Spitze nichts mehr anbrennen lie\u00df, nachdem er den Start f\u00fcr sich entschieden hatte. Das Material blieb ohne Defekt, ebenso blieb er ohne Fehler und fuhr damit einem ungef\u00e4hrdeten Sieg im Saisonfinale entgegen.<\/p>\n\n\n\n<p>Die Saison geht mit einem unspektakul\u00e4ren Rennen zu Ende, das keiner der Beteiligten nach den spannenden Entwicklungen und beherzten K\u00e4mpfen der Vormonate verdient gehabt hat. Letzten Endes sichert sich Jannik aber am Ende verdient und leistungsgerecht den Meisterschaftstitel, nachdem er schon fr\u00fch mit Topergebnissen den Grundstein f\u00fcr eine erfolgreiche Saison gelegt hat und ebenfalls auf die gesamte Saison gesehen die konstantesten Ergebnisse eingefahren hat. In der Endabrechnung steht Jannik nach Verrechnung des Streichergebnisses bei 184 Punkten. Damit setzt er sich am Ende souver\u00e4n und verdient gegen Peter durch, der bei Saisonabschluss 170 Z\u00e4hler vorweisen kann.<\/p>\n","protected":false},"excerpt":{"rendered":"<p>Der finale Showdown der laufenden Saison 23\/24 stieg f\u00fcr die Kart-Hornets am 01.06.2024 in Bassum: Eine schnelle Outdoorstrecke, die mit ihrer breiten Fahrbahn und interessanten Streckenf\u00fchrung alle Zutaten f\u00fcr ein Herzschlagfinale besa\u00df. Dar\u00fcber hinaus war die Strecke f\u00fcr viele ein unbeschriebenes Blatt und konnte somit zus\u00e4tzlich f\u00fcr Spannung sorgen. Konnte Jannik die schon sicher geglaubte &hellip; <a href=\"http:\/\/kart-hornets.de\/?page_id=1084\" class=\"more-link\"><span class=\"screen-reader-text\">Rennbericht Bassum &#8211; Saisonfinale<\/span> weiterlesen <span class=\"meta-nav\">&rarr;<\/span><\/a><\/p>\n","protected":false},"author":1,"featured_media":0,"parent":0,"menu_order":0,"comment_status":"closed","ping_status":"closed","template":"","meta":{"jetpack_post_was_ever_published":false,"footnotes":""},"class_list":["post-1084","page","type-page","status-publish","hentry"],"jetpack_sharing_enabled":true,"jetpack_shortlink":"https:\/\/wp.me\/PaboIV-hu","_links":{"self":[{"href":"http:\/\/kart-hornets.de\/index.php?rest_route=\/wp\/v2\/pages\/1084","targetHints":{"allow":["GET"]}}],"collection":[{"href":"http:\/\/kart-hornets.de\/index.php?rest_route=\/wp\/v2\/pages"}],"about":[{"href":"http:\/\/kart-hornets.de\/index.php?rest_route=\/wp\/v2\/types\/page"}],"author":[{"embeddable":true,"href":"http:\/\/kart-hornets.de\/index.php?rest_route=\/wp\/v2\/users\/1"}],"replies":[{"embeddable":true,"href":"http:\/\/kart-hornets.de\/index.php?rest_route=%2Fwp%2Fv2%2Fcomments&post=1084"}],"version-history":[{"count":1,"href":"http:\/\/kart-hornets.de\/index.php?rest_route=\/wp\/v2\/pages\/1084\/revisions"}],"predecessor-version":[{"id":1086,"href":"http:\/\/kart-hornets.de\/index.php?rest_route=\/wp\/v2\/pages\/1084\/revisions\/1086"}],"wp:attachment":[{"href":"http:\/\/kart-hornets.de\/index.php?rest_route=%2Fwp%2Fv2%2Fmedia&parent=1084"}],"curies":[{"name":"wp","href":"https:\/\/api.w.org\/{rel}","templated":true}]}}