{"id":18,"date":"2016-10-13T17:55:24","date_gmt":"2016-10-13T17:55:24","guid":{"rendered":"http:\/\/kart-hornets.de\/?page_id=18"},"modified":"2020-05-16T10:27:26","modified_gmt":"2020-05-16T10:27:26","slug":"unsere-geschichte","status":"publish","type":"page","link":"http:\/\/kart-hornets.de\/?page_id=18","title":{"rendered":"Unsere Geschichte"},"content":{"rendered":"<p>Wie alles begann&#8230;<\/p>\n<p>2001 im M\u00e4rz sa\u00df unsere Clique zusammen und \u00fcberlegte was wir anstellen k\u00f6nnten. Einige Vorschl\u00e4ge sp\u00e4ter kam : \u201eLass und doch mal ne Runde Kartfahren gehen.\u201c Auf den Tisch.<\/p>\n<p>Alle schauten sich an und waren nach einem kurzen Moment begeistert mal etwas ganz anderes zu machen. Also fuhren wir los zur Kartbahn in Osnabr\u00fcck dem Tempodrom. Dort angekommen mit ca. 7 oder 8 Leuten holten wir uns jeder ein Ticket und sind ein kleines und witziges Rennen gefahren. Noch beim verlassen der Kartbahn waren sich alle einig das sollten wir bald wiederholen und vielleicht sogar regelm\u00e4\u00dfig machen!?<\/p>\n<p>Ich war sofort bereit diese Idee umzusetzen und solche Termine zu planen. In den n\u00e4chsten Tagen sprachen wir noch viel dr\u00fcber und waren uns einig\u00a0 das wir auch andere Kartbahnen mal \u201etesten\u201c wollten. Ich hab mich dann drangesetzt und alles was in der n\u00e4heren Umgebung von Osnabr\u00fcck lag herauszusuchen .<\/p>\n<p>Wir legten dann den ersten Samstag im Monat als regelm\u00e4\u00dfigen Termin f\u00fcr unsere Treffen fest. Nach ein Paar Rennen kam auch die Idee mit der Homepage und der Punktevergabe.<\/p>\n<p>\u00dcber die Jahre haben der ein oder andere beruflich oder aus pers\u00f6nlichen Gr\u00fcnden leider aufgeh\u00f6rt aber dennoch konnten wir auch immer neue Leute dazu gewinnen. Im Jahr 2011 hatten wir dann unser 10 J\u00e4hriges Jubil\u00e4um wo auch die \u201eehemaligen\u201c eingeladen waren.<\/p>\n<p>Bei allen neuen Bewerbungen schaue ich nat\u00fcrlich schon auch darauf das es pers\u00f6nlich zu unserer Gemeinschaft passt. Denn wir wollen nicht nur einfach ein paar Runden mit dem Kart \u00fcber die Bahn fahren sondern auch neben der Strecke gut miteinander auskommen und das ein oder andere zusammen unternehmen. So sind wir z.B. schon nach einem Besuch der Ralf Schuhmacher Kartbahn im Snowdom gewesen und haben die Skipiste mit anschlie\u00dfendem Abrissski genossen!<\/p>\n<p>Wir sind also nicht nur \u201eGegner\u201c auf der Strecke sondern eher Freunde und gehen immer Fair miteinander um, trotz das es um Punkte und Pokale geht. So machen wir im Anschluss zum Dezemberrennen eine Weihnachtsfeier und zum Saisonabschluss eine Abschlussfeier mit Grillen. Zus\u00e4tzlich nehmen wir an unterschiedlichen Teamrennen teil. Wer sich also jetzt angesprochen f\u00fchlt oder Interesse hat mal bei uns einzusteigen bzw. erst einmal reinzuschnuppern meldet sich einfach bei mir !<\/p>\n<p><img loading=\"lazy\" decoding=\"async\" class=\"alignnone wp-image-169\" src=\"http:\/\/kart-hornets.de\/wp-content\/uploads\/2016\/10\/stephan.jpg\" alt=\"stephan\" width=\"155\" height=\"155\" srcset=\"http:\/\/kart-hornets.de\/wp-content\/uploads\/2016\/10\/stephan.jpg 1400w, http:\/\/kart-hornets.de\/wp-content\/uploads\/2016\/10\/stephan-150x150.jpg 150w, http:\/\/kart-hornets.de\/wp-content\/uploads\/2016\/10\/stephan-300x300.jpg 300w, http:\/\/kart-hornets.de\/wp-content\/uploads\/2016\/10\/stephan-768x768.jpg 768w, http:\/\/kart-hornets.de\/wp-content\/uploads\/2016\/10\/stephan-1024x1024.jpg 1024w, http:\/\/kart-hornets.de\/wp-content\/uploads\/2016\/10\/stephan-500x500.jpg 500w, http:\/\/kart-hornets.de\/wp-content\/uploads\/2016\/10\/stephan-400x400.jpg 400w, http:\/\/kart-hornets.de\/wp-content\/uploads\/2016\/10\/stephan-65x65.jpg 65w\" sizes=\"auto, (max-width: 155px) 100vw, 155px\" \/>LG der Pr\u00e4si<\/p>\n","protected":false},"excerpt":{"rendered":"<p>Wie alles begann&#8230; 2001 im M\u00e4rz sa\u00df unsere Clique zusammen und \u00fcberlegte was wir anstellen k\u00f6nnten. Einige Vorschl\u00e4ge sp\u00e4ter kam : \u201eLass und doch mal ne Runde Kartfahren gehen.\u201c Auf den Tisch. Alle schauten sich an und waren nach einem kurzen Moment begeistert mal etwas ganz anderes zu machen. Also fuhren wir los zur Kartbahn &hellip; <a href=\"http:\/\/kart-hornets.de\/?page_id=18\" class=\"more-link\"><span class=\"screen-reader-text\">Unsere Geschichte<\/span> weiterlesen <span class=\"meta-nav\">&rarr;<\/span><\/a><\/p>\n","protected":false},"author":1,"featured_media":0,"parent":0,"menu_order":0,"comment_status":"closed","ping_status":"closed","template":"","meta":{"jetpack_post_was_ever_published":false,"footnotes":""},"class_list":["post-18","page","type-page","status-publish","hentry"],"jetpack_sharing_enabled":true,"jetpack_shortlink":"https:\/\/wp.me\/PaboIV-i","_links":{"self":[{"href":"http:\/\/kart-hornets.de\/index.php?rest_route=\/wp\/v2\/pages\/18","targetHints":{"allow":["GET"]}}],"collection":[{"href":"http:\/\/kart-hornets.de\/index.php?rest_route=\/wp\/v2\/pages"}],"about":[{"href":"http:\/\/kart-hornets.de\/index.php?rest_route=\/wp\/v2\/types\/page"}],"author":[{"embeddable":true,"href":"http:\/\/kart-hornets.de\/index.php?rest_route=\/wp\/v2\/users\/1"}],"replies":[{"embeddable":true,"href":"http:\/\/kart-hornets.de\/index.php?rest_route=%2Fwp%2Fv2%2Fcomments&post=18"}],"version-history":[{"count":4,"href":"http:\/\/kart-hornets.de\/index.php?rest_route=\/wp\/v2\/pages\/18\/revisions"}],"predecessor-version":[{"id":653,"href":"http:\/\/kart-hornets.de\/index.php?rest_route=\/wp\/v2\/pages\/18\/revisions\/653"}],"wp:attachment":[{"href":"http:\/\/kart-hornets.de\/index.php?rest_route=%2Fwp%2Fv2%2Fmedia&parent=18"}],"curies":[{"name":"wp","href":"https:\/\/api.w.org\/{rel}","templated":true}]}}