{"id":216,"date":"2016-10-19T10:33:14","date_gmt":"2016-10-19T10:33:14","guid":{"rendered":"http:\/\/kart-hornets.de\/?page_id=216"},"modified":"2016-10-19T13:40:27","modified_gmt":"2016-10-19T13:40:27","slug":"bocholt-2016","status":"publish","type":"page","link":"http:\/\/kart-hornets.de\/?page_id=216","title":{"rendered":"Bocholt  Okt. 2016"},"content":{"rendered":"<p>Anfang Oktober versammelten sich die Kart-Hornets zum 4ten Lauf, diesmal in Bocholt.<br \/>\nWie immer wurde mit einem10 Minuten Qualifiyng gestartet.<br \/>\nAuch dieses Mal war gegen Ralf kein Kraut gewachsen, der sich wie bereits in den anderen drei Rennen die Pole sichern konnte, wenn diesmal auch nur mit 4\/1000teln Vorsprung.<br \/>\nAuf die zwei fuhr Frank. D, auf die drei Peter.<br \/>\nDie 4 besetzte Olli, gefolgt von Claas und Stephan. Christian konnte von der 7 starten, Tobias musste aufgrund eines Kartwechsels das Feld von hinten aufr\u00e4umen.<\/p>\n<p>So ging es dann angef\u00fchrt vom Safety Kart in die Einf\u00fchrungsrunde. Gl\u00fccklicherweise fuhr der Erste diesmal nicht in das einbiegende Safety Kart wie im Vorjahr.<br \/>\nDie Spitze konnte sich langsam aber sicher absetzen, Ralf immer unter Druck von Frank D. Keiner der Beiden schenkte dem Anderen etwas.<br \/>\nPeter konnte zwar folgen, aber nicht ganz die Geschwindigkeit mitgehen.<br \/>\nHinter ihm bildete sich das n\u00e4chste Gr\u00fcppchen, angef\u00fchrt von Olli, in der Mitte Claas gefolgt von Stephan. Auch Olli musste st\u00e4ndig gegen die beiden Verfolger verteidigen. Zwar konnte er an einigen Stellen ab und an ein paar Meter gewinnen, doch fuhr Claas diese relativ schnell wieder zu. Und auch Stephan blieb dran.<br \/>\nAm Ende des Feldes hatte Tobias mit neuem Kart endlich bessere Waffen und konnte Christian vom Start weg attackieren. Dieser verteidigte sich bravour\u00f6s \u00fcber mehrere Runden, bevor er sich Tobias geschlagen geben musste.<br \/>\nDie beiden Streith\u00e4hne um Position 1 hatten schon eine L\u00fccke zu Peter gezogen, als Frank D. die Chance nach Fehler von Ralf, versuchte zu nutzen und sich neben ihn setzte. Doch keine Chance, Ralf hatte die bessere Linie f\u00fcr sich und konnte die F\u00fchrung behaupten.<br \/>\nIn der zweiten Gruppe ging es hei\u00df her, Olli geriet inzwischen immer mehr unter Druck und ihm blieb keine Verschnaufpause. Claas setzte an immer mehr Stellen an, musste allerdings auch auf Stephan in seinem R\u00fccken achten.<br \/>\nTobias hingegen fuhr mit dem getauschten Kart endlich gewohnte Rundenzeiten und nutzte die Anzeige der Zeiten der Gruppe vor sich als Ansporn. Runde um Runde kam er heran, jedoch selten mehr als 2 Zehntel. Und durch den langen Kampf mit Christian war es ein weiter Weg heran.<br \/>\nAn der Spitze ging inzwischen der Kampf weiter, doch konnte Frank D. keinen neuen Ansatzpunkt mehr finden. Zwar war er dran an Ralf, aber vorbei ging es nicht mehr.<br \/>\nAuch Peter gab alles, musste aber zusehen wie ihm die Spitze weiter enteilte.<br \/>\nIn der Gruppe dahinter gab es allerdings Bewegung. Ollis Kart lie\u00df immer mehr nach und er geriet besonders in der ersten Kurve immer mehr ins Rutschen, gef\u00f6rdert durch die vorhandenen Gullydeckel. Claas bemerkte dies und konnte im Bogen der ersten Kurve sich neben Olli setzen und kam so weit vor, dass er auch in der n\u00e4chsten Kurve vorn blieb. Sogar Stephan konnte im Gleichen zug mit durch gehen.<br \/>\nTobias k\u00e4mpfte sich in der Folgezeit immer weiter an den nun vorm ihm fahrenden Olli ran.<br \/>\nKurz vor Schluss konnte er, an derselben Stelle wie Claas und mit demselben Man\u00f6ver durchgehen und immerhin noch den 6ten Platz holen.<\/p>\n","protected":false},"excerpt":{"rendered":"<p>Anfang Oktober versammelten sich die Kart-Hornets zum 4ten Lauf, diesmal in Bocholt. Wie immer wurde mit einem10 Minuten Qualifiyng gestartet. Auch dieses Mal war gegen Ralf kein Kraut gewachsen, der sich wie bereits in den anderen drei Rennen die Pole sichern konnte, wenn diesmal auch nur mit 4\/1000teln Vorsprung. Auf die zwei fuhr Frank. D, &hellip; <a href=\"http:\/\/kart-hornets.de\/?page_id=216\" class=\"more-link\"><span class=\"screen-reader-text\">Bocholt  Okt. 2016<\/span> weiterlesen <span class=\"meta-nav\">&rarr;<\/span><\/a><\/p>\n","protected":false},"author":1,"featured_media":0,"parent":233,"menu_order":0,"comment_status":"closed","ping_status":"closed","template":"","meta":{"jetpack_post_was_ever_published":false,"footnotes":""},"class_list":["post-216","page","type-page","status-publish","hentry"],"jetpack_sharing_enabled":true,"jetpack_shortlink":"https:\/\/wp.me\/PaboIV-3u","_links":{"self":[{"href":"http:\/\/kart-hornets.de\/index.php?rest_route=\/wp\/v2\/pages\/216","targetHints":{"allow":["GET"]}}],"collection":[{"href":"http:\/\/kart-hornets.de\/index.php?rest_route=\/wp\/v2\/pages"}],"about":[{"href":"http:\/\/kart-hornets.de\/index.php?rest_route=\/wp\/v2\/types\/page"}],"author":[{"embeddable":true,"href":"http:\/\/kart-hornets.de\/index.php?rest_route=\/wp\/v2\/users\/1"}],"replies":[{"embeddable":true,"href":"http:\/\/kart-hornets.de\/index.php?rest_route=%2Fwp%2Fv2%2Fcomments&post=216"}],"version-history":[{"count":3,"href":"http:\/\/kart-hornets.de\/index.php?rest_route=\/wp\/v2\/pages\/216\/revisions"}],"predecessor-version":[{"id":235,"href":"http:\/\/kart-hornets.de\/index.php?rest_route=\/wp\/v2\/pages\/216\/revisions\/235"}],"up":[{"embeddable":true,"href":"http:\/\/kart-hornets.de\/index.php?rest_route=\/wp\/v2\/pages\/233"}],"wp:attachment":[{"href":"http:\/\/kart-hornets.de\/index.php?rest_route=%2Fwp%2Fv2%2Fmedia&parent=216"}],"curies":[{"name":"wp","href":"https:\/\/api.w.org\/{rel}","templated":true}]}}