{"id":244,"date":"2016-10-19T13:53:33","date_gmt":"2016-10-19T13:53:33","guid":{"rendered":"http:\/\/kart-hornets.de\/?page_id=244"},"modified":"2016-10-19T13:53:33","modified_gmt":"2016-10-19T13:53:33","slug":"oldenzaal-juli-2016","status":"publish","type":"page","link":"http:\/\/kart-hornets.de\/?page_id=244","title":{"rendered":"Oldenzaal Juli 2016"},"content":{"rendered":"<p>Die Hornets k\u00e4mpfen sich in die neue Saison<\/p>\n<p>Das erste Rennen der Saison gingen wir in Oldenzaal an. Wo letztes Jahr noch gl\u00fchende Hitze herrschte, war es diesmal angenehm warm und es bestand immer die leise Angst (oder f\u00fcr manchen Hoffnung), dass es regnen w\u00fcrde.<\/p>\n<p>Zuerst gingen die 8 angetretenen Hornets ins Qualifiyng. Hier konnte Ralf beweisen, dass ihm die Strecke gut liegt und so fuhr er auf die Pole. Zweiter wurde Tobias vor Olli und Andreas. An 5ter Stelle folgte Stephan, dann Achim, Claas und Christian.<\/p>\n<p>So ging es dann nach kurzer Pause an die Startampel. Als diese dann erlosch, legte Olli einen Raketenstart hin und konnte Tobias, obwohl dieser innen dicht machte, dann noch locker aussen \u00fcberholen und sich hinter Ralf auf die 2 vork\u00e4mpfen. Dies war wohl auch sein Gl\u00fcck, verbremste Stephan sich vor Kurve 3 doch ordentlich und erwischte Andreas leichter, w\u00e4hrend er Tobias abr\u00e4umte, der ans Ende des Feldes fiel und deswegen entsprechend stinkig war.<br \/>\nAuch Claas drehte sich, allerdings ohne direkte Feindeinwirkung, sondern lediglich vor Schreck.<br \/>\nAchim konnte das Chaos nutzen und sich auf die 3 vorarbeiten.<br \/>\nDie durcheinander gew\u00fcrfelte Reihenfolge sah somit nach Kurve 3 wie folgt aus:<br \/>\nRalf, Olli, Achim, Christian (den es mitten ins Feld sp\u00fclte), Stephan, Andreas, Tobias und Claas.<br \/>\nIn der Folgezeit entbrannte aufgrund der aufgebrachten Gem\u00fcter nach Kurve 3 ein hei\u00dfer Tanz im Mittelfeld.<br \/>\nZuerst konnte Andreas Stephan wieder kassieren, der allerdings im Gegenzug sofort konterte und seine Position zuerst verteidigte.<\/p>\n<p>Nun war es an Stephan Christian zuzusetzen. Christian kam nach einer Ber\u00fchrung ein wenig raus, so dass Stephan durch gehen konnte. Auch Andreas konnte die Gunst der Stunde nutzen, setzte sich neben Christian und fuhr ihn ab.<br \/>\nIn der Folge kam es nun zum Kampf zwischen Achim und Andreas. Letzterer konnte sich neben Achim bremsen, allerdings nur daneben und aufgrund der Au\u00dfenbahn ging es nicht vorbei.<\/p>\n<p>Auch vorne kam es zum Versuch von Olli in F\u00fchrung zu gehen, er setzte an der ersten Kurve an, Ralf merkte jedoch nicht, dass Olli innen war, ber\u00fchrte ihn leicht, so dass Olli sich drehte. Gott sei Dank hatte Olli bereits genug Vorsprung um weiter Platz 2 inne zu haben.<\/p>\n<p>Im Mittelfeld wurde es nicht ruhiger, im Gegenteil: Teilweise geht das Feld mit 4 Karts neben und hintereinander auf engstem Raum in die Kurven, wer heil rauskommt kann sich froh sch\u00e4tzen!<br \/>\nSp\u00e4ter versucht Andreas es wieder gegen Achim, innen. Allerdings kann Achim kontert und Tobias nutzt die Gunst um Andreas zu kassieren.<\/p>\n<p>Danach attackiert Claas, der durch die K\u00e4mpfe vor ihm schon Stephan und Andreas \u00fcberholt hat, Tobias und dr\u00fcckt sich innen vor Start und Ziel hart an Tobias vorbei. Auch Andreas geht hier gegen Tobias vorbei, der kann allerdings auch kontern und bleibt vorne.<\/p>\n<p>Kurz darauf bekommt Andreas Besuch von Stephan, der sich hart gegen ihn durchdr\u00fcckt und somit Rang 4 inne hat.<\/p>\n<p>Claas greift weiter vorne Achim an, direkt dahinter Tobias, Andreas und Stephan.<br \/>\nAndreas kann nun Tobias \u00fcberholen und Claas, Achim und sichert sich so einen Podiumsplatz.<br \/>\nStephan versucht es erneut gegen Andreas und kann ihn \u00fcberholen. Kurz danach versucht er Achim zu schnappen, dabei ber\u00fchrt er Andreas und Tobias nutzt die Chance und geht vorbei.<br \/>\nKurz darauf setzt Stephan gegen Achim an. Als wieder 4 Karts in eine Kurve gehen und es zum unvermeindlichen kommt, kann Tobias Andreas hinter sich halten, allerdings ist Stephan wieder durch.<\/p>\n<p>Kurz darauf kommt es zu einer Ber\u00fchrung zwischen Achim und Tobias. Letzterer der sich auf halber H\u00f6he von Achim befand, blieb auf dem Gas als Achim davor ziehen wollte, so dass Achim sich wegdrehte. Andreas war nun neben Tobias, welcher ihn allerdings hart abf\u00e4hrt und damit auf Platz 5 kommt.<\/p>\n<p>Nach diesem letzten Kampf \u00e4nderte sich nichts mehr. Nach einem viel zu verbissen gef\u00fchrten Rennen mit einigen unsch\u00f6nen Szenen steht nun folgendes Endergebnis zu Buche:<\/p>\n<p>1) Ralf<br \/>\n2) Olli<br \/>\n3) Claas<br \/>\n4) Stephan<br \/>\n5) Tobias (mit schnellster Rennrunde)<br \/>\n6) Andreas<br \/>\n7) Christian<br \/>\n8) Achim<\/p>\n<p>Hier nochmal die lobende Erw\u00e4hnung von Christian, der sich tapfer im Mittelfeld schlug, allerdings aufgrund der bekannte Nachteile doch nicht dort halten konnte.<\/p>\n","protected":false},"excerpt":{"rendered":"<p>Die Hornets k\u00e4mpfen sich in die neue Saison Das erste Rennen der Saison gingen wir in Oldenzaal an. Wo letztes Jahr noch gl\u00fchende Hitze herrschte, war es diesmal angenehm warm und es bestand immer die leise Angst (oder f\u00fcr manchen Hoffnung), dass es regnen w\u00fcrde. Zuerst gingen die 8 angetretenen Hornets ins Qualifiyng. Hier konnte &hellip; <a href=\"http:\/\/kart-hornets.de\/?page_id=244\" class=\"more-link\"><span class=\"screen-reader-text\">Oldenzaal Juli 2016<\/span> weiterlesen <span class=\"meta-nav\">&rarr;<\/span><\/a><\/p>\n","protected":false},"author":1,"featured_media":0,"parent":0,"menu_order":0,"comment_status":"closed","ping_status":"closed","template":"","meta":{"jetpack_post_was_ever_published":false,"footnotes":""},"class_list":["post-244","page","type-page","status-publish","hentry"],"jetpack_sharing_enabled":true,"jetpack_shortlink":"https:\/\/wp.me\/PaboIV-3W","_links":{"self":[{"href":"http:\/\/kart-hornets.de\/index.php?rest_route=\/wp\/v2\/pages\/244","targetHints":{"allow":["GET"]}}],"collection":[{"href":"http:\/\/kart-hornets.de\/index.php?rest_route=\/wp\/v2\/pages"}],"about":[{"href":"http:\/\/kart-hornets.de\/index.php?rest_route=\/wp\/v2\/types\/page"}],"author":[{"embeddable":true,"href":"http:\/\/kart-hornets.de\/index.php?rest_route=\/wp\/v2\/users\/1"}],"replies":[{"embeddable":true,"href":"http:\/\/kart-hornets.de\/index.php?rest_route=%2Fwp%2Fv2%2Fcomments&post=244"}],"version-history":[{"count":1,"href":"http:\/\/kart-hornets.de\/index.php?rest_route=\/wp\/v2\/pages\/244\/revisions"}],"predecessor-version":[{"id":245,"href":"http:\/\/kart-hornets.de\/index.php?rest_route=\/wp\/v2\/pages\/244\/revisions\/245"}],"wp:attachment":[{"href":"http:\/\/kart-hornets.de\/index.php?rest_route=%2Fwp%2Fv2%2Fmedia&parent=244"}],"curies":[{"name":"wp","href":"https:\/\/api.w.org\/{rel}","templated":true}]}}