{"id":275,"date":"2017-03-19T14:11:36","date_gmt":"2017-03-19T14:11:36","guid":{"rendered":"http:\/\/kart-hornets.de\/?page_id=275"},"modified":"2017-03-19T14:52:47","modified_gmt":"2017-03-19T14:52:47","slug":"essen-bahn2-maerz-17","status":"publish","type":"page","link":"http:\/\/kart-hornets.de\/?page_id=275","title":{"rendered":"Essen Bahn2 M\u00e4rz `17"},"content":{"rendered":"<p>Das halbe Dutzend ist voll<br \/>\nIm Februar traf sich ein kl\u00e4glicher Rest der Hornets um in Essen den 9ten von 12 L\u00e4ufen zu bestreiten.<br \/>\nAuf Bahn 2 ging es diesmal mit 6 Startern ins Qualifiyng. Ralf konnte wieder mal die Pole f\u00fcr sich ergattern. Zweiter wurde Stephan, Dritter Claas. Peter kam auf Platz 4. Tobias war von der Zeit her eigentlich 5ter, hatte aber das Kart gewechselt und musst damit auf 6, w\u00e4hrend Olli von 5 startete.<br \/>\nSo ging es dann in das 20-min\u00fctige Rennen. Hinter dem E-Safetykart wurde die Einf\u00fchrungsrunde gefahren. Dicht an dicht dr\u00e4ngelte sich das Feld um ja nicht schon dort Boden zu verlieren.<br \/>\nAls das Safetykart die Meute freigab, ging es Sto\u00dfstange an Sto\u00dfstange in die ersten Kurven.<br \/>\nNach wenigen Kurven konnte sich Ralf schon leicht absetzen, Claas hing Stephan weiter im Nacken, gefolgt von Peter. Olli und Tobias hatten schon leichten R\u00fcckstand, da sie bereits da miteinander k\u00e4mpften. In Runde 3 oder 4 konnte Tobias dann Olli \u00fcberraschen:<br \/>\nEr ging in einem langen Linksknick schr\u00e4g neben ihn und konnte im Verauf der Kurve aufholen. Durch sp\u00e4teres Bremsen auf der Innenlinie musste Olli aufmachen und Tobias passieren lassen.<br \/>\nTobias nahm sofort die Verfolgung von Peter auf.<br \/>\nRalf konnte sich im weiteren Verlauf immer weiter von Stephan absetzen, der hingegen Claas im Nacken behielt. Peter musste leicht abrei\u00dfen lassen, sp\u00fcrte dann auch bald den hei\u00dfen Atem von Tobias hinter ihm.<br \/>\nDieser konnte im weiteren Verlauf immer n\u00e4her aufschlie\u00dfen.<br \/>\nOlli musste hingegen abrei\u00dfen lassen.<br \/>\nIm zweiten Teil des Rennens konnte Claas aufgrund nachlassender Reifen nicht mehr an Stephan dran bleiben. Jedoch hatte er den Vorteil, dass Tobias hinter ihm Peter beharkte. Er versuchte es an mehreren Stellen sich innen daneben zu setzen, um ein \u00e4hnliches Man\u00f6ver wie gegen Olli zu versuchen. Jedoch reichte es nie um wirklich ernsthaft anzusetzen ohne Peter und ihn selbst abzuschie\u00dfen. Peter lie\u00df sich von diesen Versuchen auch nicht irritieren und machte keinen gr\u00f6\u00dferen Fehler.<br \/>\nBeide Streith\u00e4hne kamen langsam aber sicher an Claas heran. Der Zweikampf zwischen den beiden gab Claas aber immer mal wieder Luft zum atmen.<\/p>\n","protected":false},"excerpt":{"rendered":"<p>Das halbe Dutzend ist voll Im Februar traf sich ein kl\u00e4glicher Rest der Hornets um in Essen den 9ten von 12 L\u00e4ufen zu bestreiten. Auf Bahn 2 ging es diesmal mit 6 Startern ins Qualifiyng. Ralf konnte wieder mal die Pole f\u00fcr sich ergattern. Zweiter wurde Stephan, Dritter Claas. Peter kam auf Platz 4. Tobias &hellip; <a href=\"http:\/\/kart-hornets.de\/?page_id=275\" class=\"more-link\"><span class=\"screen-reader-text\">Essen Bahn2 M\u00e4rz `17<\/span> weiterlesen <span class=\"meta-nav\">&rarr;<\/span><\/a><\/p>\n","protected":false},"author":1,"featured_media":0,"parent":233,"menu_order":0,"comment_status":"closed","ping_status":"closed","template":"","meta":{"jetpack_post_was_ever_published":false,"footnotes":""},"class_list":["post-275","page","type-page","status-publish","hentry"],"jetpack_sharing_enabled":true,"jetpack_shortlink":"https:\/\/wp.me\/PaboIV-4r","_links":{"self":[{"href":"http:\/\/kart-hornets.de\/index.php?rest_route=\/wp\/v2\/pages\/275","targetHints":{"allow":["GET"]}}],"collection":[{"href":"http:\/\/kart-hornets.de\/index.php?rest_route=\/wp\/v2\/pages"}],"about":[{"href":"http:\/\/kart-hornets.de\/index.php?rest_route=\/wp\/v2\/types\/page"}],"author":[{"embeddable":true,"href":"http:\/\/kart-hornets.de\/index.php?rest_route=\/wp\/v2\/users\/1"}],"replies":[{"embeddable":true,"href":"http:\/\/kart-hornets.de\/index.php?rest_route=%2Fwp%2Fv2%2Fcomments&post=275"}],"version-history":[{"count":4,"href":"http:\/\/kart-hornets.de\/index.php?rest_route=\/wp\/v2\/pages\/275\/revisions"}],"predecessor-version":[{"id":304,"href":"http:\/\/kart-hornets.de\/index.php?rest_route=\/wp\/v2\/pages\/275\/revisions\/304"}],"up":[{"embeddable":true,"href":"http:\/\/kart-hornets.de\/index.php?rest_route=\/wp\/v2\/pages\/233"}],"wp:attachment":[{"href":"http:\/\/kart-hornets.de\/index.php?rest_route=%2Fwp%2Fv2%2Fmedia&parent=275"}],"curies":[{"name":"wp","href":"https:\/\/api.w.org\/{rel}","templated":true}]}}