{"id":306,"date":"2017-06-06T17:54:07","date_gmt":"2017-06-06T17:54:07","guid":{"rendered":"http:\/\/kart-hornets.de\/?page_id=306"},"modified":"2017-06-06T17:59:09","modified_gmt":"2017-06-06T17:59:09","slug":"hagen-17","status":"publish","type":"page","link":"http:\/\/kart-hornets.de\/?page_id=306","title":{"rendered":"Hagen Mai`17"},"content":{"rendered":"<p>Peter wahrt seine Chance \u2013 schlechte Karts vermiesen manchen das Rennen<br \/>\nEnde April gings f\u00fcr die Hornissen in den vorletzten Lauf nach Hagen. Hier zeigte sich im Qualifying schon f\u00fcr manche, das ihr zugeteiltes Kart nicht die Creme de la Creme war.<br \/>\nPeter konnte souver\u00e4n vor Andi und Olli die Pole einfahren, Frank D. auf die 4.<br \/>\nClaas konnte 5ter werden, vor Tobi O., der Neuhornisse. Ralf konnte nur auf die 7 fahren, Stephan gar nur auf die 8. Christian wurde Neunter, Tobias R. wurde im Quali 10ter, tauschte aber das Kart und ging somit als Letzter ins Rennen. Gastfahrer Michael belegte im Quali Platz 11, startete durch die Strafe f\u00fcr Tobias R. aber als Vorletzter.<br \/>\nSo ging es dann ins Rennen. W\u00e4hrend an der Spitze zun\u00e4chst alles unver\u00e4ndert war, kam es am Ende des Feldes zu einem ersten Dreher. Michael versch\u00e4tzte sich in der 180 Grad und drehte sich, Tobias R. rauschte leicht in ihn hinein und ging vorbei. Dadurch hatte er bereits einen guten R\u00fcckstand auf das Feld.<br \/>\nIm weiteren Rennen konnte Peter sich immer weiter vom Feld absetzen. Andreas und Olli fochten einen hei\u00dfen Kampf aus, belauert durch Frank D. Olli konnte in der ersten von 3 180 Grad Kurven innen neben Andreas gehen. Der hatte allerdings in der n\u00e4chsten Kurve die innere Bahn f\u00fcr sich und Olli konnte nicht vorbei gehen. Fast konnte Frank D. noch durchgehen, aber die n\u00e4chste innere Kurve geh\u00f6rte dann Olli.<br \/>\nClaas als 5ter hatte weder gro\u00df mit Freund noch Feind zu k\u00e4mpfen.<br \/>\nTobi O. musste sich gegen Ralf verteidigen, was ihm am Anfang auch gelang.<br \/>\nIm hinteren Feld k\u00e4mpften Stephan und Christian gegeneinander.<br \/>\nTobias dahinter konnte die Geschwindigkeit auch mit dem zweiten Kart nicht mitgehen.<br \/>\nZur Mitte des Rennens versuchte Christian Stephan am Ende der Gegengeraden innen auszubremsen. Er kam nah ran, ging voll auf die Bremse, seine Hinterachse blockierte und er drehte sich weg. Dadurch konnte Tobias R. an ihm vorbei ziehen.<br \/>\nEtwas sp\u00e4ter passierte Tobi O. im Kampf gegen Ralf ein Fehler, er drehte sich. Dies konnte Stephan nutzen und vorbei gehen.<br \/>\nChristian k\u00e4mpfte sich tapfer immer n\u00e4her an Tobias R. ran. Dieser versuchte alles, doch k\u00e4mpfte mit stumpfen Waffen.<br \/>\nAuch Stephan hatte sich harter Angriffe zu erwehren.<br \/>\nAm Ende der Gegengeraden wollte Tobi O. sich innen reinbremsen, ging dabei \u00fcbers Limit und krachte in Stephan. Hier muss der Rookie noch etwas besonnener agieren. Er lie\u00df allerdings fairerweise Stephan ziehen, setzte sich dahinter.<br \/>\nDurch das Man\u00f6ver vermutlich etwas eingesch\u00fcchtert, wagte er kein erneutes Man\u00f6ver bis zum Ende des Rennens. Generell ist der Speed hier vorhanden, aber es fehlt wohl noch die \u00dcbung und der k\u00fchle Kopf im Rennen.<br \/>\nChristian kam Tobias R. immer n\u00e4her und n\u00e4her. Dieser lie\u00df ihn sp\u00e4ter relativ kampflos ziehen. <\/p>\n","protected":false},"excerpt":{"rendered":"<p>Peter wahrt seine Chance \u2013 schlechte Karts vermiesen manchen das Rennen Ende April gings f\u00fcr die Hornissen in den vorletzten Lauf nach Hagen. Hier zeigte sich im Qualifying schon f\u00fcr manche, das ihr zugeteiltes Kart nicht die Creme de la Creme war. Peter konnte souver\u00e4n vor Andi und Olli die Pole einfahren, Frank D. auf &hellip; <a href=\"http:\/\/kart-hornets.de\/?page_id=306\" class=\"more-link\"><span class=\"screen-reader-text\">Hagen Mai`17<\/span> weiterlesen <span class=\"meta-nav\">&rarr;<\/span><\/a><\/p>\n","protected":false},"author":1,"featured_media":0,"parent":0,"menu_order":0,"comment_status":"closed","ping_status":"closed","template":"","meta":{"jetpack_post_was_ever_published":false,"footnotes":""},"class_list":["post-306","page","type-page","status-publish","hentry"],"jetpack_sharing_enabled":true,"jetpack_shortlink":"https:\/\/wp.me\/PaboIV-4W","_links":{"self":[{"href":"http:\/\/kart-hornets.de\/index.php?rest_route=\/wp\/v2\/pages\/306","targetHints":{"allow":["GET"]}}],"collection":[{"href":"http:\/\/kart-hornets.de\/index.php?rest_route=\/wp\/v2\/pages"}],"about":[{"href":"http:\/\/kart-hornets.de\/index.php?rest_route=\/wp\/v2\/types\/page"}],"author":[{"embeddable":true,"href":"http:\/\/kart-hornets.de\/index.php?rest_route=\/wp\/v2\/users\/1"}],"replies":[{"embeddable":true,"href":"http:\/\/kart-hornets.de\/index.php?rest_route=%2Fwp%2Fv2%2Fcomments&post=306"}],"version-history":[{"count":3,"href":"http:\/\/kart-hornets.de\/index.php?rest_route=\/wp\/v2\/pages\/306\/revisions"}],"predecessor-version":[{"id":310,"href":"http:\/\/kart-hornets.de\/index.php?rest_route=\/wp\/v2\/pages\/306\/revisions\/310"}],"wp:attachment":[{"href":"http:\/\/kart-hornets.de\/index.php?rest_route=%2Fwp%2Fv2%2Fmedia&parent=306"}],"curies":[{"name":"wp","href":"https:\/\/api.w.org\/{rel}","templated":true}]}}