{"id":324,"date":"2017-07-01T19:49:15","date_gmt":"2017-07-01T19:49:15","guid":{"rendered":"http:\/\/kart-hornets.de\/?page_id=324"},"modified":"2017-07-01T19:49:15","modified_gmt":"2017-07-01T19:49:15","slug":"saison-abschluss-alfsee-17","status":"publish","type":"page","link":"http:\/\/kart-hornets.de\/?page_id=324","title":{"rendered":"Saison Abschluss Alfsee `17"},"content":{"rendered":"<p>Ralf oder Peter? Wer holt den Pott?<\/p>\n<p>Mitte Juni trafen sich die Hornets zum letzten Rennen der Saison 2016\/2017. Um noch die Meisterschaft zu gewinnen, musste Peter alles geben, lag er doch schon 8 Punkte hinter Ralf.<br \/>\nAuch auf den weiteren Pl\u00e4tzen war noch was drin. Claas lag nur 4 Punkte hinter Stephan auf Rang 4 und auch Olli rechnete sich mit 7 Punkten R\u00fcckstand auf Claas noch was aus.<\/p>\n<p>Doch bereits das Quali schien so manche Hoffnung zu zerst\u00f6ren: Claas konnte sich nur auf Platz 9 qualifizieren, w\u00e4hrend Stephan auf Platz 2 landete. Peter spuckte ein verbogenes Plastikschild in die Suppe. Dieses klemmte hinter seinem Gaspedal fest. Was f\u00fcr den Laien nach keinem gro\u00dfen Problem dar aussieht, ist f\u00fcr den Profi eine Katastrophe. Prompt baute Peter auch einen Crash und konnte lediglich auf Platz 8 fahren w\u00e4hrend Ralf auf Rang 4 startete. Es sah wirklich nicht gut aus f\u00fcr Peter. Lediglich Olli, der von 6 startete, konnte vor seinem Konkurrenten Claas starten.<\/p>\n<p>Es ergab sich folgende Startaufstellung:<br \/>\n1) Frank D.<br \/>\n2) Stephan<br \/>\n3) Tobi O.<br \/>\n4) Ralf<br \/>\n5) Tobias R.<br \/>\n6) Andreas<br \/>\n7) Olli<br \/>\n8) Peter<br \/>\n9) Claas<br \/>\n10) Achim<br \/>\n11) Karina<br \/>\n12) Lousia<\/p>\n<p>So ging es dann auch ins Rennen. Peter hatte vorher noch intensiv in der Box schrauben lassen, um das Problem zu beheben und hoffte auf das Beste.<\/p>\n<p>Am Start kam die Spitze gut weg, die ersten 4 konnten ihre Pl\u00e4tze behaupten. Andreas konnte allerdings direkt Tobias R. \u00fcberholen, der zugleich von hinten Besuch bekam. Er konnte sich als 6ter in die zweite Kurve retten. Peter versuchte sofort alles um nach vorne zu kommen. Er war in der Mitte, Achim links und Claas leider zu weit rechts. Claas ging damit in die Bande, was Olli in die Karten spielte. Peter verlor dadurch auch eine Position an Achim. Dieser konnte an Olli dran bleiben. Der Gesamtf\u00fchrende, Ralf, blieb von all dem Trubel verschont.<br \/>\nIn der Folgezeit setzte Olli zusammen mit Achim Tobias R. unter Druck und konnte vorbei gehen. Doch einige Runden sp\u00e4ter konnte Tobias R. Olli an derselben Stelle seine angestammte Position wieder einnehmen. Vorne weiter ging Tobi O. die Geschwindigkeit von Stephan mit, konnte sie aber nicht in einen Positionsgewinn m\u00fcnzen.<br \/>\nIn der Zwischenzeit k\u00e4mpfte sich Peter an Achim, Olli und Tobias R. ran. Mit jeder Runde schrumpften seine Chancen, doch er gab nicht auf. So \u00fcberholte er erst Achim und dann auch Olli. Als n\u00e4chster folgte Tobias R., den er geschickt ausfuhr und sich auf Rang 6 vorschob. Nun war es ein langer Weg weiter nach vorn.<br \/>\nTobias R. konnte irgendwann den Speed nicht mehr gehen und wurde wieder von Olli kassiert. Aber auch Claas, Ollis direkter Konkurrent, konnte wieder einen Platz gewinnen.<br \/>\nPeter versuchte alles und konnte den Abstand zur Spitzengruppe Runde f\u00fcr Runde verringern. Aufgeben geh\u00f6rt sicher nicht zu seinem Repertoire.<br \/>\nIn einem Spielfilm h\u00e4tte Peter jetzt sicher Andreas, Ralf und alle anderen \u00fcberholt und Frank D. auf der Ziellinie stehen gelassen.<br \/>\nDoch leider ist das Leben kein Film.<br \/>\nPeter versuchte sicherlich alles, doch leider ging es nicht weiter als Platz 6 nach vorne.<br \/>\nEs ging wie folgt ins Ziel:<\/p>\n<p>1) Frank D.<br \/>\n2) Stephan<br \/>\n3) Tobi O.<br \/>\n4) Ralf<br \/>\n5) Andreas<br \/>\n6) Peter<br \/>\n7) Olli<br \/>\n8) Tobias R.<br \/>\n9) Achim<br \/>\n10) Karina<br \/>\n11) Claas<br \/>\n12) Louisa<\/p>\n<p>Nat\u00fcrlich w\u00e4re es sch\u00f6n gewesen \u00fcber einen Husarenritt zu berichten, aber man darf nicht verkennen, dass Ralf eine starke Saison mit 6 Siegen gefahren ist. Auch auf den hinteren Pl\u00e4tzen tat sich nichts mehr. Claas konnte nicht an Stephan und Olli nicht an Claas vorbei gehen.<br \/>\nDas Podium der Saison:<\/p>\n<p>1) Ralf<br \/>\n2) Peter<br \/>\n3) Stephan<\/p>\n<p>Nach einem tollen Abschlu\u00df freuen wir uns auf die neue Saison. Es hat wie immer tierisch Spa\u00df gemacht. Einen Gl\u00fcckwunsch an die Leute auf dem Podium!<br \/>\nAuch freuen wir uns \u00fcber die 3 hoffentlich neuen Stammfahrer(innen) Tobi O., Karina und Louisa!<\/p>\n","protected":false},"excerpt":{"rendered":"<p>Ralf oder Peter? Wer holt den Pott? Mitte Juni trafen sich die Hornets zum letzten Rennen der Saison 2016\/2017. Um noch die Meisterschaft zu gewinnen, musste Peter alles geben, lag er doch schon 8 Punkte hinter Ralf. Auch auf den weiteren Pl\u00e4tzen war noch was drin. Claas lag nur 4 Punkte hinter Stephan auf Rang &hellip; <a href=\"http:\/\/kart-hornets.de\/?page_id=324\" class=\"more-link\"><span class=\"screen-reader-text\">Saison Abschluss Alfsee `17<\/span> weiterlesen <span class=\"meta-nav\">&rarr;<\/span><\/a><\/p>\n","protected":false},"author":1,"featured_media":0,"parent":0,"menu_order":0,"comment_status":"closed","ping_status":"closed","template":"","meta":{"jetpack_post_was_ever_published":false,"footnotes":""},"class_list":["post-324","page","type-page","status-publish","hentry"],"jetpack_sharing_enabled":true,"jetpack_shortlink":"https:\/\/wp.me\/PaboIV-5e","_links":{"self":[{"href":"http:\/\/kart-hornets.de\/index.php?rest_route=\/wp\/v2\/pages\/324","targetHints":{"allow":["GET"]}}],"collection":[{"href":"http:\/\/kart-hornets.de\/index.php?rest_route=\/wp\/v2\/pages"}],"about":[{"href":"http:\/\/kart-hornets.de\/index.php?rest_route=\/wp\/v2\/types\/page"}],"author":[{"embeddable":true,"href":"http:\/\/kart-hornets.de\/index.php?rest_route=\/wp\/v2\/users\/1"}],"replies":[{"embeddable":true,"href":"http:\/\/kart-hornets.de\/index.php?rest_route=%2Fwp%2Fv2%2Fcomments&post=324"}],"version-history":[{"count":1,"href":"http:\/\/kart-hornets.de\/index.php?rest_route=\/wp\/v2\/pages\/324\/revisions"}],"predecessor-version":[{"id":325,"href":"http:\/\/kart-hornets.de\/index.php?rest_route=\/wp\/v2\/pages\/324\/revisions\/325"}],"wp:attachment":[{"href":"http:\/\/kart-hornets.de\/index.php?rest_route=%2Fwp%2Fv2%2Fmedia&parent=324"}],"curies":[{"name":"wp","href":"https:\/\/api.w.org\/{rel}","templated":true}]}}