{"id":443,"date":"2018-08-17T06:40:42","date_gmt":"2018-08-17T06:40:42","guid":{"rendered":"http:\/\/kart-hornets.de\/?page_id=443"},"modified":"2018-08-17T07:26:22","modified_gmt":"2018-08-17T07:26:22","slug":"oldenzaal-2018","status":"publish","type":"page","link":"http:\/\/kart-hornets.de\/?page_id=443","title":{"rendered":"Oldenzaal 2018"},"content":{"rendered":"<p>Nach dem erfolgreichen Abschluss der Saison 2017\/2018 ging es f\u00fcr die Kart-Hornets Anfang Juli nach Oldenzaal zum Auftakt der Saison 2018\/2019. Die Motivation war gro\u00df: strahlender Sonnenschein bei hohen Temperaturen, neue Leihkarts vor Ort und eine zur\u00fcckgesetzte Punktetabelle.<br \/>\nNeben Frank und Christian verpasste leider auch Vorjahreszweiter Andreas den Saisonauftakt, allerdings kehrten mit Mario, der lange verletzungsbedingt pausieren musste, und Tobias, der einige private Dinge aussortieren konnte, zwei altbekannte Gesichter in den Rennbetrieb zur\u00fcck. Zudem griffen mit Stefan K. und Alexander P. zwei neue Gesichter in ihrer ersten offiziellen Saison f\u00fcr die Hornets ins Lenkrad.<\/p>\n<p>Als siebenmaliger Sieger aus der Vorsaison und somit amtierender Champion war es Peter, der als Favorit in das erste Qualifying der neuen Saison startete, doch es war besagter Stefan K., der f\u00fcr Furore sorgte und sich in seinem ersten Qualifying die erste Pole sicherte. Neben ihm auf Platz 2 qualifizierte sich Tobias mit einer starken Runde. In der einst\u00fcndigen Pause zwischen Qualifikation und Rennen entschied sich Oliver dazu, das Kart zu wechseln und nahm das Rennen daher vom letzten Platz hinter Mario, der das Qualifying verpasste, in Angriff.<\/p>\n<p>Nach der Einf\u00fchrungsrunde nahm jeder seinen Startplatz ein, der Adrenalinpegel stieg, auch deshalb, weil die Ampel lange verz\u00f6gerte, bis die Lichter ausgingen. Und dann war das Rennen freigegeben: Stefan konnte seine F\u00fchrung erfolgreich verteidigen, dahinter kam es zu einigen Zweik\u00e4mpfen. Zu den Verlierern des Starts geh\u00f6rten Tobias, der mit seinem Kart zu k\u00e4mpfen hatte und nach und nach durchgereicht wurde, sowie Alexander, der nach einem Duell mit Ralf von der Strecke abkam und sich zwischenzeitlich abgeschlagen mit dem letzten Platz begn\u00fcgen musste. An der Spitze kontrollierte Stefan das Rennen. Eine Kontrolle, die er bis zum Ende des Rennens nicht mehr abgeben sollte. Er schaffte den Auftakt nach Ma\u00df und gewann vor Peter und Stephan Z.. Vierter wurde Claas. Einen starken f\u00fcnften Platz belegte Oliver, der sich nach seinem Kartwechsel sehr wohl f\u00fchlte und von ganz hinten durch das Feld pfl\u00fcgte. Tobias wurde Sechster vor Ralf, der ebenfalls zu k\u00e4mpfen hatte, aber den siebten Platz vor Alexander ins Ziel rettete. Das Schlusslicht bildete heute Mario.<br \/>\nDamit ist Stefan K. der erste Meisterschaftsf\u00fchrende der Saison.<\/p>\n<p>Geschrieben von Alex P.<\/p>\n","protected":false},"excerpt":{"rendered":"<p>Nach dem erfolgreichen Abschluss der Saison 2017\/2018 ging es f\u00fcr die Kart-Hornets Anfang Juli nach Oldenzaal zum Auftakt der Saison 2018\/2019. Die Motivation war gro\u00df: strahlender Sonnenschein bei hohen Temperaturen, neue Leihkarts vor Ort und eine zur\u00fcckgesetzte Punktetabelle. Neben Frank und Christian verpasste leider auch Vorjahreszweiter Andreas den Saisonauftakt, allerdings kehrten mit Mario, der lange &hellip; <a href=\"http:\/\/kart-hornets.de\/?page_id=443\" class=\"more-link\"><span class=\"screen-reader-text\">Oldenzaal 2018<\/span> weiterlesen <span class=\"meta-nav\">&rarr;<\/span><\/a><\/p>\n","protected":false},"author":1,"featured_media":0,"parent":0,"menu_order":0,"comment_status":"closed","ping_status":"closed","template":"","meta":{"jetpack_post_was_ever_published":false,"footnotes":""},"class_list":["post-443","page","type-page","status-publish","hentry"],"jetpack_sharing_enabled":true,"jetpack_shortlink":"https:\/\/wp.me\/PaboIV-79","_links":{"self":[{"href":"http:\/\/kart-hornets.de\/index.php?rest_route=\/wp\/v2\/pages\/443","targetHints":{"allow":["GET"]}}],"collection":[{"href":"http:\/\/kart-hornets.de\/index.php?rest_route=\/wp\/v2\/pages"}],"about":[{"href":"http:\/\/kart-hornets.de\/index.php?rest_route=\/wp\/v2\/types\/page"}],"author":[{"embeddable":true,"href":"http:\/\/kart-hornets.de\/index.php?rest_route=\/wp\/v2\/users\/1"}],"replies":[{"embeddable":true,"href":"http:\/\/kart-hornets.de\/index.php?rest_route=%2Fwp%2Fv2%2Fcomments&post=443"}],"version-history":[{"count":2,"href":"http:\/\/kart-hornets.de\/index.php?rest_route=\/wp\/v2\/pages\/443\/revisions"}],"predecessor-version":[{"id":452,"href":"http:\/\/kart-hornets.de\/index.php?rest_route=\/wp\/v2\/pages\/443\/revisions\/452"}],"wp:attachment":[{"href":"http:\/\/kart-hornets.de\/index.php?rest_route=%2Fwp%2Fv2%2Fmedia&parent=443"}],"curies":[{"name":"wp","href":"https:\/\/api.w.org\/{rel}","templated":true}]}}