{"id":482,"date":"2018-11-04T09:08:25","date_gmt":"2018-11-04T09:08:25","guid":{"rendered":"http:\/\/kart-hornets.de\/?page_id=482"},"modified":"2018-11-04T09:08:25","modified_gmt":"2018-11-04T09:08:25","slug":"bueren-2018","status":"publish","type":"page","link":"http:\/\/kart-hornets.de\/?page_id=482","title":{"rendered":"B\u00fcren 2018"},"content":{"rendered":"<p>Rennbericht B\u00fcren<\/p>\n<p>B\u00fcren war die Adresse, die die Kart Hornets am 06.10.18 f\u00fcr ihren vierten Saisonlauf ansteuerten. Die Meisterschaftssituation war spannend wie eh und je und zur Freude aller war das Fahrerfeld mit zw\u00f6lf Teilnehmern gut besetzt. Neben Kai D., der als Neuling in den Rennbetrieb der Hornets einstieg, kehrte auch der Vorjahreszweite Andreas zur\u00fcck, nachdem er die ersten drei Rennen der Saison 18\/19 pausieren musste.<\/p>\n<p>Besagtem Andreas gelang die Traumr\u00fcckkehr, als er sich in seinem ersten Qualifying seit drei Monaten die Pole Position vor Peter sichern konnte. Ein gelungenes Deb\u00fct feierte auch Kai, der sein Kart auf dem dritten Rang platzierte. Hinter Stephan und Gastfahrer Tobias platzierten sich in sehr engen Zeitabst\u00e4nden Oliver, Alex, Claas, Tobias R. und Stefan K. auf den Pl\u00e4tzen sechs bis zehn. Die Pl\u00e4tze elf und zw\u00f6lf gingen an Christian und Klaus.<\/p>\n<p>Das Rennen, das durch einen Streckenposten freigegeben worden war, indem er die Start\/Zielflagge zu Boden f\u00fchrte, bis sie diesen ber\u00fchrte, startete ereignisreich: Vorne konnte Peter sich die F\u00fchrung von Andreas erk\u00e4mpfen, Alex verlor nach einem \u00dcberholversuch gegen Oliver zwei Pl\u00e4tze an Claas und Tobias R. Die hinteren Pl\u00e4tze blieben unver\u00e4ndert bei Klaus und Christian. Das gleiche galt f\u00fcr die Pl\u00e4tze Drei bis F\u00fcnf.<\/p>\n<p>Im Verlauf des Rennens versuchte Alex an gleicher Stelle wie am Start ein \u00dcberholman\u00f6ver gegen Tobias R. zu vollziehen, scheiterte abermals und wurde von Stefan K., der seine Chance sah und nutzte, mit einem weiteren Platzverlust bestraft. Davor konnte Claas auf der schnellen Strecke mit vielen Unebenheiten, die den Fahrern alles abverlangte, seinen siebten Rang erfolgreich gegen die hinter ihm fahrende Gruppe verteidigen. Oliver, der im Rennen stark performanceverbessert unterwegs war, scheiterte knapp auf seiner Jagd nach den Top F\u00fcnf. Gastfahrer Tobias wurde F\u00fcnfter hinter Stephan. Kai fuhr in seinem ersten Rennen souver\u00e4n auf Platz Drei. An der Spitze tobte ein spannendes Duell: Andreas konnte den am Start verlorenen Platz von Peter zur\u00fcckerobern, welcher daraufhin alles versuchte, um Andreas den Sieg noch einmal streitig zu machen, am Ende jedoch erfolglos blieb. Damit feierte Andreas bei seinem Comeback direkt einen Sieg. Genauso konnte Kai bei seinem Deb\u00fct direkt ein souver\u00e4nes Podium hinter dem zweitplatzierten Peter einfahren.<\/p>\n<p>In der Meisterschaft kann sich Peter mit diesem Ergebnis &#8211; wenn auch nur leicht &#8211; von seinen Konkurrenten absetzen. Stephan verliert vier Punkte auf Peter, w\u00e4hrend man Stefan K. mit seinem neunten Platz zu den Verlierern des Tages z\u00e4hlen muss.<\/p>\n<p>geschrieben von Alex<\/p>\n","protected":false},"excerpt":{"rendered":"<p>Rennbericht B\u00fcren B\u00fcren war die Adresse, die die Kart Hornets am 06.10.18 f\u00fcr ihren vierten Saisonlauf ansteuerten. Die Meisterschaftssituation war spannend wie eh und je und zur Freude aller war das Fahrerfeld mit zw\u00f6lf Teilnehmern gut besetzt. Neben Kai D., der als Neuling in den Rennbetrieb der Hornets einstieg, kehrte auch der Vorjahreszweite Andreas zur\u00fcck, &hellip; <a href=\"http:\/\/kart-hornets.de\/?page_id=482\" class=\"more-link\"><span class=\"screen-reader-text\">B\u00fcren 2018<\/span> weiterlesen <span class=\"meta-nav\">&rarr;<\/span><\/a><\/p>\n","protected":false},"author":1,"featured_media":0,"parent":0,"menu_order":0,"comment_status":"closed","ping_status":"closed","template":"","meta":{"jetpack_post_was_ever_published":false,"footnotes":""},"class_list":["post-482","page","type-page","status-publish","hentry"],"jetpack_sharing_enabled":true,"jetpack_shortlink":"https:\/\/wp.me\/PaboIV-7M","_links":{"self":[{"href":"http:\/\/kart-hornets.de\/index.php?rest_route=\/wp\/v2\/pages\/482","targetHints":{"allow":["GET"]}}],"collection":[{"href":"http:\/\/kart-hornets.de\/index.php?rest_route=\/wp\/v2\/pages"}],"about":[{"href":"http:\/\/kart-hornets.de\/index.php?rest_route=\/wp\/v2\/types\/page"}],"author":[{"embeddable":true,"href":"http:\/\/kart-hornets.de\/index.php?rest_route=\/wp\/v2\/users\/1"}],"replies":[{"embeddable":true,"href":"http:\/\/kart-hornets.de\/index.php?rest_route=%2Fwp%2Fv2%2Fcomments&post=482"}],"version-history":[{"count":1,"href":"http:\/\/kart-hornets.de\/index.php?rest_route=\/wp\/v2\/pages\/482\/revisions"}],"predecessor-version":[{"id":483,"href":"http:\/\/kart-hornets.de\/index.php?rest_route=\/wp\/v2\/pages\/482\/revisions\/483"}],"wp:attachment":[{"href":"http:\/\/kart-hornets.de\/index.php?rest_route=%2Fwp%2Fv2%2Fmedia&parent=482"}],"curies":[{"name":"wp","href":"https:\/\/api.w.org\/{rel}","templated":true}]}}