{"id":484,"date":"2018-11-04T09:09:06","date_gmt":"2018-11-04T09:09:06","guid":{"rendered":"http:\/\/kart-hornets.de\/?page_id=484"},"modified":"2018-11-04T09:09:06","modified_gmt":"2018-11-04T09:09:06","slug":"herne-2018","status":"publish","type":"page","link":"http:\/\/kart-hornets.de\/?page_id=484","title":{"rendered":"Herne 2018"},"content":{"rendered":"<p>Rennbericht Herne<\/p>\n<p>Am 03.11.18 waren die Kart Hornets f\u00fcr ihren f\u00fcnften Saisonlauf der Saison 18\/19 in Herne zu Gast. Mit zw\u00f6lf Fahrern konnte auf der sehr technischen, engen Strecke wieder auf ein gro\u00dfes Teilnehmerfeld zur\u00fcckgegriffen werden. Mit Carsten stie\u00df ein weiterer Neuling zu den Hornets, ebenso griff Ralf wieder ins Lenkrad, w\u00e4hrend Vormonatssieger Andreas leider wieder verhindert war.<\/p>\n<p>In dem zehnmin\u00fctigen Qualifying setzte sich Peter gegen seine beiden Konkurrenten Stephan und Stefan K. durch. Mit einer pers\u00f6nlichen Bestzeit in seiner letzten gezeiteten Runde verwies Oliver Alex und Kai auf die Pl\u00e4tze F\u00fcnf und Sechs. Claas wurde Siebter vor Ralf und Tobias. Carsten komplettierte die ersten Zehn und startete vor Christian und Klaus.<\/p>\n<p>Bei dem fliegenden Start, der das Rennen einleitete, tat sich nichts. Die Pl\u00e4tze Zw\u00f6lf bis Sieben blieben unver\u00e4ndert. Speziell der siebtplatzierte Claas konnte sich von seinen Verfolgern absetzen, das Tempo der Vorderm\u00e4nner aber nicht ganz mitgehen. Kai, Alex und Oliver lieferten sich einen Dreikampf um Platz Vier, ehe Kai in der zweiten Rennh\u00e4lfte etwas abrei\u00dfen lassen musste. Oliver behielt die Ruhe gegen\u00fcber seinem Hintermann und fuhr vor Alex auf Platz Vier \u00fcber die Ziellinie. Die Top Drei lieferten sich nicht nur einen spannenden Kampf um den Rennsieg, sondern auch in der Meisterschaft ging es darum, Punkte auf die jeweiligen Konkurrenten gutzumachen. Die Drei schenkten sich nichts und befanden sich in unmittelbarer Schlagdistanz zueinander, bis Stephan Peter nach einer \u00dcberrundung ziehen lassen musste. Peter gewann das Rennen schlie\u00dflich vor Stephan, der sein Kart nur zwei Zehntel vor Stefan K. \u00fcber die Ziellinie bef\u00f6rderte, nachdem dieser sich zumindest die schnellste Rennrunde sichern konnte.<\/p>\n<p>Damit kann Peter seinen Vorsprung gegen\u00fcber Stephan auf sechs Punkte ausbauen. Stefan K. verliert zwei weitere Punkte auf seine beiden Kontrahenten, zeigt aber immerhin, dass mit ihm weiterhin zu rechnen ist.<\/p>\n","protected":false},"excerpt":{"rendered":"<p>Rennbericht Herne Am 03.11.18 waren die Kart Hornets f\u00fcr ihren f\u00fcnften Saisonlauf der Saison 18\/19 in Herne zu Gast. Mit zw\u00f6lf Fahrern konnte auf der sehr technischen, engen Strecke wieder auf ein gro\u00dfes Teilnehmerfeld zur\u00fcckgegriffen werden. Mit Carsten stie\u00df ein weiterer Neuling zu den Hornets, ebenso griff Ralf wieder ins Lenkrad, w\u00e4hrend Vormonatssieger Andreas leider &hellip; <a href=\"http:\/\/kart-hornets.de\/?page_id=484\" class=\"more-link\"><span class=\"screen-reader-text\">Herne 2018<\/span> weiterlesen <span class=\"meta-nav\">&rarr;<\/span><\/a><\/p>\n","protected":false},"author":1,"featured_media":0,"parent":0,"menu_order":0,"comment_status":"closed","ping_status":"closed","template":"","meta":{"jetpack_post_was_ever_published":false,"footnotes":""},"class_list":["post-484","page","type-page","status-publish","hentry"],"jetpack_sharing_enabled":true,"jetpack_shortlink":"https:\/\/wp.me\/PaboIV-7O","_links":{"self":[{"href":"http:\/\/kart-hornets.de\/index.php?rest_route=\/wp\/v2\/pages\/484","targetHints":{"allow":["GET"]}}],"collection":[{"href":"http:\/\/kart-hornets.de\/index.php?rest_route=\/wp\/v2\/pages"}],"about":[{"href":"http:\/\/kart-hornets.de\/index.php?rest_route=\/wp\/v2\/types\/page"}],"author":[{"embeddable":true,"href":"http:\/\/kart-hornets.de\/index.php?rest_route=\/wp\/v2\/users\/1"}],"replies":[{"embeddable":true,"href":"http:\/\/kart-hornets.de\/index.php?rest_route=%2Fwp%2Fv2%2Fcomments&post=484"}],"version-history":[{"count":1,"href":"http:\/\/kart-hornets.de\/index.php?rest_route=\/wp\/v2\/pages\/484\/revisions"}],"predecessor-version":[{"id":485,"href":"http:\/\/kart-hornets.de\/index.php?rest_route=\/wp\/v2\/pages\/484\/revisions\/485"}],"wp:attachment":[{"href":"http:\/\/kart-hornets.de\/index.php?rest_route=%2Fwp%2Fv2%2Fmedia&parent=484"}],"curies":[{"name":"wp","href":"https:\/\/api.w.org\/{rel}","templated":true}]}}