{"id":492,"date":"2018-12-03T18:51:30","date_gmt":"2018-12-03T18:51:30","guid":{"rendered":"http:\/\/kart-hornets.de\/?page_id=492"},"modified":"2018-12-03T18:51:30","modified_gmt":"2018-12-03T18:51:30","slug":"nettedrom-2018","status":"publish","type":"page","link":"http:\/\/kart-hornets.de\/?page_id=492","title":{"rendered":"Nettedrom 2018"},"content":{"rendered":"<p>Rennbericht Osnabr\u00fcck<\/p>\n<p>Am 01.12.2018 sollte das Rennen auf der heimischen E-Kartbahn des Nettedroms in Osnabr\u00fcck die erste H\u00e4lfte der laufenden Saison 2018\/19 f\u00fcr die Kart-Hornets besiegeln. Da jeder Fahrer &#8211; abgesehen von Frank, der zur Freude aller nach langer Abwesenheit wieder ins Lenkrad greifen konnte &#8211; sehr gut mit der Strecke vertraut war, war die Anspannung vor dem Rennen bei allen Teilnehmern besonders gro\u00df.<\/p>\n<p>In dem wohl bisher spannendsten Qualifying der Saison, in dem die ersten Vier durch eineinhalb Zehntel getrennt wurden, konnte sich Kai mit einer halben Zehntel vor Stephan den ersten Startplatz sichern. Dieser wiederum verwies Alex mit einem Vorsprung von lediglich drei Tausendstelsekunden auf Platz Drei. Eine Zehntel langsamer als die Top Drei reihte sich Peter auf dem Vierten Platz ein. Den ersten Vier folgten Oliver auf Platz F\u00fcnf, Carsten auf Platz Sechs, Siebter wurde Tobias vor Claas und Andreas. Christian komplettierte die Top Zehn und qualifizierte sich vor Frank und Stefan K.<\/p>\n<p>In einem engen, umk\u00e4mpften Rennen, das mehr von der Spannung und dem geringen Leistungsgef\u00e4lle als von zahlreichen \u00dcberholman\u00f6vern lebte, musste sich Stefan K. mit dem zw\u00f6lften Platz abfinden. Davor gelang es Frank, Christian zu kassieren, so dass er Zehnter wurde. Nach einem Blitzstart konnte Andreas an Claas vorbeiziehen und tauschte mit ihm die Pl\u00e4tze Acht und Neun. Davor hielten Tobias, Carsten und Oliver ihre Startpl\u00e4tze Sieben, Sechs und F\u00fcnf. Die schnellsten Vier enteilten dem Rest des Feldes. Nachdem sich Kai in den ersten Runden schwer tat, fand er nach und nach seinen Rhythmus. Er verteidigte am Start die F\u00fchrung und fand im Laufe des Rennens zu einem Tempo, das nur Stephan mitgehen konnte. Dahinter konnte Alex nur zu Beginn des Rennens, den Anschluss an das F\u00fchrungsduo halten. Nach einem gescheiterten \u00dcberholversuch gegen Stephan entstand eine kleine L\u00fccke, die er nicht mehr schlie\u00dfen konnte, so dass er sich fortan gegen Peter wehren musste, der seinerseits trotz Schwierigkeiten mit dem Kart viel Druck auf Alex aus\u00fcben konnte. Doch auch Peter musste Alex im letzten Renndrittel ziehen lassen. An der Spitze lieferten sich Stephan und Kai ein intensives Duell: Mit abwechselnden Bestzeiten bereiteten sie sich gegenseitig ein schweres Rennen und Kai wusste, dass ihn der kleinste Fehler den Sieg kosten w\u00fcrde. Schlussendlich behielt er aber die Nerven und rettete den Sieg vor Stephan ins Ziel.<\/p>\n<p>Anschlie\u00dfend konnte bei der Weihnachtsfeier beim gem\u00fctlichen Beisammensein noch die Meisterschaftssituation diskutiert werden: In dieser muss der auf Platz F\u00fcnf liegende Claas versuchen, seine Verfolger um Alex, Kai und Tobias in Schach zu halten. Davor konnte Oliver zu Stefan K. aufschlie\u00dfen und im Kampf um den Titel konnte Stephan wertvolle Punkte auf Peter gutmachen. Auf Grund des j\u00fcngsten Ergebnisses konnte er den R\u00fcckstand auf zwei Punkte reduzieren, womit eine spannende zweite Saisonh\u00e4lfte garantiert ist.<\/p>\n<p>Geschrieben von Alex<\/p>\n","protected":false},"excerpt":{"rendered":"<p>Rennbericht Osnabr\u00fcck Am 01.12.2018 sollte das Rennen auf der heimischen E-Kartbahn des Nettedroms in Osnabr\u00fcck die erste H\u00e4lfte der laufenden Saison 2018\/19 f\u00fcr die Kart-Hornets besiegeln. Da jeder Fahrer &#8211; abgesehen von Frank, der zur Freude aller nach langer Abwesenheit wieder ins Lenkrad greifen konnte &#8211; sehr gut mit der Strecke vertraut war, war die &hellip; <a href=\"http:\/\/kart-hornets.de\/?page_id=492\" class=\"more-link\"><span class=\"screen-reader-text\">Nettedrom 2018<\/span> weiterlesen <span class=\"meta-nav\">&rarr;<\/span><\/a><\/p>\n","protected":false},"author":1,"featured_media":0,"parent":0,"menu_order":0,"comment_status":"closed","ping_status":"closed","template":"","meta":{"jetpack_post_was_ever_published":false,"footnotes":""},"class_list":["post-492","page","type-page","status-publish","hentry"],"jetpack_sharing_enabled":true,"jetpack_shortlink":"https:\/\/wp.me\/PaboIV-7W","_links":{"self":[{"href":"http:\/\/kart-hornets.de\/index.php?rest_route=\/wp\/v2\/pages\/492","targetHints":{"allow":["GET"]}}],"collection":[{"href":"http:\/\/kart-hornets.de\/index.php?rest_route=\/wp\/v2\/pages"}],"about":[{"href":"http:\/\/kart-hornets.de\/index.php?rest_route=\/wp\/v2\/types\/page"}],"author":[{"embeddable":true,"href":"http:\/\/kart-hornets.de\/index.php?rest_route=\/wp\/v2\/users\/1"}],"replies":[{"embeddable":true,"href":"http:\/\/kart-hornets.de\/index.php?rest_route=%2Fwp%2Fv2%2Fcomments&post=492"}],"version-history":[{"count":1,"href":"http:\/\/kart-hornets.de\/index.php?rest_route=\/wp\/v2\/pages\/492\/revisions"}],"predecessor-version":[{"id":493,"href":"http:\/\/kart-hornets.de\/index.php?rest_route=\/wp\/v2\/pages\/492\/revisions\/493"}],"wp:attachment":[{"href":"http:\/\/kart-hornets.de\/index.php?rest_route=%2Fwp%2Fv2%2Fmedia&parent=492"}],"curies":[{"name":"wp","href":"https:\/\/api.w.org\/{rel}","templated":true}]}}