{"id":501,"date":"2019-03-26T06:00:15","date_gmt":"2019-03-26T06:00:15","guid":{"rendered":"http:\/\/kart-hornets.de\/?page_id=501"},"modified":"2019-03-26T06:00:15","modified_gmt":"2019-03-26T06:00:15","slug":"essen-bahn-1-jan-2019","status":"publish","type":"page","link":"http:\/\/kart-hornets.de\/?page_id=501","title":{"rendered":"Essen Bahn 1   Jan.2019"},"content":{"rendered":"<p>Das Jahr 2019 und damit die zweite Saisonh\u00e4lfte begann f\u00fcr die Kart-Hornets am 05.01. auf der Daytona Kartbahn in Essen. Nach zehnmonatiger Abstinenz an Ort und Stelle wurden die elf teilnehmenden Fahrer durch ein ver\u00e4ndertes Streckenlayout vor eine neue Herausforderung gestellt.<\/p>\n<p>Im Qualifying fuhr Frank ungef\u00e4hrdet vor Peter auf die Pole, der wiederum seinen Meisterschaftskonkurrenten Stephan hinter sich lassen konnte. Wichtig f\u00fcr Stephan war hier, dass er sich zumindest gegen Stefan K. um Platz Drei durchsetzen konnte, um den direkten Anschluss an Peter zu halten. In einem engen Vierkampf im Mittelfeld wurde Kai F\u00fcnfter vor Tobias, Claas und Alex. Die Pl\u00e4tze Neun, Zehn und Elf belegten Olli, Christian und Karsten.<\/p>\n<p>Im Rennen blieb Karsten auf Platz 11 und Christian auf Platz 10. Auch Olli musste sich mit seinem neunten Platz begn\u00fcgen, weil er durch den Gewichtsausgleich als einer derjenigen, die am meisten Zusatzgewicht mitf\u00fchren mussten, Schwierigkeiten mit seinem Kart hatte. Davor hielt Alex auf Platz Acht zwar den Anschluss an das Trio vor ihm, konnte jedoch auch nicht ernsthaft in die Positionsk\u00e4mpfe eingreifen. Kai erwischte wie schon im Vormonat einen schweren Start ins Rennen. Tobias versuchte ihn unter Druck zu setzen, wurde aber seinerseits nach einem gescheiterten \u00dcberholversuch von Claas kassiert. Im Anschluss daran konnte sich Claas auch noch mit einem aggressiven Man\u00f6ver an Kai vorbei pressen. Kai, der w\u00e4hrend des Rennens nicht nur mit schlechten Gripverh\u00e4ltnissen, sondern auch noch mit einer Verletzung an der Hand zu k\u00e4mpfen hatte, musste sich schlussendlich auch Tobias geschlagen geben und wurde damit auf den siebten Platz verwiesen. Auch das Trio von den Pl\u00e4tzen Zwei bis Vier lieferte sich einen engen Kampf, aber die Positionen blieben unver\u00e4ndert, da alle Drei nicht nur auf einem hohen Niveau, sondern auch von Anfang bis Ende fehlerfrei fuhren. An der Spitze sicherte sich Frank den Sieg. In seiner eigenen Liga enteilte er allen anderen und \u00fcberquerte hochverdient und souver\u00e4n als Erster die Ziellinie.<\/p>\n<p>Auf Grund dieses Ergebnisses konnte sich Peter an der Spitze der Meisterschaftstabelle wieder ein wenig Luft verschaffen: Mit einem Vorsprung von vier Punkten reist er im Februar nach Reckenfeld.<\/p>\n","protected":false},"excerpt":{"rendered":"<p>Das Jahr 2019 und damit die zweite Saisonh\u00e4lfte begann f\u00fcr die Kart-Hornets am 05.01. auf der Daytona Kartbahn in Essen. Nach zehnmonatiger Abstinenz an Ort und Stelle wurden die elf teilnehmenden Fahrer durch ein ver\u00e4ndertes Streckenlayout vor eine neue Herausforderung gestellt. Im Qualifying fuhr Frank ungef\u00e4hrdet vor Peter auf die Pole, der wiederum seinen Meisterschaftskonkurrenten &hellip; <a href=\"http:\/\/kart-hornets.de\/?page_id=501\" class=\"more-link\"><span class=\"screen-reader-text\">Essen Bahn 1   Jan.2019<\/span> weiterlesen <span class=\"meta-nav\">&rarr;<\/span><\/a><\/p>\n","protected":false},"author":1,"featured_media":0,"parent":0,"menu_order":0,"comment_status":"closed","ping_status":"closed","template":"","meta":{"jetpack_post_was_ever_published":false,"footnotes":""},"class_list":["post-501","page","type-page","status-publish","hentry"],"jetpack_sharing_enabled":true,"jetpack_shortlink":"https:\/\/wp.me\/PaboIV-85","_links":{"self":[{"href":"http:\/\/kart-hornets.de\/index.php?rest_route=\/wp\/v2\/pages\/501","targetHints":{"allow":["GET"]}}],"collection":[{"href":"http:\/\/kart-hornets.de\/index.php?rest_route=\/wp\/v2\/pages"}],"about":[{"href":"http:\/\/kart-hornets.de\/index.php?rest_route=\/wp\/v2\/types\/page"}],"author":[{"embeddable":true,"href":"http:\/\/kart-hornets.de\/index.php?rest_route=\/wp\/v2\/users\/1"}],"replies":[{"embeddable":true,"href":"http:\/\/kart-hornets.de\/index.php?rest_route=%2Fwp%2Fv2%2Fcomments&post=501"}],"version-history":[{"count":1,"href":"http:\/\/kart-hornets.de\/index.php?rest_route=\/wp\/v2\/pages\/501\/revisions"}],"predecessor-version":[{"id":502,"href":"http:\/\/kart-hornets.de\/index.php?rest_route=\/wp\/v2\/pages\/501\/revisions\/502"}],"wp:attachment":[{"href":"http:\/\/kart-hornets.de\/index.php?rest_route=%2Fwp%2Fv2%2Fmedia&parent=501"}],"curies":[{"name":"wp","href":"https:\/\/api.w.org\/{rel}","templated":true}]}}