{"id":503,"date":"2019-03-26T06:01:03","date_gmt":"2019-03-26T06:01:03","guid":{"rendered":"http:\/\/kart-hornets.de\/?page_id=503"},"modified":"2019-03-26T06:01:03","modified_gmt":"2019-03-26T06:01:03","slug":"reckenfeld-feb-2019","status":"publish","type":"page","link":"http:\/\/kart-hornets.de\/?page_id=503","title":{"rendered":"Reckenfeld  Feb. 2019"},"content":{"rendered":"<p>Am 02.02.2019 reisten die Kart-Hornets f\u00fcr ihren achten Saisonlauf nach Reckenfeld. Die Vorzeichen standen gut: Mit 13 Teilnehmern war das bislang gr\u00f6\u00dfte Fahrerfeld der Saison am Start, in der Meisterschaft war es zwischen Peter und Stephan mit einem Unterschied von nur vier Punkten denkbar knapp und vor Ort wurde aufger\u00fcstet, so dass eine neue Kartflotte zur Verf\u00fcgung stand.<\/p>\n<p>Im Qualifikationslauf wurde Klaus 13. Alex erwischte einen rabenschwarzen Tag und landete auf Platz Zw\u00f6lf. Der wieder zugesto\u00dfene Achim belegte Platz Elf hinter Tobias, Claas und Carsten. Kai wurde F\u00fcnfter vor Andreas und Tobi R. und das Spitzentrio bildeten einmal mehr Peter, Stephan und Stefan K. Dazwischen reihte sich Olli auf Platz Vier ein.<\/p>\n<p>Nach einem Kartwechsel startete Alex vom letzten Platz. Er konnte an Klaus vorbeigehen und sich im Vergleich zum Qualifying um mehr als eine Sekunde steigern. Dies war jedoch nicht genug, um noch weiter nach vorne zu gelangen. Davor fuhr Achim ein ruhiges Rennen. Andreas, der von Platz Sechs aus ins Rennen ging, musste nach ein paar Runden zu Kai abrei\u00dfen lassen und sich daraufhin gegen die Gruppe hinter ihm verteidigen. Der enge Kurs, auf dem \u00dcberholen enorm schwierig und mit viel Risiko verbunden ist, half Andreas f\u00fcr einige Zeit, doch nach einigen Runden dr\u00fcckte sich Tobi R. an ihm vorbei und in der darauffolgenden Runde musste er auch Carsten ziehen lassen. Sichtlich bedient versuchte er Carsten daraufhin wieder auszukontern, aber als er von der Linie abkam, nutzte Claas seine Chance und konnte Andreas ebenfalls \u00fcberholen, nachdem sich die beiden f\u00fcr einige Kurven Rad an Rad duelliert hatten. Kai folgte Olli mit geringem Abstand, eine \u00dcberholm\u00f6glichkeit ergab sich jedoch nicht. An der Spitze zeichnete sich dasselbe Bild ab: Peter, Stephan und Stefan K. fuhren das ganze Rennen \u00fcber dicht beieinander, ohne dass aber einer des Spitzentrios einen Angriff gegen einen seiner Kontrahenten starten konnte. Somit gewann Peter abermals vor Stephan.<\/p>\n<p>In der Meisterschaft konnte Peter seinen Vorsprung damit um zwei weitere Punkte ausbauen und f\u00fchrt nun mit sechs Punkten vor Stephan bei noch vier zu fahrenden Rennen.<\/p>\n","protected":false},"excerpt":{"rendered":"<p>Am 02.02.2019 reisten die Kart-Hornets f\u00fcr ihren achten Saisonlauf nach Reckenfeld. Die Vorzeichen standen gut: Mit 13 Teilnehmern war das bislang gr\u00f6\u00dfte Fahrerfeld der Saison am Start, in der Meisterschaft war es zwischen Peter und Stephan mit einem Unterschied von nur vier Punkten denkbar knapp und vor Ort wurde aufger\u00fcstet, so dass eine neue Kartflotte &hellip; <a href=\"http:\/\/kart-hornets.de\/?page_id=503\" class=\"more-link\"><span class=\"screen-reader-text\">Reckenfeld  Feb. 2019<\/span> weiterlesen <span class=\"meta-nav\">&rarr;<\/span><\/a><\/p>\n","protected":false},"author":1,"featured_media":0,"parent":0,"menu_order":0,"comment_status":"closed","ping_status":"closed","template":"","meta":{"jetpack_post_was_ever_published":false,"footnotes":""},"class_list":["post-503","page","type-page","status-publish","hentry"],"jetpack_sharing_enabled":true,"jetpack_shortlink":"https:\/\/wp.me\/PaboIV-87","_links":{"self":[{"href":"http:\/\/kart-hornets.de\/index.php?rest_route=\/wp\/v2\/pages\/503","targetHints":{"allow":["GET"]}}],"collection":[{"href":"http:\/\/kart-hornets.de\/index.php?rest_route=\/wp\/v2\/pages"}],"about":[{"href":"http:\/\/kart-hornets.de\/index.php?rest_route=\/wp\/v2\/types\/page"}],"author":[{"embeddable":true,"href":"http:\/\/kart-hornets.de\/index.php?rest_route=\/wp\/v2\/users\/1"}],"replies":[{"embeddable":true,"href":"http:\/\/kart-hornets.de\/index.php?rest_route=%2Fwp%2Fv2%2Fcomments&post=503"}],"version-history":[{"count":1,"href":"http:\/\/kart-hornets.de\/index.php?rest_route=\/wp\/v2\/pages\/503\/revisions"}],"predecessor-version":[{"id":504,"href":"http:\/\/kart-hornets.de\/index.php?rest_route=\/wp\/v2\/pages\/503\/revisions\/504"}],"wp:attachment":[{"href":"http:\/\/kart-hornets.de\/index.php?rest_route=%2Fwp%2Fv2%2Fmedia&parent=503"}],"curies":[{"name":"wp","href":"https:\/\/api.w.org\/{rel}","templated":true}]}}