{"id":505,"date":"2019-03-26T06:01:55","date_gmt":"2019-03-26T06:01:55","guid":{"rendered":"http:\/\/kart-hornets.de\/?page_id=505"},"modified":"2019-03-26T06:01:55","modified_gmt":"2019-03-26T06:01:55","slug":"essen-bahn-2-maerz-2019","status":"publish","type":"page","link":"http:\/\/kart-hornets.de\/?page_id=505","title":{"rendered":"Essen Bahn 2   M\u00e4rz 2019"},"content":{"rendered":"<p>Mit einer leichten Termin\u00e4nderung fanden sich die Kart-Hornets am 16.03.19 ein weiteres Mal auf der Daytona Kartbahn in Essen ein, um ihren neunten Meisterschaftslauf auszutragen. Dieses Mal fuhren sie auf der anderen der beiden Strecken und dazu noch in die entgegen gesetzte Richtung des Vorjahres, um f\u00fcr zus\u00e4tzliche Spannung zu sorgen.<\/p>\n<p>Stefan K., der mit einem kleinen Trainingsvorteil nach Essen reiste, konnte diesen perfekt ausnutzen und sich die Poleposition vor Peter und Claas sichern. Nur zwei Tausendstel dahinter folgte Tobias auf Platz Vier, der Alex, Olli und Stephan auf die Pl\u00e4tze F\u00fcnf, Sechs und Sieben verwies. Entt\u00e4uschend war dieses Ergebnis vor allem f\u00fcr Stephan, der auf Grund von katastrophalen Reifenverh\u00e4ltnissen mit massiven Gripproblemen zu k\u00e4mpfen hatte. Die Pl\u00e4tze Acht bis Elf belegten Carsten, Udo, Norman und Klaus.<\/p>\n<p>Klaus konnte auch in diesem Rennen die rote Laterne nicht abgeben. Davor beendeten Norman und Udo ihren Einstand bei den Kart-Hornets auf den Pl\u00e4tzen Zehn und Neun. Carsten, der Achter wurde, verlangte Stephan, der mit dem Kart haderte, alles ab, aber letzten Endes konnte Stephan trotz mangelnder Bodenhaftung den siebten Platz auf Grund seiner individuellen Klasse als Fahrer retten. Auf den vorderen R\u00e4ngen deutete sich ein Dreikampf zwischen Tobias, Alex und Olli an, den Alex am Ende f\u00fcr sich entscheiden konnte, als er Tobias auf dem Weg zur ersten Kurve ausbeschleunigte. Kurz darauf konnte auch Olli an Tobias vorbeiziehen und damit ein f\u00fcr ihn wichtiges Ergebnis in den Top F\u00fcnf einfahren, nachdem er zwei Monate zuvor noch mehr Schwierigkeiten mit dem mitgef\u00fchrten Zusatzgewicht hatte. Claas konnte nach langer Zeit wieder einen Podiumserfolg hinter Peter bejubeln, der ein eher unspektakul\u00e4res Rennen fuhr und den zweiten Platz sicher verwaltete, ohne dabei in Schlagdistsnz zum F\u00fchrenden zu sein. An der Spitze des Feldes spielte Stefan K. seinen Trainingsvorteil nach allen Regeln der Kunst aus und fuhr ungef\u00e4hrdet zum Sieg.<\/p>\n<p>Mit diesem Ergebnis erlitt Stephan einen herben D\u00e4mpfer im Kampf um die Fahrermeisterschaft. Wegen seiner nur sehr schwer fahrbaren Reifen wuchs sein R\u00fcckstand auf Peter auf 13 Punkte an. Damit steht er im April in Meppen bei noch drei ausstehenden Rennen bereits unter Zugzwang.<\/p>\n","protected":false},"excerpt":{"rendered":"<p>Mit einer leichten Termin\u00e4nderung fanden sich die Kart-Hornets am 16.03.19 ein weiteres Mal auf der Daytona Kartbahn in Essen ein, um ihren neunten Meisterschaftslauf auszutragen. Dieses Mal fuhren sie auf der anderen der beiden Strecken und dazu noch in die entgegen gesetzte Richtung des Vorjahres, um f\u00fcr zus\u00e4tzliche Spannung zu sorgen. Stefan K., der mit &hellip; <a href=\"http:\/\/kart-hornets.de\/?page_id=505\" class=\"more-link\"><span class=\"screen-reader-text\">Essen Bahn 2   M\u00e4rz 2019<\/span> weiterlesen <span class=\"meta-nav\">&rarr;<\/span><\/a><\/p>\n","protected":false},"author":1,"featured_media":0,"parent":0,"menu_order":0,"comment_status":"closed","ping_status":"closed","template":"","meta":{"jetpack_post_was_ever_published":false,"footnotes":""},"class_list":["post-505","page","type-page","status-publish","hentry"],"jetpack_sharing_enabled":true,"jetpack_shortlink":"https:\/\/wp.me\/PaboIV-89","_links":{"self":[{"href":"http:\/\/kart-hornets.de\/index.php?rest_route=\/wp\/v2\/pages\/505","targetHints":{"allow":["GET"]}}],"collection":[{"href":"http:\/\/kart-hornets.de\/index.php?rest_route=\/wp\/v2\/pages"}],"about":[{"href":"http:\/\/kart-hornets.de\/index.php?rest_route=\/wp\/v2\/types\/page"}],"author":[{"embeddable":true,"href":"http:\/\/kart-hornets.de\/index.php?rest_route=\/wp\/v2\/users\/1"}],"replies":[{"embeddable":true,"href":"http:\/\/kart-hornets.de\/index.php?rest_route=%2Fwp%2Fv2%2Fcomments&post=505"}],"version-history":[{"count":1,"href":"http:\/\/kart-hornets.de\/index.php?rest_route=\/wp\/v2\/pages\/505\/revisions"}],"predecessor-version":[{"id":506,"href":"http:\/\/kart-hornets.de\/index.php?rest_route=\/wp\/v2\/pages\/505\/revisions\/506"}],"wp:attachment":[{"href":"http:\/\/kart-hornets.de\/index.php?rest_route=%2Fwp%2Fv2%2Fmedia&parent=505"}],"curies":[{"name":"wp","href":"https:\/\/api.w.org\/{rel}","templated":true}]}}