{"id":592,"date":"2019-10-01T21:11:52","date_gmt":"2019-10-01T21:11:52","guid":{"rendered":"http:\/\/kart-hornets.de\/?page_id=592"},"modified":"2019-10-01T21:11:52","modified_gmt":"2019-10-01T21:11:52","slug":"rennbericht-bocholt-2019","status":"publish","type":"page","link":"http:\/\/kart-hornets.de\/?page_id=592","title":{"rendered":"Rennbericht Bocholt 2019"},"content":{"rendered":"<p>Am 10.08.2019 und damit eine Woche au\u00dferhalb des eigentlichen Zeitplans fanden sich die Kart-Hornets in Bocholt ein, um ihren zweiten Saisonlauf in Angriff zu nehmen. Nach der Regenschlacht von Oldenzaal waren sich alle Beteiligten einig, dass man heute auf ein trockenes Rennen hoffte, damit auch der Au\u00dfenbereich der Strecke in Anspruch genommen werden konnte und sie hatten Fortuna auf ihrer Seite: Das Rennen konnte bei bew\u00f6lkten aber trockenen Bedingungen gestartet werden.<\/p>\n<p>Nicht nur das leicht ver\u00e4nderte Layout im Innenbereich, sondern auch der technisch anspruchsvolle Au\u00dfenbereich stellte die Fahrer vor einige Herausforderungen. So wurde sofort bestraft, wenn das Kart \u00fcberfahren wurde. Dies machte sich auf einer solch langen Runde besonders bemerkbar: Wer im Qualifying nicht sofort seinen Rhythmus fand, wurde prompt mit einem schlechten Startplatz bestraft.<br \/>\nPeter meisterte diese Herausforderung am besten und verwies Vorjahressieger Stephan auf Platz Zwei. Dieser konnte sich aber gegen Kai durchsetzen, der zu seinem ersten Saisonrennen antrat, nachdem er im Vormonat pausieren musste. Tobi und Olli komplettierten die Top F\u00fcnf. Claas konnte das Momentum des ersten Saisonsieges nicht nutzen und musste sich mit Platz Acht zufrieden geben.<\/p>\n<p>Das Rennen wurde durch einen fliegenden Start freigegeben: Es wurde turbulent, als die Fahrer wie an der ber\u00fchmten Perlenschnur gezogen auf ihre erste Runde gingen. Bei den kurzen Abst\u00e4nden blieben kleinere Kontakte in den ersten Bremszonen nicht aus. Doch es gab in der Anfangsphase keine Positions\u00e4nderungen, ehe sich das Feld auseinander zog. Am Ende des Feldes verfolgte Udo Andreas F. und konnte sich schlie\u00dflich gegen diesen durchsetzen. Seine Aufholjagd fand jedoch nach einem gescheiterten \u00dcberholversuch gegen Christian ein Ende. Christian wurde seinerseits Neunter. Zu schnell f\u00fcr die Verfolger, zu langsam f\u00fcr die Vorderm\u00e4nner galt heute f\u00fcr den Oldenzaalsieger Claas auf Platz Acht. Davor entwickelten sich drei Kampfduos, die allesamt einen \u00e4hnlichen Verlauf nahmen: Alex konnte nach seinen Startschwierigkeiten trotz mehrerer Versuche nicht an Norman vorbeigehen, ein bisschen weiter vorne entwickelte Olli nach einem verkorksten Start ein gutes Renntempo, biss sich aber auch in der zweiten Rennh\u00e4lfte die Z\u00e4hne an Tobi aus und Kai, dem die Strecke g\u00e4nzlich unbekannt war, holte im Verlauf des Rennens immer weiter auf Stephan auf, aber auch f\u00fcr ihn war das Vorbeiziehen unm\u00f6glich. An der Spitze machte Peter seinem Ruf als amtierender Meister alle Ehre und fuhr dem Sieg in \u00e4hnlich dominanter Manier entgegen wie Stephan im Vorjahr und kletterte damit auf dem Podium eine Stufe h\u00f6her als noch einen Monat zuvor.<\/p>\n<p>Nach dem zweiten Rennen der Saison \u00fcbernimmt Peter also mit 37 Punkten die F\u00fchrung in der Meisterschaft und macht sich auf, erneut das Ma\u00df aller Dinge zu werden. Stephan r\u00fcckt vor auf Platz Zwei mit 30 Punkten und liegt damit knapp vor Claas, der mit 29 Punkten auf den dritten Platz zur\u00fcckf\u00e4llt.<\/p>\n","protected":false},"excerpt":{"rendered":"<p>Am 10.08.2019 und damit eine Woche au\u00dferhalb des eigentlichen Zeitplans fanden sich die Kart-Hornets in Bocholt ein, um ihren zweiten Saisonlauf in Angriff zu nehmen. Nach der Regenschlacht von Oldenzaal waren sich alle Beteiligten einig, dass man heute auf ein trockenes Rennen hoffte, damit auch der Au\u00dfenbereich der Strecke in Anspruch genommen werden konnte und &hellip; <a href=\"http:\/\/kart-hornets.de\/?page_id=592\" class=\"more-link\"><span class=\"screen-reader-text\">Rennbericht Bocholt 2019<\/span> weiterlesen <span class=\"meta-nav\">&rarr;<\/span><\/a><\/p>\n","protected":false},"author":1,"featured_media":0,"parent":0,"menu_order":0,"comment_status":"closed","ping_status":"closed","template":"","meta":{"jetpack_post_was_ever_published":false,"footnotes":""},"class_list":["post-592","page","type-page","status-publish","hentry"],"jetpack_sharing_enabled":true,"jetpack_shortlink":"https:\/\/wp.me\/PaboIV-9y","_links":{"self":[{"href":"http:\/\/kart-hornets.de\/index.php?rest_route=\/wp\/v2\/pages\/592","targetHints":{"allow":["GET"]}}],"collection":[{"href":"http:\/\/kart-hornets.de\/index.php?rest_route=\/wp\/v2\/pages"}],"about":[{"href":"http:\/\/kart-hornets.de\/index.php?rest_route=\/wp\/v2\/types\/page"}],"author":[{"embeddable":true,"href":"http:\/\/kart-hornets.de\/index.php?rest_route=\/wp\/v2\/users\/1"}],"replies":[{"embeddable":true,"href":"http:\/\/kart-hornets.de\/index.php?rest_route=%2Fwp%2Fv2%2Fcomments&post=592"}],"version-history":[{"count":1,"href":"http:\/\/kart-hornets.de\/index.php?rest_route=\/wp\/v2\/pages\/592\/revisions"}],"predecessor-version":[{"id":593,"href":"http:\/\/kart-hornets.de\/index.php?rest_route=\/wp\/v2\/pages\/592\/revisions\/593"}],"wp:attachment":[{"href":"http:\/\/kart-hornets.de\/index.php?rest_route=%2Fwp%2Fv2%2Fmedia&parent=592"}],"curies":[{"name":"wp","href":"https:\/\/api.w.org\/{rel}","templated":true}]}}