{"id":594,"date":"2019-10-01T21:12:44","date_gmt":"2019-10-01T21:12:44","guid":{"rendered":"http:\/\/kart-hornets.de\/?page_id=594"},"modified":"2019-10-01T21:12:44","modified_gmt":"2019-10-01T21:12:44","slug":"rennbericht-dinslaken-2019","status":"publish","type":"page","link":"http:\/\/kart-hornets.de\/?page_id=594","title":{"rendered":"Rennbericht Dinslaken 2019"},"content":{"rendered":"<p>Der dritte Saisonlauf der neuen Saison sollte am 07.09.2019 in Dinslaken \u00fcber die B\u00fchne gehen. Damit kehrte endg\u00fcltig wieder der Saisonalltag bei allen Fahrern ein. Auch dieses Mal mussten die Teilnehmer ob der Wetterlage zittern, aber wie schon im Vormonat trocknete die Strecke rechtzeitig ab, so dass der Au\u00dfenbereich bei trockener Piste befahren werden konnte.<\/p>\n<p>Man nehme eine schier endlos lange Strecke mit Rundenzeiten von knapp zwei Minuten, ein bunt gemischtes Fahrerfeld mit zwei Gastfahrern und eine nicht unerhebliche Portion Kartlotterie: Schon erh\u00e4lt man ein eher ungewohntes Bild an der Spitze.<br \/>\nNorman st\u00fcrmte auf die Pole Position, die beiden Gastfahrer sorgten f\u00fcr Furore, indem sie sich auf den Pl\u00e4tzen Zwei und Drei qualifizierten. Erst dahinter positionierte sich Kai auf Platz Vier und Stephan komplettierte die ersten F\u00fcnf. Ein verkorkstes Qualifying erlebte Peter, der nach dem Zeittraining die Notwendigkeit sah, das Kart zu wechseln und damit das Rennen vom Ende des Feldes in Angriff nehmen musste.<\/p>\n<p>Zu Beginn des Rennens sahen sich die Fahrer mit dem n\u00e4chsten Unsicherheitsfaktor konfrontiert: Die Startpl\u00e4tze waren nicht nur sehr dicht beieinander, sondern standen auch in einer Kurve, weshalb sich die Fahrer nach dem stehenden Start ganz besonders nah auf die Pelle r\u00fcckten. Das Bild am Start \u00e4hnelte einem Sommerschlussverkauf an einem Samstagvormittag in der Innenstadt: Dicht gedr\u00e4ngt und hektisch versuchte jeder Fahrer seinen bestm\u00f6glichen Platz in der Schlange zu finden und war auch bereit, daf\u00fcr die Ellenbogen einzusetzen, um sich gegen seine Kontrahenten durchzusetzen, die sowohl links als auch rechts neben einem selbst lauerten, ohne dabei aber unfair zu werden. Als sich das Feld nach der hitzigen Startphase endlich beruhigte, hatte sich Norman an der Spitze schon einen komfortablen Vorsprung herausgefahren. Auf der anderen Seite des Feldes erwischte Peter einen rabenschwarzen Tag: Ein weiterer Kartwechsel zwang ihn ein weiteres Mal dazu, das Feld von hinten aufzur\u00e4umen. Aber auch andere Fahrer hatten Pech: Carsten erlitt wie schon im Qualifying zuvor im Rennen einen weiteren Kartausfall und bildete damit ohne Aussicht auf Verbesserung das Schlusslicht. Einer der Gastfahrer \u00fcbertrieb es mehrfach auf der Bremse. Die daraus resultierenden Dreher sp\u00fclten ihn ebenfalls ans Ende des Feldes. Udo belegte in der Endabrechnung Platz Zehn hinter Tobi. Peter betrieb Schadensbegrenzung im gro\u00dfen Stil, r\u00fcckte noch vor bis auf Platz Acht und kam nur ganz knapp hinter Alex und Olli ins Ziel, der sich bravour\u00f6s im merklich schw\u00e4cheren Kart verteidigte. Davor sah man ein \u00e4hnliches Bild: Stephan konnte den vierten Platz erfolgreich gegen Claas verteidigen und Kai wehrte den zweiten Gastfahrer ab, um als Zweiter \u00fcber die Linie zu fahren, w\u00e4hrend Norman unbeirrt von dem, was hinter ihm passierte, vorne einsam seine Kreise zog und sich auf beeindruckende Art und Weise seinen Pr\u00e4mierensieg bei den Kart-Hornets sicherte.<\/p>\n<p>In der Meisterschaft verteidigt Peter seine F\u00fchrung und steht nun bei 47 Punkten. Stephan verk\u00fcrzt seinen R\u00fcckstand und schraubt sein Punktekonto auf 43 Z\u00e4hler. Erstmals greift hier aber eine zur neuen Saison eingef\u00fchrte Regel, nach der die Ergebnisse der Gastfahrer nicht mehr gestrichen werden, so dass er bei seinem heutigen vierten Platz stehen bleibt und nicht auf den dritten Platz vorr\u00fcckt. Claas ist nachwievor Dritter in der Meisterschaft mit 41 Punkten und auch er kann mit seinem f\u00fcnften Platz den R\u00fcckstand auf Peter etwas verk\u00fcrzen.<\/p>\n","protected":false},"excerpt":{"rendered":"<p>Der dritte Saisonlauf der neuen Saison sollte am 07.09.2019 in Dinslaken \u00fcber die B\u00fchne gehen. Damit kehrte endg\u00fcltig wieder der Saisonalltag bei allen Fahrern ein. Auch dieses Mal mussten die Teilnehmer ob der Wetterlage zittern, aber wie schon im Vormonat trocknete die Strecke rechtzeitig ab, so dass der Au\u00dfenbereich bei trockener Piste befahren werden konnte. &hellip; <a href=\"http:\/\/kart-hornets.de\/?page_id=594\" class=\"more-link\"><span class=\"screen-reader-text\">Rennbericht Dinslaken 2019<\/span> weiterlesen <span class=\"meta-nav\">&rarr;<\/span><\/a><\/p>\n","protected":false},"author":1,"featured_media":0,"parent":0,"menu_order":0,"comment_status":"closed","ping_status":"closed","template":"","meta":{"jetpack_post_was_ever_published":false,"footnotes":""},"class_list":["post-594","page","type-page","status-publish","hentry"],"jetpack_sharing_enabled":true,"jetpack_shortlink":"https:\/\/wp.me\/PaboIV-9A","_links":{"self":[{"href":"http:\/\/kart-hornets.de\/index.php?rest_route=\/wp\/v2\/pages\/594","targetHints":{"allow":["GET"]}}],"collection":[{"href":"http:\/\/kart-hornets.de\/index.php?rest_route=\/wp\/v2\/pages"}],"about":[{"href":"http:\/\/kart-hornets.de\/index.php?rest_route=\/wp\/v2\/types\/page"}],"author":[{"embeddable":true,"href":"http:\/\/kart-hornets.de\/index.php?rest_route=\/wp\/v2\/users\/1"}],"replies":[{"embeddable":true,"href":"http:\/\/kart-hornets.de\/index.php?rest_route=%2Fwp%2Fv2%2Fcomments&post=594"}],"version-history":[{"count":1,"href":"http:\/\/kart-hornets.de\/index.php?rest_route=\/wp\/v2\/pages\/594\/revisions"}],"predecessor-version":[{"id":595,"href":"http:\/\/kart-hornets.de\/index.php?rest_route=\/wp\/v2\/pages\/594\/revisions\/595"}],"wp:attachment":[{"href":"http:\/\/kart-hornets.de\/index.php?rest_route=%2Fwp%2Fv2%2Fmedia&parent=594"}],"curies":[{"name":"wp","href":"https:\/\/api.w.org\/{rel}","templated":true}]}}