{"id":618,"date":"2020-01-07T20:23:54","date_gmt":"2020-01-07T20:23:54","guid":{"rendered":"http:\/\/kart-hornets.de\/?page_id=618"},"modified":"2020-01-07T20:45:22","modified_gmt":"2020-01-07T20:45:22","slug":"laatzen-oktober-2019","status":"publish","type":"page","link":"http:\/\/kart-hornets.de\/?page_id=618","title":{"rendered":"Laatzen Oktober 2019"},"content":{"rendered":"<p>Am 05.10.19 fanden sich die Kart-Hornets zu ihrem vierten Saisonlauf in Laatzen ein und l\u00e4uteten damit ihre Indoorsaison ein. Auf Grund von kurzfristigen Absagen gingen zwar nur zehn Hornets an den Start, was das Rennen aber nicht weniger spannend und umk\u00e4mpft machte.<\/p>\n<p>Einige Jahre sind vergangen seit die Kart-Hornets das letzte Mal in Laatzen zu Gast waren. Das ver\u00e4nderte Streckenlayout stellte auch die erfahrenen Teilnehmer vor eine neue Herausforderung: Die Runde wurde merklich verl\u00e4ngert. Das f\u00fchrte dazu, dass manche Stellen auf der Strecke in der kleinen Halle extrem eng geworden sind. So war jedem klar: Das Qualifying w\u00fcrde entscheiden.<br \/>\nUnd Frank konnte wie erwartet stark auftrumpfen und sicherte sich Platz Eins, dicht gefolgt von Peter. Stephan komplettierte die Top Drei und Alex fuhr mit Platz Vier seinen bis dato besten Startplatz ein. Tobi folgte ihm auf Platz F\u00fcnf, Norman f\u00fchrte die zweite H\u00e4lfte an vor Kai und Claas. Neunter wurde Udo vor Christian.<\/p>\n<p>Es war das Monaco des Rennkalenders: H\u00e4tte das Rennen in einem Formel 1 Boliden stattgefunden, so h\u00e4tte der eine oder andere wohl zum Frontfl\u00fcgelwechsel an die Box kommen m\u00fcssen und wenn es \u00fcberhaupt eine Chance auf ein \u00dcberholman\u00f6ver geben w\u00fcrde, so ist es am Start am wahrscheinlichsten. Der Leidtragende war Norman, der Kai passieren lassen musste. Claas nutzte die Gunst der Stunde und konnte mit durchschl\u00fcpfen. Danach beruhigte sich das Rennen. Die hinteren Pl\u00e4tze blieben unver\u00e4ndert. Norman eilte seinen verlorenen Pl\u00e4tzen hinterher, doch Claas und Kai gaben ihre Positionen nicht mehr ab. Tobi fuhr komfortabel auf Platz F\u00fcnf mit einer kleinen L\u00fccke zu Alex auf der Vier. Noch ein St\u00fcck weiter vorne fand Stephan nach der Anfangsphase zu einer starken Pace, die aber nicht mehr reichte, um dem F\u00fchrungsduo gef\u00e4hrlich zu werden. An der Spitze hatte Frank M\u00fche, seine F\u00fchrung zu verteidigen. Denn Peter versuchte alles in seiner Macht stehende, um sich vielleicht doch irgendwie eine \u00dcberholm\u00f6glichkeit herauszuarbeiten &#8211; vergeblich. Frank behielt die Ruhe und \u00fcberquerte die Ziellinie als Erster mit Peters Atem im Nacken.<\/p>\n<p>Der zweite Platz reicht Peter jedoch, um die Konkurrenz in der Meisterschaft etwas zu distanzieren: Er schraubt sein Punktekonto auf 63 Z\u00e4hler, w\u00e4hrend Stephan 58 Z\u00e4hler verbuchen kann. Claas muss erstmals ein paar Federn lassen im Kampf um die Meisterschaft und steht nach dem vierten Rennen bei 51 Punkten.<\/p>\n","protected":false},"excerpt":{"rendered":"<p>Am 05.10.19 fanden sich die Kart-Hornets zu ihrem vierten Saisonlauf in Laatzen ein und l\u00e4uteten damit ihre Indoorsaison ein. Auf Grund von kurzfristigen Absagen gingen zwar nur zehn Hornets an den Start, was das Rennen aber nicht weniger spannend und umk\u00e4mpft machte. Einige Jahre sind vergangen seit die Kart-Hornets das letzte Mal in Laatzen zu &hellip; <a href=\"http:\/\/kart-hornets.de\/?page_id=618\" class=\"more-link\"><span class=\"screen-reader-text\">Laatzen Oktober 2019<\/span> weiterlesen <span class=\"meta-nav\">&rarr;<\/span><\/a><\/p>\n","protected":false},"author":1,"featured_media":0,"parent":0,"menu_order":0,"comment_status":"closed","ping_status":"closed","template":"","meta":{"jetpack_post_was_ever_published":false,"footnotes":""},"class_list":["post-618","page","type-page","status-publish","hentry"],"jetpack_sharing_enabled":true,"jetpack_shortlink":"https:\/\/wp.me\/PaboIV-9Y","_links":{"self":[{"href":"http:\/\/kart-hornets.de\/index.php?rest_route=\/wp\/v2\/pages\/618","targetHints":{"allow":["GET"]}}],"collection":[{"href":"http:\/\/kart-hornets.de\/index.php?rest_route=\/wp\/v2\/pages"}],"about":[{"href":"http:\/\/kart-hornets.de\/index.php?rest_route=\/wp\/v2\/types\/page"}],"author":[{"embeddable":true,"href":"http:\/\/kart-hornets.de\/index.php?rest_route=\/wp\/v2\/users\/1"}],"replies":[{"embeddable":true,"href":"http:\/\/kart-hornets.de\/index.php?rest_route=%2Fwp%2Fv2%2Fcomments&post=618"}],"version-history":[{"count":1,"href":"http:\/\/kart-hornets.de\/index.php?rest_route=\/wp\/v2\/pages\/618\/revisions"}],"predecessor-version":[{"id":619,"href":"http:\/\/kart-hornets.de\/index.php?rest_route=\/wp\/v2\/pages\/618\/revisions\/619"}],"wp:attachment":[{"href":"http:\/\/kart-hornets.de\/index.php?rest_route=%2Fwp%2Fv2%2Fmedia&parent=618"}],"curies":[{"name":"wp","href":"https:\/\/api.w.org\/{rel}","templated":true}]}}