{"id":622,"date":"2020-01-07T20:31:45","date_gmt":"2020-01-07T20:31:45","guid":{"rendered":"http:\/\/kart-hornets.de\/?page_id=622"},"modified":"2020-01-07T20:35:52","modified_gmt":"2020-01-07T20:35:52","slug":"essen-bahn-1-november-2019","status":"publish","type":"page","link":"http:\/\/kart-hornets.de\/?page_id=622","title":{"rendered":"Essen Bahn 2 November 2019"},"content":{"rendered":"<p>Fr\u00fcher als noch in der Vorsaison nahmen die Kart-Hornets dieses Mal schon im November am 02.11.19 ihr erstes Rennen in Essen in Angriff. Mit vier verschiedenen Siegern in den ersten vier Rennen war man gespannt, ob sich endlich jemand zu einem Mehrfachsieger in der laufenden Saison kr\u00f6nen k\u00f6nnte oder ob es wieder ein neues Gesicht an der Spitze des Podiums zu sehen geben w\u00fcrde.<\/p>\n<p>Die Weichen standen auf Sieg f\u00fcr ein neues Gesicht: In einer gewissen Kartlotterie, die man so in Essen nicht gewohnt war, bildete Andreas H. \u00fcberraschend das Schlusslicht hinter Klaus und Christian. Udo landete knapp hinter den Top Ten auf Platz Elf. Norman qualifizierte sich auf Platz Zehn. Vor ihm starteten Andreas F., Alex und Stephan. Tobi wurde Sechster hinter Claas, der sich seinerseits hinter Peter und Olli einreihte. Auf den ersten beiden Pl\u00e4tzen fanden sich Vormonatssieger Frank und Stefan K. wieder, der in dieser Saison erstmals wieder ins Lenkrad griff.<\/p>\n<p>Vom Start weg war klar: Da stimmt was nicht. Andreas H. konnte die rote Laterne im Laufe des Rennens nicht abgeben. Sonst ein Podiumskandidat, wurde er heute \u00fcberrundet, weil ihn das Material im Stich lie\u00df. Klaus und Christian blieben auf den Pl\u00e4tzen 13 und Zw\u00f6lf. Davor konnte sich Udo gegen Norman durchsetzen und in die ersten Zehn vorsto\u00dfen. Andreas F. fuhr mit Platz Neun ein f\u00fcr ihn sehr positives Ergebnis ein. Alex fuhr ein verh\u00e4ltnism\u00e4\u00dfig unspektakul\u00e4res Rennen auf Platz Acht, da sowohl noch vorne als auch nach hinten eine L\u00fccke klaffte. Vor ihm fand Stephan keinen Weg an Tobi vorbei. Dasselbe galt f\u00fcr Claas, der Peter massiv unter Druck setzen, aber nicht \u00fcberholen konnte. In absoluter Topform pr\u00e4sentierte sich Olli: Normalerweise leidet er etwas unter der 100 Kilo Pflicht auf der Strecke. Dieses Mal fuhr er wie entfesselt ein hoch verdientes Podium ein, nur knapp hinter den ersten beiden. Frank bekam heute zu sp\u00fcren, wie sich Peter zuletzt in Laatzen f\u00fchlte. Auch er h\u00e4tte heute vermutlich seine Hand auf Stefan K.s Schulter legen k\u00f6nnen, wenn er sie ausgestreckt h\u00e4tte. Da aber heranfahren und vorbeifahren bekanntlich zwei v\u00f6llig verschiedene Paar Schuhe sind, musste er sich mit Platz Zwei begn\u00fcgen und Stefan K. bei seinem Comeback den Platz an der Sonne \u00fcberlassen.<\/p>\n<p>So verschafft sich Peter weiter etwas mehr Luft zum Atmen: Sein Punktestand liegt nach dem heutigen Rennen bei 76 Z\u00e4hlern. Stephan befindet sich mit 68 Punkten in Lauerstellung. Claas kann auf Platz Drei 63 Punkte vorweisen.<\/p>\n","protected":false},"excerpt":{"rendered":"<p>Fr\u00fcher als noch in der Vorsaison nahmen die Kart-Hornets dieses Mal schon im November am 02.11.19 ihr erstes Rennen in Essen in Angriff. Mit vier verschiedenen Siegern in den ersten vier Rennen war man gespannt, ob sich endlich jemand zu einem Mehrfachsieger in der laufenden Saison kr\u00f6nen k\u00f6nnte oder ob es wieder ein neues Gesicht &hellip; <a href=\"http:\/\/kart-hornets.de\/?page_id=622\" class=\"more-link\"><span class=\"screen-reader-text\">Essen Bahn 2 November 2019<\/span> weiterlesen <span class=\"meta-nav\">&rarr;<\/span><\/a><\/p>\n","protected":false},"author":1,"featured_media":0,"parent":0,"menu_order":0,"comment_status":"closed","ping_status":"closed","template":"","meta":{"jetpack_post_was_ever_published":false,"footnotes":""},"class_list":["post-622","page","type-page","status-publish","hentry"],"jetpack_sharing_enabled":true,"jetpack_shortlink":"https:\/\/wp.me\/PaboIV-a2","_links":{"self":[{"href":"http:\/\/kart-hornets.de\/index.php?rest_route=\/wp\/v2\/pages\/622","targetHints":{"allow":["GET"]}}],"collection":[{"href":"http:\/\/kart-hornets.de\/index.php?rest_route=\/wp\/v2\/pages"}],"about":[{"href":"http:\/\/kart-hornets.de\/index.php?rest_route=\/wp\/v2\/types\/page"}],"author":[{"embeddable":true,"href":"http:\/\/kart-hornets.de\/index.php?rest_route=\/wp\/v2\/users\/1"}],"replies":[{"embeddable":true,"href":"http:\/\/kart-hornets.de\/index.php?rest_route=%2Fwp%2Fv2%2Fcomments&post=622"}],"version-history":[{"count":2,"href":"http:\/\/kart-hornets.de\/index.php?rest_route=\/wp\/v2\/pages\/622\/revisions"}],"predecessor-version":[{"id":626,"href":"http:\/\/kart-hornets.de\/index.php?rest_route=\/wp\/v2\/pages\/622\/revisions\/626"}],"wp:attachment":[{"href":"http:\/\/kart-hornets.de\/index.php?rest_route=%2Fwp%2Fv2%2Fmedia&parent=622"}],"curies":[{"name":"wp","href":"https:\/\/api.w.org\/{rel}","templated":true}]}}