{"id":639,"date":"2020-03-15T08:00:06","date_gmt":"2020-03-15T08:00:06","guid":{"rendered":"http:\/\/kart-hornets.de\/?page_id=639"},"modified":"2020-03-15T08:00:06","modified_gmt":"2020-03-15T08:00:06","slug":"herne-2020","status":"publish","type":"page","link":"http:\/\/kart-hornets.de\/?page_id=639","title":{"rendered":"Herne 2020"},"content":{"rendered":"<p>P\u00fcnktlich zum Beginn des Februars nahmen die Kart-Hornets am 01.02.20 ihren achten Saisonlauf in Herne in Angriff. Zwei Fragen dr\u00e4ngten sich allen Beteiligten vor ihrem letzten Indoorrennen der Saison ganz besonders auf: W\u00fcrde es einen achten Sieger im achten Rennen geben und wer beh\u00e4lt im Kampf um den Titel die Oberhand?<\/p>\n<p>Doch im Qualifying \u00fcbernahmen nicht die, von denen man es gewohnt ist, die Hauptrollen, da sich die beiden Meisterschaftskonkurrenten Stephan Z. und Peter nur auf den Pl\u00e4tzen Vier und F\u00fcnf qualifizieren konnten. Ein misslungener Qualifikationslauf f\u00fchrte bei Olli einen Kartwechsel herbei, so dass er als Letzter hinter Udo und Christian ins Rennen startete. Davor platzierten sich Claas, Tobi und Carsten. Die beiden Pl\u00e4tze hinter den Titelaspiranten nahmen Frank und Norman ein. Alex best\u00e4tigte mit Platz Drei seine gute Form aus den beiden Vormonaten. An der Spitze kam es jedoch zu einem Aufreger: Stefan K. und Kai setzten bis auf drei Stellen hinter dem Komma dieselbe Rundenzeit und das System vor Ort wertete Stefan als den gl\u00fccklichen Polesetter, obwohl Kai seine Topzeit zuerst gesetzt hatte. Damit wurde Kai buchst\u00e4blich vom zweiten Sieger zum ersten Verlierer und musste im Rennen nun eine Position gewinnen, um den ersten Mehrfachsieg der Saison zu verhindern.<\/p>\n<p>Der Kartwechsel zahlte sich f\u00fcr Olli im Rahmen seiner M\u00f6glichkeiten aus: Auf einer Strecke, die trotz begrenzter \u00dcberholm\u00f6glichkeiten auf den fragw\u00fcrdigen Namen &#8222;Monza&#8220; h\u00f6rt, sprang f\u00fcr ihn am Ende noch Platz Elf vor Christian und Udo heraus. Auf den Pl\u00e4tzen Acht bis Zehn blieben die Positionen von Carsten, Tobi und Claas unver\u00e4ndert, w\u00e4hrend Norman etwas weiter vorne eine Position gegen Frank gutmachen konnte. Peter und Stephan Z. schenkten sich einmal mehr nichts: Peter machte Druck, Stephan behielt die Ruhe. In der Endabrechnung bedeutete das Platz F\u00fcnf f\u00fcr den Titelverteidiger, Platz Vier f\u00fcr den Herausforderer. Alex wurde in einem f\u00fcr ihn unspektakul\u00e4ren Rennen Dritter, weil er sich schnell von den Verfolgern absetzen konnte, aber das Spitzenduo in seiner eigenen Liga fuhr. Speziell im letzten Renndrittel versuchte Kai noch einmal alles, fand noch ein paar letzte Zehntelchen und fuhr die schnellste Rennrunde, aber es war nicht genug: Stefan K. profitierte von seiner starken Anfangsphase und brachte den Sieg souver\u00e4n ins Ziel.<\/p>\n<p>Auch wenn er nur einen Punkt aufholen konnte, erringt Stephan heute einen wichtigen Sieg auf mentaler Ebene. Mit 116 Punkte liegt er nur noch einen Punkt hinter Peter, der bei 117 Punkten steht. Erstmals in den Top Drei vertreten ist Alex, der mit 98 Punkten jedoch nicht mehr allzu viel mit dem Ausgang der Meisterschaft zu tun hat.<\/p>\n","protected":false},"excerpt":{"rendered":"<p>P\u00fcnktlich zum Beginn des Februars nahmen die Kart-Hornets am 01.02.20 ihren achten Saisonlauf in Herne in Angriff. Zwei Fragen dr\u00e4ngten sich allen Beteiligten vor ihrem letzten Indoorrennen der Saison ganz besonders auf: W\u00fcrde es einen achten Sieger im achten Rennen geben und wer beh\u00e4lt im Kampf um den Titel die Oberhand? Doch im Qualifying \u00fcbernahmen &hellip; <a href=\"http:\/\/kart-hornets.de\/?page_id=639\" class=\"more-link\"><span class=\"screen-reader-text\">Herne 2020<\/span> weiterlesen <span class=\"meta-nav\">&rarr;<\/span><\/a><\/p>\n","protected":false},"author":1,"featured_media":0,"parent":0,"menu_order":0,"comment_status":"closed","ping_status":"closed","template":"","meta":{"jetpack_post_was_ever_published":false,"footnotes":""},"class_list":["post-639","page","type-page","status-publish","hentry"],"jetpack_sharing_enabled":true,"jetpack_shortlink":"https:\/\/wp.me\/PaboIV-aj","_links":{"self":[{"href":"http:\/\/kart-hornets.de\/index.php?rest_route=\/wp\/v2\/pages\/639","targetHints":{"allow":["GET"]}}],"collection":[{"href":"http:\/\/kart-hornets.de\/index.php?rest_route=\/wp\/v2\/pages"}],"about":[{"href":"http:\/\/kart-hornets.de\/index.php?rest_route=\/wp\/v2\/types\/page"}],"author":[{"embeddable":true,"href":"http:\/\/kart-hornets.de\/index.php?rest_route=\/wp\/v2\/users\/1"}],"replies":[{"embeddable":true,"href":"http:\/\/kart-hornets.de\/index.php?rest_route=%2Fwp%2Fv2%2Fcomments&post=639"}],"version-history":[{"count":1,"href":"http:\/\/kart-hornets.de\/index.php?rest_route=\/wp\/v2\/pages\/639\/revisions"}],"predecessor-version":[{"id":640,"href":"http:\/\/kart-hornets.de\/index.php?rest_route=\/wp\/v2\/pages\/639\/revisions\/640"}],"wp:attachment":[{"href":"http:\/\/kart-hornets.de\/index.php?rest_route=%2Fwp%2Fv2%2Fmedia&parent=639"}],"curies":[{"name":"wp","href":"https:\/\/api.w.org\/{rel}","templated":true}]}}