{"id":641,"date":"2020-03-15T08:00:45","date_gmt":"2020-03-15T08:00:45","guid":{"rendered":"http:\/\/kart-hornets.de\/?page_id=641"},"modified":"2020-03-15T08:00:45","modified_gmt":"2020-03-15T08:00:45","slug":"kirchlengern-2020","status":"publish","type":"page","link":"http:\/\/kart-hornets.de\/?page_id=641","title":{"rendered":"Kirchlengern 2020"},"content":{"rendered":"<p>Zur\u00fcck an die frische Luft ging es f\u00fcr die Kart-Hornets am 07.03.20, als man sich bei k\u00fchlen, aber trockenen 10 Grad in Kirchlengern zum neunten Meisterschaftslauf einfand, wo nicht nur die zwei Titelkandidaten lediglich einen Punkt voneinander getrennt waren, sondern auch die Strecke selbst einige T\u00fccken bereit hielt.<\/p>\n<p>Schnell stellten die Fahrer im Qualifying fest: Es gibt nasse Stellen auf der Strecke. An zwei Stellen wurden die Fahrer somit dazu gezwungen, ihre Linie dementsprechend anzupassen. Nach einer zehnmin\u00fctigen Suche nach dem Limit nahm Christian hinter Andreas die rote Laterne an sich. Davor belegten Udo, Tobi und Alex die Pl\u00e4tze Elf bis Neun. Claas stand direkt neben seinem Konkurrenten um den dritten Platz auf der achten Startposition hinter Olli, Peter und Norman. Kai qualifizierte sich zusammen mit Stefan K. in der zweiten Startreihe. Und einer war genau dann zur Stelle, als es drauf ankam: Stephan Z. sicherte sich den Platz an der Sonne vor Frank.<\/p>\n<p>Als die Ampel auf gr\u00fcn schaltete, kam es zu einem der wohl ereignisreichsten Rennen der j\u00fcngeren Kart-Hornets Geschichte: Peter und Claas zogen fr\u00fch auf die linke Seite, so dass Olli und Alex vom Gas mussten und so viele Pl\u00e4tze verloren. Auch Frank hatte vorne Startprobleme, die aber eher dem Kart geschuldet waren. Er verlor seinen zweiten Platz an Stefan K. Alex k\u00e4mpfte sich fortan vom vorletzten Platz noch in der Anfangsphase an Andreas vorbei, weiter vorne entbrannte ein hitziger Dreikampf zwischen Peter, Kai und Claas: Peter ging zun\u00e4chst an Kai vorbei, ehe Kai ein paar Runden sp\u00e4ter einen aggressiven Konter setzte. Kurz darauf verbremste sich Kai und Peter konnte dem querstehenden Kart nicht mehr ausweichen. Der Aufprall bef\u00f6rderte Peters Kart in einen Sicherungsreifen, die Befreiungsaktion sp\u00fclte ihn ans Ende des Feldes. F\u00fcr Kai kein Grund das Messer zwischen den Z\u00e4hnen zu entfernen: Nach einem hitzig gef\u00fchrten Duell musste er sich Claas aber geschlagen geben. Alex, durch Peters Kollision auf Platz Zehn angekommen, gewann den n\u00e4chsten Platz, als Tobi, wenngleich die Strecke langsam abtrocknete, auf einem der immer noch nassen Kerbs die Kontrolle \u00fcber sein Kart verlor. Norman &#8211; zuvor noch Frank um den letzten Podiumsplatz unter Druck gesetzt &#8211; lie\u00df Claas in der Zwischenzeit gew\u00e4hren, verlor ein wenig seinen Rhythmus und wurde bis auf den neunten Platz durchgereicht. Alex hatte inzwischen Udo im Visier, der seinerseits ebenfalls auf den auf Platz Sechs liegenden Kai aufholte, nachdem dieser mit zunehmender Renndauer mehr und mehr Probleme mit seinem Gef\u00e4hrt bekam. Udo konnte den Angriff von Alex erfolgreich abwehren und Norman schl\u00fcpfte an Alex vorbei, als dieser versuchte vor einer Kurve weiter auszuholen. Das Schlitzohr des Rennens war bis hierhin Olli, der sich nach einer schwierigen Startphase bis auf den f\u00fcnften Platz vork\u00e4mpfen konnte und Claas, mittlerweile auf Platz Vier angekommen, biss sich an Frank die Z\u00e4hne aus, der ebenso wie Kai immer mehr in Bedr\u00e4ngnis geriet je l\u00e4nger das Rennen dauerte. An der Spitze konnte Stefan K. Stephan Z. zunehmend unter Druck setzen und f\u00fcr einen kurzen Augenblick sogar vorbeiziehen, bevor der Kart-Hornets Pr\u00e4sident k\u00fchl und kalkuliert zum gelungenen Konter ansetzte und daraufhin das Rennen kontrollierte. In der Endabrechnung standen f\u00fcr Peter und Tobi nach ihren Zwischenf\u00e4llen die Pl\u00e4tze Elf und Zehn vor Andreas und Christian zu Buche, Claas blieb Vierter hinter Frank und Stephan Z. landete mit seinem Sieg einen Bigpoint im Titelkampf.<\/p>\n<p>Sein vierter Platz bringt Claas mit 108 Punkten zur\u00fcck in die Top Drei. Ganz vorne erleidet Peter aber einen herben R\u00fcckschlag auf seiner &#8222;Mission Titelverteidigung&#8220;. Der elfte Rang f\u00fchrt zu einer Punktzahl von 123 im Gesamtklassements, w\u00e4hrend Stephan mit seinem Sieg bei 136 Punkten steht und mit 13 Punkten Vorsprung in die finalen drei Rennen geht.<\/p>\n","protected":false},"excerpt":{"rendered":"<p>Zur\u00fcck an die frische Luft ging es f\u00fcr die Kart-Hornets am 07.03.20, als man sich bei k\u00fchlen, aber trockenen 10 Grad in Kirchlengern zum neunten Meisterschaftslauf einfand, wo nicht nur die zwei Titelkandidaten lediglich einen Punkt voneinander getrennt waren, sondern auch die Strecke selbst einige T\u00fccken bereit hielt. Schnell stellten die Fahrer im Qualifying fest: &hellip; <a href=\"http:\/\/kart-hornets.de\/?page_id=641\" class=\"more-link\"><span class=\"screen-reader-text\">Kirchlengern 2020<\/span> weiterlesen <span class=\"meta-nav\">&rarr;<\/span><\/a><\/p>\n","protected":false},"author":1,"featured_media":0,"parent":0,"menu_order":0,"comment_status":"closed","ping_status":"closed","template":"","meta":{"jetpack_post_was_ever_published":false,"footnotes":""},"class_list":["post-641","page","type-page","status-publish","hentry"],"jetpack_sharing_enabled":true,"jetpack_shortlink":"https:\/\/wp.me\/PaboIV-al","_links":{"self":[{"href":"http:\/\/kart-hornets.de\/index.php?rest_route=\/wp\/v2\/pages\/641","targetHints":{"allow":["GET"]}}],"collection":[{"href":"http:\/\/kart-hornets.de\/index.php?rest_route=\/wp\/v2\/pages"}],"about":[{"href":"http:\/\/kart-hornets.de\/index.php?rest_route=\/wp\/v2\/types\/page"}],"author":[{"embeddable":true,"href":"http:\/\/kart-hornets.de\/index.php?rest_route=\/wp\/v2\/users\/1"}],"replies":[{"embeddable":true,"href":"http:\/\/kart-hornets.de\/index.php?rest_route=%2Fwp%2Fv2%2Fcomments&post=641"}],"version-history":[{"count":1,"href":"http:\/\/kart-hornets.de\/index.php?rest_route=\/wp\/v2\/pages\/641\/revisions"}],"predecessor-version":[{"id":642,"href":"http:\/\/kart-hornets.de\/index.php?rest_route=\/wp\/v2\/pages\/641\/revisions\/642"}],"wp:attachment":[{"href":"http:\/\/kart-hornets.de\/index.php?rest_route=%2Fwp%2Fv2%2Fmedia&parent=641"}],"curies":[{"name":"wp","href":"https:\/\/api.w.org\/{rel}","templated":true}]}}