{"id":649,"date":"2020-05-16T10:10:53","date_gmt":"2020-05-16T10:10:53","guid":{"rendered":"http:\/\/kart-hornets.de\/?page_id=649"},"modified":"2022-03-09T17:42:41","modified_gmt":"2022-03-09T17:42:41","slug":"das-saisonfinale","status":"publish","type":"page","link":"http:\/\/kart-hornets.de\/?page_id=649","title":{"rendered":"DAS Saisonfinale"},"content":{"rendered":"<p>Unser Fahrer Alex hat sich in der Coronazeit mal gedanken gemacht wie unser Saisonfinale aussehen k\u00f6nnte.<\/p>\n<p>Diese Geschichte etwas \u00fcberspitzt und sooo Lustig musste ich nun hier f\u00fcr euch alle Posten :<\/p>\n<p>Ein Mann, l\u00e4ssig mit dem R\u00fccken an sein Auto gelehnt, steht auf dem Parkplatz und genie\u00dft die Ruhe vor dem Sturm. Er starrt in den strahlend blauen Himmel, nimmt noch einen letzten Zug von seiner Zigarette und kratzt dann die letzten Cents aus seiner Geldb\u00f6rse zusammen, die ihm nach seinen unz\u00e4hligen Trainingseinheiten noch geblieben sind. &#8222;Na gut, dann bringen wir es mal hinter uns.&#8220;, fl\u00fcstert er vor sich hin, als ihm ein erstes Auto auf dem Parkplatz Gesellschaft leistet.<br \/>\nDer Fahrer steigt aus. &#8222;Und Sie sind&#8230;?&#8220; fragt er den geheimnisvollen Fremden mit zusammengekniffenen Augen. Geblendet vom Sonnenlicht, das von der Glatze des Fremden reflektiert wird, setzt er seine Sonnenbrille auf. &#8222;Ach, Norman, du bist es.&#8220;, sagt er.<br \/>\n&#8222;Moin, Stephan. Und? Vorbereitet auf den gro\u00dfen Tag heute?&#8220;, fragt Norman. Der Pr\u00e4si grinst verschmitzt, klopft gegen sein Auto, verschr\u00e4nkt die Arme und ruft: &#8222;M\u00e4dels, es geht los!&#8220;<br \/>\nDrei Fahrzeugt\u00fcren \u00f6ffnen sich gleichzeitig. Aus jeder T\u00fcr steigt eine Frau: In beiden H\u00e4nden halten sie neongr\u00fcne Pompons, perfekt abgestimmt auf den neongr\u00fcnen Rock.<br \/>\nNorman zieht eine Augenbraue hoch und beobachtet, wie das n\u00e4chste Auto den Parkplatz erreicht. Ein dunkelgr\u00fcner BMW rast mit quietschenden Reifen im Drift auf das Gel\u00e4nde, beschleunigt erneut und parkt dann filigran nach einem erneuten 180 Grad Drift perfekt r\u00fcckw\u00e4rts neben dem Pr\u00e4si ein. &#8222;Mann, Peter meint es heute echt ernst.&#8220;, denkt er sich, w\u00e4hrend er die schwarzen Spuren auf dem Untergrund und die qualmenden Reifen inspiziert. Die Fahrert\u00fcr \u00f6ffnet sich. &#8222;Moin zusammen!&#8220; schallt es in die Runde. Den M\u00e4nnern bleibt die Spucke weg: Vanessa steigt aus, ihr Gasfu\u00df qualmt ebenso wie die Reifen des Autos.<\/p>\n<p>W\u00e4hrenddessen \u00f6ffnet sich auch die Beifahrert\u00fcr und der Herausforderer hat M\u00fche, aus dem Auto herauszutreten. Alle r\u00e4tseln, woher diese Klimper- und Klirrger\u00e4usche nur herkommen k\u00f6nnten. Als Peter endlich den Weg aus dem Auto herausgefunden hat, werden die Anwesenden erneut vom Licht geblendet, das von den Gegenst\u00e4nden, die sie erblicken, reflektiert wird: Um seinen Hals h\u00e4ngen sch\u00e4tzungsweise 27 Medaillen, an seinem Oberk\u00f6rper sind ca acht bis zw\u00f6lf Pokale befestigt. &#8222;Muss das wirklich sein?&#8220;, fragt Vanessa. &#8222;Nat\u00fcrlich&#8220;, entgegnet Peter. &#8222;Das ist psychologische Kriegsf\u00fchrung. So ein R\u00fcckstand holt sich nicht von alleine auf. Mein Rivale soll ruhig sehen, welche Pokale er zuletzt alle nicht gewonnen hat und so soll es ja auch weitergehen.&#8220;<br \/>\n&#8222;Aber denk doch an deinen R\u00fccken. So wird das heute mit dem Schnellfahren nichts.&#8220;, empfiehlt Vanessa besorgt, aber ihr Gatte erwidert nur s\u00fcffisant, w\u00e4hrend er an allen vorbeil\u00e4uft und den Eingangsbereich betritt, so dass alle seinen R\u00fccken sehen k\u00f6nnen: &#8222;Das ist kein Problem. Die Pokale auf meiner R\u00fcckseite arbeiten als Gegengewicht.&#8220;<\/p>\n<p>Stephan folgt ihm unbeeindruckt, eskortiert von seinen Cheerleadern. Nach und nach f\u00fcllt sich der Parkplatz. Als das Teilnehmerfeld fast vollz\u00e4hlig ist, entscheidet sich auch der Rest, hineinzugehen. Die Stimmung scheint angespannt. All die Fernsehteams vor Ort l\u00f6chern die Fahrer mit Fragen und terrorisieren sie mit klickenden und blitzenden Kameras. W\u00e4hrend sich Peter seine Zeit nimmt, um den Reportern Antworten und seinen Fans Bilder zu liefern, erblickt man im Hintergrund eine Gruppe von Jungen, die sich mit Tr\u00e4nen in den Augen rennend auf ihre M\u00fctter zu bewegen: Stephan hat nun schon dem siebten Jungen die Unterschrift auf seinen Autogrammkarten mit einem grummeligen &#8222;Erst nach dem Rennen.&#8220;, verweigert.<\/p>\n<p>In all dem Trubel rund um das Meisterschaftsfinale w\u00e4re beinahe untergegangen, dass vier Fahrer noch fehlen: Den Anwesenden f\u00e4llt jedoch auf, dass schon Betrieb auf der Strecke herrscht. Interessiert werfen sie einen Blick in Richtung Bahn und stellen fast schon schockiert fest, dass der schon seit Jahren bestehende Rundenrekord Runde um Runde um ein paar Tausendstel f\u00e4llt. Den Fahrer, der das Kart bewegt, k\u00f6nnen sie nicht erkennen. Zu schnell fliegt er um den Kurs. Erst beim ganz genauen Hinsehen erkennen die Zuschauer die Farben des Outfits: rot, schwarz und wei\u00df. Zielstrebig geht der Pr\u00e4si voraus vom Aufenthaltsraum in Richtung Strecke, um den neuen Rundenrekordhalter beim Fahren genauer unter die Lupe zu nehmen. Vor der T\u00fcr stellt sich ihm ein dunkelh\u00e4utiger Security Mann in den Weg, der wohl ca 2,20 Meter gro\u00df und 140 Kilo schwer ist. Schweigend h\u00e4lt er mit der einen Hand sein Headset fest, w\u00e4hrend die andere Hand den Kart-Hornets &#8222;Stop&#8220; signalisiert, macht dann eine mehrfache kurze Nickbewegung und wendet sich dann an die vor ihm wartende Gruppe, indem er mit seinem amerikanischen Akzent die Stimme erhebt: &#8222;I&#8217;m very sorry, Sir. Aber Mister Dieckmann m\u00f6chte bei seinem lockeren Warm-Up nicht gest\u00f6rt werden.&#8220;<\/p>\n<p>Die Gruppe seufzt frustriert im Chor, als sie laute Motorradger\u00e4usche von drau\u00dfen vernimmt. Sie \u00f6ffnen die Eingangst\u00fcr, eine riesige Staubwolke versperrt ihnen die Sicht. Die Fahrer r\u00e4tseln, wer sich hinter der Wolke verbergen k\u00f6nnte. Eines ist klar: Carsten kann es nicht sein. Denn der ist gerade in Barcelona im Urlaub, um sich das im Vergleich mit dem Kart-Hornets Saisonfinale bedeutend weniger wichtige MotoGP Rennwochenende anzuschauen. Nach einem kurzen Moment lichtet sich der Staub, das Motorrad kommt zum Vorschein. Es tr\u00e4gt die Nummer 7. Der Fahrer steigt ab und nimmt seine Schutzbrille ab, die vom aufgewirbelten Dreck schon ganz schwarz geworden ist. Vermutlich hat er die letzten f\u00fcnf Kilometer des Weges schon nichts mehr gesehen. Er marschiert Richtung Eingangsbereich. Bei seinen Konkurrenten angekommen, bleibt er kurz stehen, wirft ihnen einen t\u00f6dlichen Blick zu und spricht: &#8222;Sieg oder Blut im Stiefel.&#8220; Dann geht er weiter. Christian und Olli schauen sich verdutzt an, w\u00e4hrend sie Kais Schritte verfolgen und sehen, wie er bei jedem seiner Schritte eine rote Spur hinterl\u00e4sst. &#8222;Dann wohl heute kein Sieg.&#8220;, sagen sie sich.<br \/>\nKai bewegt sich mit raschem Tempo auf die Strecke und damit auch auf den T\u00fcrsteher zu. Dieser erstarrt vor Ehrfurcht, als er die Aufschrift &#8222;Luigi&#8220; auf seinem Anzug sieht, verbeugt sich und \u00f6ffnet ihm die T\u00fcr. &#8222;M\u00e4nners, wir k\u00f6nnen rein.&#8220;, gibt er zu verstehen. Die anderen folgen ihm und hinter ihnen trudelt ein weiterer Fahrer ein, der bis dato noch nicht eingetroffen ist: Er schnippst seine Zigarette weg und schlendert gem\u00fctlich \u00fcber den Parkplatz, seine Jogginghose flattert im Wind. Dank seines Outfits kommt er unauff\u00e4llig an den Fernsehteams vorbei und kann den anderen in Richtung Strecke folgen.<\/p>\n<p>Es ist nun 15:55 Uhr und ein Fahrer fehlt nachwievor. Die anderen bereiten sich aber schon auf ihre letzte Schlacht vor. Peter hat den R\u00fcckstand vor dem letzten Rennen bis auf f\u00fcnf Punkte verk\u00fcrzen k\u00f6nnen, braucht aber im besten Fall trotzdem einen Sieg und ein weiteres Kart zwischen sich und Stephan, um die Meisterschaft klarzumachen. Frank hat sein Warm-Up inzwischen beendet und ist wieder in der Boxengasse angekommen. Er steigt aus, l\u00e4sst seinen Helm auf, das Visier unten, geht an seinen Gegnern vorbei, nickt anerkennend und setzt sich dann wortlos in das Kart, das ihm f\u00fcr das Rennen zugeteilt worden ist. Die anderen Fahrer tun es ihm gleich und jeder begibt sich in seinen ganz eigenen Tunnel: Peter dehnt ein letztes Mal seinen R\u00fccken, Stephan atmet tief durch, Olli klappt den Sonnenschutz seines Helmes herunter, Claas zieht auf Grund der harten Schicht, die ihm bevorsteht, seine Arbeitshandschuhe an und startet seine Kamera, Norman legt sich bereits seine Undercut Strategie zurecht, die ihm den Sieg bringen soll, Udo klatscht mit jedem ab, Christian winkt den mitgereisten Fans zu, Tobi \u00fcbt schon mal den Einsatz des Vettelfingers und Andreas \u00fcberlegt sich, welche an den Haaren herbeigezogene Ausrede er heute nach dem Rennen zum Besten gibt.<\/p>\n<p>16:01 Uhr, Feuer frei: Die Fahrer verlassen die Boxengasse und beginnen das Qualifying. Voll gepumpt mit Adrenalin gestaltet heute jeder seine Schlangenlinien zum Aufw\u00e4rmen der Reifen besonders wild. W\u00e4hrenddessen ert\u00f6nt &#8222;Ferrari Testarossa&#8220; von Apache 207 drau\u00dfen auf dem Parkplatz in Ohren bet\u00e4ubender Lautst\u00e4rke. Der letzte Fahrer ist eingetroffen.<\/p>\n<p>Alex sprintet mit rotem Kopf zur Rennstrecke. Den Eingangsbereich erreicht, rempelt er einen Reporter zur Seite, springt \u00fcber drei 5 j\u00e4hrige dr\u00fcber und weicht einer Gruppe von Damen mit einer Pirouette aus, w\u00e4hrend er auf einer Banane herumkaut. Als er den Ort des Geschehens erreicht hat, kommt ihm ein Fahrer bereits entgegen: Frank hat vom Warm-Up- in den Wettkampfmodus geschaltet, in der zweiten Runde den Rundenrekord um mehr als eine Sekunde unterboten und kurz darauf die Box angesteuert, damit er kurz vor dem Rennen noch einen Kaffee trinken kann. Alex nimmt derweil das Qualifying mit Versp\u00e4tung auf und hat M\u00fche sich in das Fahrerfeld, das bereits in seinem Rhythmus ist, zu integrieren. Er bemerkt, dass er seine Bananenschale noch bei sich tr\u00e4gt und wirft sie kurzerhand auf die Strecke. Das soll Udo auf seiner schnellsten Runde zum Verh\u00e4ngnis werden: Er tuschiert die Bananenschale und legt gleich drei volle Drehungen hin, bevor er das Kart wieder unter Kontrolle bringen kann. F\u00fcr ihn bleibt am Ende Platz 10. Stephan legt das beste Qualifying unter den Normalsterblichen hin und sichert sich den zweiten Platz vor seinem Namensvetter. Kai startet von Platz 4 vor Norman und Olli. Alex hat auf Platz 7 Claas und Tobi im Nacken, die wiederum vor Udo stehen, da ihm sein erstes Top 5 Ergebnis von einer Bananenschale verwehrt worden ist. Doch wo ist Peter? Unter seinem Rennanzug tr\u00e4gt er immer noch seine Goldr\u00fcstung aus Medaillen und Pokalen. Der zus\u00e4tzliche Ballast beschert ihm am Ende des Qualifyings Platz 11 vor Christian und Andreas. Stephan glaubt die Meisterschaft schon im Sack zu haben, doch Peter gibt sich k\u00e4mpferisch. Nachdem Frank sein Kaffeep\u00e4uschen beendet hat, reiht er sich an der Spitze der Startaufstellung ein, die beiden Meisterschaftsrivalen suchen kurz den Blickkontakt zueinander und geben sich einen Daumen hoch. Ganz hinten geht Andreas mit Schwei\u00dfperlen auf der Stirn nochmal seine Ausreden durch: &#8222;Nein, die kann ich heute nicht bringen. Wie w\u00e4rs mit der?&#8230; Nee, Mist, die hatte ich auch schon.&#8220;, brainstormt er, w\u00e4hrend die Lichter ausgehen und das Rennen freigegeben wird.<\/p>\n<p>&#8222;Ich habs!&#8220;, denkt sich Andreas. Die Motoren heulen auf und 12 von 13 Karts nehmen das Rennen auf. Obwohl Frank keinen Fr\u00fchstart hingelegt hat, befindet er sich schon am Ausgang der zweiten Kurve, als die anderen Fahrer den Eingang der ersten Kurve erreichen. Der PH Stephan verteidigt Platz 2 gegen Stefan mit F. Dahinter kann Norman den angreifenden Olli wieder auskontern. Das gleiche gilt f\u00fcr Tobi, der einen routinierten Gegenangriff gegen Udo setzen kann. Nach diesem verh\u00e4ltnism\u00e4\u00dfig gesitteten Start steckt Peter nachwievor auf Platz 11 fest. Das Teilnehmerfeld beendet die erste Runde und passiert das erste Mal den immer noch in der Startaufstellung stehenden Andreas. Energisch tritt er in das linke Pedal und fuchtelt wild mit den Armen. &#8222;Das Kaaaart! Das Kart f\u00e4hrt einfach nicht!&#8220;, flucht er.<br \/>\nIn der Anfangsphase des Rennens findet ansonsten die gewohnte Gr\u00fcppchenbildung statt: Frank hat das Fahrerfeld bereits ein Mal \u00fcberrundet, Stephan ist immer noch Zweiter vor dem Mann in der Jogginghose. Dahinter klafft eine erste kleine L\u00fccke zu Kai, Norman und Olli, die wiederum ein Loch zu Alex gerissen haben, der sichtlich Schwierigkeiten hat, sich gegen die Fahrer hinter ihm zu verteidigen. Peter bemerkt in dieser Phase, dass er das Tempo der Top Ten nicht mitgehen kann und erkennt, dass er etwas unternehmen muss. Mit Trauer erf\u00fclltem Gesicht \u00f6ffnet er seinen Overall und befreit sich nach und nach von seinen mitgeschleppten Gegenst\u00e4nden. Ein letztes Mal liebkost er jede Medaille und jeden Pokal mit einem K\u00fcsschen. &#8222;Vergebt mir, meine Sch\u00e4tze.&#8220;, murmelt er vor sich hin. Christian hinter ihm fliegt beinahe ab, weil die Tr\u00e4nen seines Vordermannes auf dessen Visier landen, kann das Kart aber noch geradeso abfangen. Kurz darauf landen die Mitbringsel jenseits der Streckenbegrenzung, Peter klappt sein Visier runter und dr\u00fcckt den rechten Fu\u00df durch. Flammen treten in diesem Moment aus dem Auspuff seines Kartes. Christian muss ein weiteres Mal einen Unfall vermeiden, da er in der enstandenen Rauchwolke die n\u00e4chste Kurve nicht einsehen kann. Als er die Wolke durchquert hat, ist der gerade noch vor ihm fahrende Peter verschwunden. Die Aufholjagd hat begonnen.<\/p>\n<p>Davor geht das Rennen allm\u00e4hlich in die hei\u00dfe Phase: Alex wird von den Fahrern hinter ihm massiv unter Druck gesetzt. Zudem verh\u00e4lt sich sein Kart ungew\u00f6hnlich unruhig und unberechenbar auf dem Gaspedal und macht es den Verfolgern damit zus\u00e4tzlich schwer. Mehrfach ber\u00fchrt Claas das Heck seines ruckelnden Vordermannes. &#8222;Ja, nun fahr doch!&#8220;, br\u00fcllt er mit ausgestreckter Hand in Richtung Alex und bekommt gleichzeitig mehrere kleinere St\u00f6\u00dfe von hinten. Mit einem &#8222;Mann, Mann, pass doch auf!&#8220;, quittiert er die leichten Rempeleien seines Hintermannes. Dann, in einem kurzen Anflug von geistiger Abwesenheit, w\u00e4hrend er &#8222;Linke Spur, Kickdown&#8230;&#8220; vor sich hin summt, holt Alex vor der ersten Kurve auf der linken Seite zu weit aus und verbremst sich. Claas, Tobi und auch Udo k\u00f6nnen durchschl\u00fcpfen. Ein kurzer Blick r\u00fcber beim Vorbeifahren verr\u00e4t, dass er seine Kartschuhe vergessen hat. Etwas weiter vorne wollen sich Kai und Norman nicht mit den undankbaren Pl\u00e4tzen 4 und 5 zufrieden geben und steuern die Boxengasse an. Bei Norman handelt es sich um einen klassischen Undercutversuch, da er f\u00e4lschlicherweise glaubt, einen Pflichtboxenstop absolvieren zu m\u00fcssen. Kai ist der Meinung, auf 2 R\u00e4dern schneller unterwegs zu sein und demontiert kurzerhand 2 Reifen von seinem Gef\u00e4hrt. Peter, der durch diese interessanten Strategien zwei Positionen gewonnen hat, l\u00e4sst in der Zwischenzeit Alex und Udo einfach stehen und beobachtet nun den entbrennenden Zweikampf zwischen Claas und Tobi. Tobi versucht einen Angriff zu setzen, Claas sieht den Angriff in der Rechtskurve kommen und verteidigt die Innenseite, am folgenden Kurvenausgang hat Tobi die etwas bessere Beschleunigung und versucht, sich vor der n\u00e4chsten Linkskurve innen daneben zu setzen. Sein halbes Kart ist neben dem von Claas, die letzten entscheidenden Meter will er auf der Bremse gewinnen. Claas, der das sp\u00e4te Bremsman\u00f6ver nicht erwartet hat, lenkt ein und Tobi landet frontal in der Streckenbegrenzung. Claas dreht sich kurz um, sch\u00fcttelt den Kopf und winkt ab. &#8222;Wo soll ich denn hin? Da wollte er einfach zu viel.&#8220;, platzt es aus ihm heraus. Peter gewinnt so einen weiteren Platz und holt geistesgegenw\u00e4rtig \u00fcber au\u00dfen aus, damit er Claas, der viel Schwung verloren hat, ausbeschleunigen kann. Vor der n\u00e4chsten Rechtskurve ist er innen daneben, es kommt zu einem leichten Kontakt, hat aber am Kurvenausgang die Nase vorne. Der frustrierte Tobi beendet daraufhin sein Rennen. Ganz im Stile eines w\u00fctenden Formel 1 Fahrers l\u00e4sst er seinen Helm auf, als er an den zahllosen Reportern vorbeist\u00fcrmt, die ihm ihre Mikrofone unter Blitzlichtgewitter vors Gesicht halten, und verweigert die Interviews.<\/p>\n<p>Weit zur\u00fcckgefallen ins Renngeschehen zur\u00fcckgekehrt, muss Norman inzwischen feststellen, dass kein anderer Fahrer die Box aufgesucht hat. Er erkennt, dass sein Rennen gelaufen ist und setzt das Rennen mit h\u00e4ngenden Schultern und nur einer Hand am Lenkrad fort. Die andere Hand nutzt er, um bei jeder Rundendurchfahrt den Zuschauern zu winken, indem er unter seinem Kopfschutz alberne Grimassen schneidet. Auf den R\u00e4ngen entstehen Rangeleien um die vordersten Pl\u00e4tze: Die Fotografen rei\u00dfen sich um den besten Schnappschuss. Auch Kai stellt fest, dass seine Kosten-Nutzen-Rechnung nicht aufgeht. Nachdem er sich nach seinem Reifenwechsel auch hinter Norman einsortiert hat, hat er auf 2 R\u00e4dern aber zumindest an Tempo gewonnen und versucht sich deshalb am Extrapunkt f\u00fcr die schnellste Rennrunde.<\/p>\n<p>Peter, dessen Kart seit seiner Aufholjagd merkw\u00fcrdigerweise den Sound eines V8 Motoren besitzt, setzt seinen Weg Richtung Spitze unerbittlich fort. Sein Gaspedal wird so hart getreten, dass es langsam erste Risse zeigt. Olli hat er aber zu Beginn des letzten Renndrittels fast eingeholt, als Frank das Teilnehmerfeld ein zweites Mal \u00fcberrundet. Das \u00dcberholman\u00f6ver gegen Olli gestaltet sich problemlos: Ein Mal mehr treten Flammen aus seinem Auspuff, so dass er mit einem gewaltigen \u00dcberschuss an seinem Kontrahenten vorbeiziehen kann. Olli erleidet daraufhin in der entstandenen Rauchwolke einen schweren Hustenanfall und muss von der Rennleitung aus dem Rennen entfernt werden. Er wird ins Medical Center gebracht und dort auf ein Ger\u00fcchten zufolge neuartiges Virus, das angeblich aus dem chinesischen Raum stammen soll, untersucht.<\/p>\n<p>Nur noch wenige Runden bleiben Peter, um die Meisterschaftssituation doch noch umzukrempeln. Er hat jedoch den direkten Anschluss an Stefan und Stephan gefunden. Den immer noch in der Startaufstellung stehenden und fluchenden Andreas blenden die Beteiligten mittlerweile aus. Kurze Zeit sp\u00e4ter kann Peter tats\u00e4chlich eine leichte Unkonzentriertheit seines Vordermannes zu seinen Gunsten nutzen: Er bremst sich an seinem Gegner vorbei und liegt nun direkt hinter seinem Meisterschaftskonkurrenten. In der absoluten Schlussphase des Rennens spitzt sich die Situation zu und Peter, der das Momentum auf seiner Seite hat, wittert seine Chance: Er versucht es in der ersten Rechtskurve auf der Innenseite, der Pr\u00e4si holt weit aus und kontert seinen Rivalen auf Grund der besseren Beschleunigung am Kurvenausgang aus. In der darauffolgenden Linkskurve verteidigt Stephan die Innenseite, Peter holt jetzt weit aus und versucht nun selbst am Kurvenausgang die bessere Beschleunigung f\u00fcr sich zu nutzen. Er schafft es auf dem Weg zur n\u00e4chsten Kurve bis auf gleiche H\u00f6he und kann in der n\u00e4chsten Kurve die Innenseite f\u00fcr sich beanspruchen, Stephan geht volles Risiko und versucht \u00fcber au\u00dfen mitzugehen, bleibt auf gleicher H\u00f6he mit seinem Kontrahenten und hat in der n\u00e4chsten Kurve nun selbst die Innenseite, in der wiederum Peter versucht, mit Schwung \u00fcber au\u00dfen mitzuziehen. Vier Kurven sp\u00e4ter sind die beiden in einer perfekt performten Choreografie immer noch nebeneinander. F\u00fcr die folgende Linkskurve, die mit einem harten Bremspunkt wartet, hat sich Peter innen und Stephan au\u00dfen positioniert. Peter hat am Kurveneingang die Nase vorne, Stephan versucht auf der Bremse alles, muss aber jetzt einen minimalen Rutscher verzeichnen, der Peter einen entscheidenden Vorteil am Kurvenausgang verschafft. Doch nicht nur das: Stephan verliert am Kurvenausgang zu viel Schwung und b\u00fc\u00dft eine weitere Position gegen seinen Namensvetter ein. Die Meisterschaft, die er das ganze Rennen \u00fcber sicher in den H\u00e4nden gehalten hat, droht ihm auf den letzten Metern doch noch aus den Fingern zu gleiten. Noch hat er aber einen Vorteil von einem Punkt auf seiner Seite, bis etwas Unfassbares geschieht: Ein lauter Knall ist in der Halle zu h\u00f6ren, Rauch steigt aus Franks Kart auf. Er rollt aus! Ihren Augen nicht trauend beobachtet die Menge, wie er sein Fahrzeug an der Seite abstellt, aufsteht, einmal emotionslos gegen einen Reifen tritt und dann mit h\u00e4ngendem Kopf in Richtung Boxengasse stiefelt. Die Fahrer passieren das gestrandete Kart von Frank ein Mal. Am Ende der Runde wird das Rennen abgewunken. Peter jubelt zur\u00fcckhaltend, Stephan sieht sich, nachdem er an der schwarz wei\u00df karierten Flagge vorbeigefahren ist, mit einem Blick, der sagt &#8222;Was genau ist hier gerade passiert?&#8220; um.<\/p>\n<p>Die Nerven in den Fanlagern liegen blank. Der Security Mann hat alle H\u00e4nde voll zu tun, die erhitzten Gem\u00fcter zu beruhigen. In der Box angekommen herrscht bei den Fahrern Unklarheit \u00fcber das Endergebnis. Peter, Stefan mit F und der PH Stephan machen sich aber auf zum Podium, wo die Siegerehrung stattfinden soll. Der Pr\u00e4si hat ein mulmiges Gef\u00fchl in der Magengegend: Ein Sieg von Peter bei einem gleichzeitigen dritten Platz von ihm w\u00fcrde bedeuten, dass Punktegleichstand herrscht, Peter aber mehr Siege h\u00e4tte, da er die letzten beiden Rennen gewonnen hat und damit den Titel holen w\u00fcrde. Ein eingeflogener Moderator, der mit seinen auff\u00e4llig bunten Klamotten verd\u00e4chtig nach Kai Ebel aussieht, erwischt Stephan in seinen Gedanken versunken und \u00fcberrascht ihn mit seiner Aussage: &#8222;Herr Zeisberg, ich muss Sie leider bitten, ein St\u00fcck zur\u00fcckzutreten. K\u00f6nnen Sie mir stattdessen Herrn Dieckmann nach vorne schicken?&#8220;<br \/>\nVerwirrt tauschen Frank und Stephan die Pl\u00e4tze, als der Moderator mit der Siegerehrung beginnt: &#8222;Meine Damen und Herren, danke, dass Sie so zahlreich erschienen sind und ansonsten bleibt mir nur zu sagen: WAS F\u00dcR EIN RENNEN. Ich m\u00f6chte nun die Top 3 aufs Podium bitten: Stefan Kr\u00f6ger auf Platz 3, Peter Spinger auf Platz 2 und kurios: auf Platz 1 ein Fahrer, der die Zielflagge gar nicht gesehen hat, aber trotz seines Motorschadens immer noch eine Runde Vorsprung hatte, als das Rennen abgewunken wurde und damit das Rennen gewinnt: Frank Dieckmann!&#8220;<\/p>\n<p>Die Verwirrung in Stephans Gesicht wandelt sich zu einem erleichterten L\u00e4cheln. Ihm ist klar: Er hat den Titel &#8211; mit einem Punkt Vorsprung! Auch Peter wei\u00df es. Dieser kann nicht anders als zu lachen, wo er so etwas doch auch noch nie erlebt hat. Er holt den jetzt frei heraus jubelnden Stephan mit aufs Podium und verpasst ihm eine Champagnerdusche. &#8222;Wir gratulieren dem frisch gebackenen Meister, Stephan Zeisberg!&#8220;, ruft der Moderator kurze Zeit sp\u00e4ter. Er \u00fcbergibt ihm die riesige Troph\u00e4e f\u00fcr seinen Titelgewinn und bittet ihn dann um ein kurzes Interview. Sichtlich ergriffen spricht Stephan: &#8222;Ich danke dem Boden, ohne den ich heute nicht hier stehen w\u00fcrde!&#8220;<br \/>\nDie Menge tobt. Neongr\u00fcne BHs und Slips fliegen von allen Seiten zu Stephans F\u00fc\u00dfen. Freudestrahlend nimmt er sich nun die Zeit, Autogrammkarten zu unterschreiben und mit jedem seiner Fans f\u00fcr Fotos zu posieren und hinterl\u00e4sst so leuchtende Kinderaugen. Alle Fahrer, auch der &#8211; wie mittlerweile bekannt &#8211; kerngesunde Olli, genie\u00dfen die gel\u00f6ste Stimmung und die Party vor Ort.<\/p>\n<p>Nach einiger Zeit wird es leerer und etwas Ruhe kehrt ein. Stephan nimmt die riesige Meisterschaftstroph\u00e4e, die fast halb so gro\u00df ist wie er selbst, auf den Arm und l\u00e4sst mit seinem Meisterschaftsrivalen ein letztes Erinnerungsfoto von Vanessa schie\u00dfen. Beim Verlassen der Anlage beobachtet sie den strahlenden Sieger, als er an ihr vorbeigeht und denkt sich: &#8222;Mann, der Pokal h\u00e4tte sich auch echt gut bei uns Zuhause gemacht.&#8220;<br \/>\nStephan bemerkt ihren nach dem Pokal lechzenden Blick, dreht sich um, sieht sie an, grinst frech und sagt mit einem Augenzwinkern: &#8222;Nur gucken, nicht anfassen.&#8220;<\/p>\n<p>ENDE<\/p>\n<p>Copyright Alex P.<\/p>\n","protected":false},"excerpt":{"rendered":"<p>Unser Fahrer Alex hat sich in der Coronazeit mal gedanken gemacht wie unser Saisonfinale aussehen k\u00f6nnte. Diese Geschichte etwas \u00fcberspitzt und sooo Lustig musste ich nun hier f\u00fcr euch alle Posten : Ein Mann, l\u00e4ssig mit dem R\u00fccken an sein Auto gelehnt, steht auf dem Parkplatz und genie\u00dft die Ruhe vor dem Sturm. Er starrt &hellip; <a href=\"http:\/\/kart-hornets.de\/?page_id=649\" class=\"more-link\"><span class=\"screen-reader-text\">DAS Saisonfinale<\/span> weiterlesen <span class=\"meta-nav\">&rarr;<\/span><\/a><\/p>\n","protected":false},"author":1,"featured_media":0,"parent":0,"menu_order":0,"comment_status":"closed","ping_status":"closed","template":"","meta":{"jetpack_post_was_ever_published":false,"footnotes":""},"class_list":["post-649","page","type-page","status-publish","hentry"],"jetpack_sharing_enabled":true,"jetpack_shortlink":"https:\/\/wp.me\/PaboIV-at","_links":{"self":[{"href":"http:\/\/kart-hornets.de\/index.php?rest_route=\/wp\/v2\/pages\/649","targetHints":{"allow":["GET"]}}],"collection":[{"href":"http:\/\/kart-hornets.de\/index.php?rest_route=\/wp\/v2\/pages"}],"about":[{"href":"http:\/\/kart-hornets.de\/index.php?rest_route=\/wp\/v2\/types\/page"}],"author":[{"embeddable":true,"href":"http:\/\/kart-hornets.de\/index.php?rest_route=\/wp\/v2\/users\/1"}],"replies":[{"embeddable":true,"href":"http:\/\/kart-hornets.de\/index.php?rest_route=%2Fwp%2Fv2%2Fcomments&post=649"}],"version-history":[{"count":3,"href":"http:\/\/kart-hornets.de\/index.php?rest_route=\/wp\/v2\/pages\/649\/revisions"}],"predecessor-version":[{"id":821,"href":"http:\/\/kart-hornets.de\/index.php?rest_route=\/wp\/v2\/pages\/649\/revisions\/821"}],"wp:attachment":[{"href":"http:\/\/kart-hornets.de\/index.php?rest_route=%2Fwp%2Fv2%2Fmedia&parent=649"}],"curies":[{"name":"wp","href":"https:\/\/api.w.org\/{rel}","templated":true}]}}