{"id":692,"date":"2020-09-04T12:59:53","date_gmt":"2020-09-04T12:59:53","guid":{"rendered":"http:\/\/kart-hornets.de\/?page_id=692"},"modified":"2020-09-04T12:59:53","modified_gmt":"2020-09-04T12:59:53","slug":"oldenzaal-2020-saisonauftakt","status":"publish","type":"page","link":"http:\/\/kart-hornets.de\/?page_id=692","title":{"rendered":"Oldenzaal 2020 Saisonauftakt"},"content":{"rendered":"<p>Am 04.07.20 sollte die neue Saison der Kart-Hornets an altbekannter St\u00e4tte in Oldenzaal starten. Und die neue Saison w\u00e4re nicht die neue Saison, wenn sie nicht wieder mit einigen \u00c4nderungen aufwarten w\u00fcrde: Neben einem Streichergebnis f\u00fcr alle Beteiligten und einigen neuen Strecken im Rennkalender wird auch das Rennformat um zehn Minuten verl\u00e4ngert. Von den ab jetzt 30 min\u00fctigen Rennen versprechen sich alle Teilnehmer noch mehr Spannung, noch mehr \u00dcberholman\u00f6ver und mehr Abwechslungsreichtum an der Spitze und direkt beim Saisonauftakt wurde niemand entt\u00e4uscht.<\/p>\n<p>In dem Qualifying auf feuchter Strecke machte Stephan da weiter, wo er in der Saison zuvor aufgeh\u00f6rt hatte: Auf Platz Eins. Dahinter sicherte sich Claas den zweiten Startplatz vor dem \u00fcberraschend auf Platz Drei liegenden Alex. Tobi und Olli komplettierten die ersten F\u00fcnf gefolgt von Ralf und Udo. Ebenfalls \u00fcberraschend kam Peter nicht \u00fcber Platz Acht hinaus, er lie\u00df jedoch Norman und Christian hinter sich, die ihrerseits vor Kai und Andreas ins Rennen gingen. Frank blieb mit Platz 13 auch unter seinen M\u00f6glichkeiten, Stefan K. konnte auf Platz 14 nur eine Runde absolvieren. Diese reichte aber, um das Rennen vor Carsten in Angriff zu nehmen.<\/p>\n<p>Zu Beginn des Rennens war die Strecke nachwievor in nassem Zustand. An der Spitze ging es hei\u00df her: Tobi kassierte Alex um Platz Drei, in der Folge entbrannte ein Zweikampf um die Spitze. Alex und Olli fanden fortan besser ins Rennen und schlossen die L\u00fccke zu den ersten Dreien. Das erste Renndrittel lebte von der Spannung an der Spitze, ehe die Strecke abzutrocknen begann und sich die Kr\u00e4fteverh\u00e4ltnisse massiv verschieben sollten: Stefan K. ging zuerst das h\u00f6chste Risiko und wurde mit blendenden Rundenzeiten belohnt, auch Kai wurde schneller und schneller je aggressiver er attackieren konnte. Frank und Peter marschierten im Gleichschritt durchs Feld, je trockener es wurde.<br \/>\nAlex, der nachwievor in den Kampf um die Spitze involviert war, suchte seine Chance gegen Tobi, verbremste sich auf der nassen Spur und rutschte in Tobi hinein. Olli konnte dem nicht ausweichen und verlor ebenfalls wertvolle Zeit. Die beiden Br\u00fcder nahmen das Rennen jedoch k\u00e4mpferisch wieder auf und jagten die Spitze erneut. Alex und Claas verloren zu diesem Zeitpunkt ihren Vorteil, den sie noch auf der nassen Strecke hatten. Stefan K. hatte bereits die Spitzengruppe erreicht, ehe ihn ein folgenschwerer Dreher bis ans Ende des Feldes zur\u00fcckwarf und damit zunichte machte, was ein grandioses Comeback h\u00e4tte werden k\u00f6nnen. Eine Schrecksekunde gab es etwas weiter hinten im Feld, als Kai wohl gerade den Song &#8222;Astronaut&#8220; von Andreas Bourani abspielte. Im Zweikampf mit Norman fuhr er \u00fcber die Streckenbegrenzung und hob ab. Nichts hielt ihn am Boden. Sein Kart fand gl\u00fccklicherweise ohne die Gef\u00e4hrdung anderer den Weg zur\u00fcck auf die Strecke, so dass auch er seine Aufholjagd fortsetzen konnte und wir heute Sp\u00e4\u00dfe \u00fcber diese Situation machen k\u00f6nnen. Eines der ereignisreichsten Rennen der Kart-Hornets Geschichte ging in die hei\u00dfe Phase: Das Rennen war lang, st\u00e4ndig \u00e4nderten sich die Streckenbedingungen und damit die Kr\u00e4fteverh\u00e4ltnisse auf der Strecke. Zahlreiche Zweik\u00e4mpfe, beherzte Angriffe, kleine Fehlerchen und gute Verteidigungsman\u00f6ver zogen sich durch das gesamte Rennen, ehe sich ein Gesamtbild abzeichnen konnte. Weitere Zwischenf\u00e4lle sp\u00fclten Norman ans Ende des Feldes, Andreas und Carsten befanden sich unmittelbar vor ihm und Stefan K. musste sich zum Schluss trotz seiner Bem\u00fchungen mit Platz Zw\u00f6lf zufrieden geben. Udo wurde Elfter und Christian fuhr ein starkes Top Ten Ergebnis ein. Zu den Verlierern des Tages musste sich Alex z\u00e4hlen, der nach einem starken Qualifying auf trockener Strecke an Boden verlor und Neunter wurde. Peter und Frank schafften es gegen Ende nicht mehr, an Ralf vorbeizukommen. Claas rettete einen soliden f\u00fcnften Platz ins Ziel, Kais beherzte Leistung bescherte ihm am Ende Platz Vier. Olli raufte sich nach dem Zwischenfall im ersten Renndrittel zusammen und schaffte es noch aufs Podium, f\u00fcr Tobi lief es sogar noch besser: Er k\u00e4mpfte sich bis an die Spitze des Feldes zur\u00fcck, Stephan setzte ihn bis zum Schluss unter Druck, ging aber nicht mehr volles Risiko, so wie es zahlreiche andere vor ihm vielversprechende Ergebnisse gekostet hatte und brachte den zweiten Platz \u00fcber die Linie.<\/p>\n","protected":false},"excerpt":{"rendered":"<p>Am 04.07.20 sollte die neue Saison der Kart-Hornets an altbekannter St\u00e4tte in Oldenzaal starten. Und die neue Saison w\u00e4re nicht die neue Saison, wenn sie nicht wieder mit einigen \u00c4nderungen aufwarten w\u00fcrde: Neben einem Streichergebnis f\u00fcr alle Beteiligten und einigen neuen Strecken im Rennkalender wird auch das Rennformat um zehn Minuten verl\u00e4ngert. Von den ab &hellip; <a href=\"http:\/\/kart-hornets.de\/?page_id=692\" class=\"more-link\"><span class=\"screen-reader-text\">Oldenzaal 2020 Saisonauftakt<\/span> weiterlesen <span class=\"meta-nav\">&rarr;<\/span><\/a><\/p>\n","protected":false},"author":1,"featured_media":0,"parent":0,"menu_order":0,"comment_status":"closed","ping_status":"closed","template":"","meta":{"jetpack_post_was_ever_published":false,"footnotes":""},"class_list":["post-692","page","type-page","status-publish","hentry"],"jetpack_sharing_enabled":true,"jetpack_shortlink":"https:\/\/wp.me\/PaboIV-ba","_links":{"self":[{"href":"http:\/\/kart-hornets.de\/index.php?rest_route=\/wp\/v2\/pages\/692","targetHints":{"allow":["GET"]}}],"collection":[{"href":"http:\/\/kart-hornets.de\/index.php?rest_route=\/wp\/v2\/pages"}],"about":[{"href":"http:\/\/kart-hornets.de\/index.php?rest_route=\/wp\/v2\/types\/page"}],"author":[{"embeddable":true,"href":"http:\/\/kart-hornets.de\/index.php?rest_route=\/wp\/v2\/users\/1"}],"replies":[{"embeddable":true,"href":"http:\/\/kart-hornets.de\/index.php?rest_route=%2Fwp%2Fv2%2Fcomments&post=692"}],"version-history":[{"count":1,"href":"http:\/\/kart-hornets.de\/index.php?rest_route=\/wp\/v2\/pages\/692\/revisions"}],"predecessor-version":[{"id":693,"href":"http:\/\/kart-hornets.de\/index.php?rest_route=\/wp\/v2\/pages\/692\/revisions\/693"}],"wp:attachment":[{"href":"http:\/\/kart-hornets.de\/index.php?rest_route=%2Fwp%2Fv2%2Fmedia&parent=692"}],"curies":[{"name":"wp","href":"https:\/\/api.w.org\/{rel}","templated":true}]}}