{"id":694,"date":"2020-09-04T13:01:20","date_gmt":"2020-09-04T13:01:20","guid":{"rendered":"http:\/\/kart-hornets.de\/?page_id=694"},"modified":"2020-09-04T13:01:20","modified_gmt":"2020-09-04T13:01:20","slug":"bocholt-2020","status":"publish","type":"page","link":"http:\/\/kart-hornets.de\/?page_id=694","title":{"rendered":"Bocholt 2020"},"content":{"rendered":"<p>&#8222;Ring frei f\u00fcr Runde Zwei&#8220; hie\u00df es f\u00fcr die Kart-Hornets am 08.08.20 in Bocholt. Bei brennend hei\u00dfen Temperaturen sahen sich alle Fahrer erstmals damit konfrontiert ein Rennen in der L\u00e4nge des neuen Formats bei diesen Bedingungen zu absolvieren.<\/p>\n<p>Zus\u00e4tzlich mussten die Fahrer schnell ihren Rhythmus finden: Das zehnmin\u00fctige Qualifying verlangte den Fahrern auf Grund der langen Rundenzeit, wenn sowohl Indoor- als auch Outdoorbereich genutzt werden, h\u00f6chste Konzentration ab und es war Frank, der diese Aufgabe am besten meistern konnte. Tobi behielt das Momentum auf seiner Seite und wurde Zweiter vor Stephan. Kai belegte Platz Vier vor Peter, der wiederum Olli und Alex hinter sich lie\u00df. Udo startete von Platz Acht und distanzierte damit Stefan K. und Christian.<\/p>\n<p>Beim fliegenden Start blieb die Ausgangssituation der Reihenfolge bestehen. Im Mittelfeld zeichnete sich jedoch direkt ab, dass Olli heute alle H\u00e4nde voll zu tun bekommt, sein Kart schnell um den Kurs zu bewegen und die Verfolger hinter sich zu halten. Etwas \u00fcberm\u00fctig versuchte sich Alex an einem \u00dcberholman\u00f6ver, kam zu weit raus und wurde gleich von Udo und Stefan K. geschnupft. Olli konnte sich so ein klein wenig Luft zu seinen Kontrahenten verschaffen, aber auch heute zeigte das l\u00e4ngere Rennformat seine Z\u00e4hne. Das hintere Mittelfeld spielte heute den Alleinunterhalter und zuerst konnte Stefan K. und sp\u00e4ter auch Alex an Udo vorbeiziehen und Jagd auf Olli machen. Die hinteren beiden Pl\u00e4tze waren mit Christian und Udo belegt, doch davor n\u00e4herte sich Alex dem Duo bestehend aus Olli und Stefan, der seinen Vordermann bereits ein paar Runden zuvor eingefangen hat. Stefan versuchte alles in seiner Macht stehende, um Olli zu knacken: Einmal war er au\u00dfen fast vorbei und musste zur\u00fcckstecken, ein anderes Mal versuchte er es kurz vor Schluss auf dem Au\u00dfenbereich, Alex dahinter versuchte zu profitieren und setzte einmal zum \u00dcberholman\u00f6ver gegen Stefan an, musste dann aber selbst zur\u00fcckziehen. So brachte Olli den sechsten Platz am Ende \u00fcber die Linie, nachdem sich die letzten Runden f\u00fcr ihn wie eine halbe Ewigkeit anf\u00fchlten. Davor setzte Peter Kai unter Druck. Dieser lie\u00df jedoch nichts anbrennen und fuhr den vierten Platz ohne eine ernsthafte Gef\u00e4hrdung nach Hause. Das gleiche galt f\u00fcr den Zweikampf um Platz Zwei und Drei bestehend aus Tobi und Stephan. Wie schon im Vormonat verfolgte der Pr\u00e4si den Meisterschaftsleader auf Schritt und Tritt, die \u00dcberholchance, auf die er wartete, ergab sich aber nicht, w\u00e4hrend Frank an der Spitze unbeeindruckt von den Ereignissen hinter ihm einen souver\u00e4nen Sieg einfuhr.<\/p>\n<p>Mit diesem Ergebnis kann Tobi die F\u00fchrung vorerst festigen. Seine 37 Punkte sind gut genug f\u00fcr einen Vorteil von 5 Punkten gegen\u00fcber dem amtierenden Meister und Pr\u00e4si Stephan. Olli befindet sich mit 26 Punkten in Lauerstellung dahinter.<\/p>\n","protected":false},"excerpt":{"rendered":"<p>&#8222;Ring frei f\u00fcr Runde Zwei&#8220; hie\u00df es f\u00fcr die Kart-Hornets am 08.08.20 in Bocholt. Bei brennend hei\u00dfen Temperaturen sahen sich alle Fahrer erstmals damit konfrontiert ein Rennen in der L\u00e4nge des neuen Formats bei diesen Bedingungen zu absolvieren. Zus\u00e4tzlich mussten die Fahrer schnell ihren Rhythmus finden: Das zehnmin\u00fctige Qualifying verlangte den Fahrern auf Grund der &hellip; <a href=\"http:\/\/kart-hornets.de\/?page_id=694\" class=\"more-link\"><span class=\"screen-reader-text\">Bocholt 2020<\/span> weiterlesen <span class=\"meta-nav\">&rarr;<\/span><\/a><\/p>\n","protected":false},"author":1,"featured_media":0,"parent":0,"menu_order":0,"comment_status":"closed","ping_status":"closed","template":"","meta":{"jetpack_post_was_ever_published":false,"footnotes":""},"class_list":["post-694","page","type-page","status-publish","hentry"],"jetpack_sharing_enabled":true,"jetpack_shortlink":"https:\/\/wp.me\/PaboIV-bc","_links":{"self":[{"href":"http:\/\/kart-hornets.de\/index.php?rest_route=\/wp\/v2\/pages\/694","targetHints":{"allow":["GET"]}}],"collection":[{"href":"http:\/\/kart-hornets.de\/index.php?rest_route=\/wp\/v2\/pages"}],"about":[{"href":"http:\/\/kart-hornets.de\/index.php?rest_route=\/wp\/v2\/types\/page"}],"author":[{"embeddable":true,"href":"http:\/\/kart-hornets.de\/index.php?rest_route=\/wp\/v2\/users\/1"}],"replies":[{"embeddable":true,"href":"http:\/\/kart-hornets.de\/index.php?rest_route=%2Fwp%2Fv2%2Fcomments&post=694"}],"version-history":[{"count":1,"href":"http:\/\/kart-hornets.de\/index.php?rest_route=\/wp\/v2\/pages\/694\/revisions"}],"predecessor-version":[{"id":695,"href":"http:\/\/kart-hornets.de\/index.php?rest_route=\/wp\/v2\/pages\/694\/revisions\/695"}],"wp:attachment":[{"href":"http:\/\/kart-hornets.de\/index.php?rest_route=%2Fwp%2Fv2%2Fmedia&parent=694"}],"curies":[{"name":"wp","href":"https:\/\/api.w.org\/{rel}","templated":true}]}}