{"id":730,"date":"2021-07-05T17:05:28","date_gmt":"2021-07-05T17:05:28","guid":{"rendered":"http:\/\/kart-hornets.de\/?page_id=730"},"modified":"2021-07-05T17:05:28","modified_gmt":"2021-07-05T17:05:28","slug":"rennbericht-hagen-2021","status":"publish","type":"page","link":"http:\/\/kart-hornets.de\/?page_id=730","title":{"rendered":"Rennbericht Hagen 2021"},"content":{"rendered":"<div class=\"page\" data-page-number=\"1\" data-loaded=\"true\">\n<div class=\"textLayer\">Langsam aber sicher kehrt die Normalit\u00e4t in den Alltag zur\u00fcck und so waren die Kart-Hornets in der Lage zu ihrem normalen Rhythmus zur\u00fcckzufinden und am ersten Samstag des Julis, dem 03.07.21, ihr Rennen in Hagen auszutragen, nachdem man einen Monat zuvor wieder ins Renngeschehen eingestiegen war. Es sollte der Startschuss werden zu den zw\u00f6lf Rennen, die bis zum Juni 2022 die verl\u00e4ngerte Saison 20-22 formen, in deren Wertung auch die Rennen mit einbezogen werden, die bereits vor dem langen Lockdown absolviert worden waren.<\/div>\n<div class=\"textLayer\">Der Gro\u00dfteil der Fahrer hoffte auf dieserHighspeed Strecke auf trockene Bedingungen und die zw\u00f6lf Teilnehmer wurden nicht entt\u00e4uscht: DasWetter war pr\u00e4destiniert f\u00fcr schnelle Rundenzeiten und Windschattenjagden im Rennen.Etwas \u00fcberraschend existierten mal mehr, mal weniger deutlich sp\u00fcrbare Unterschiede zwischen diversen Karts in Bezug auf deren Motorleistung.<\/div>\n<div><\/div>\n<div class=\"textLayer\">So hatte Christian am Ende des Qualifyings die rote Laterne inne. Direkt vor ihm rangierte Stefan K., der seinerseits hinter Tobi und Udo lag. Davor reichte es f\u00fcr Frank nur zu Platz Acht. Alex reihte sich auf Platz Sieben hinter Stephan ein, der den vorihm liegenden Norman ins Visier nahm. Mit Platz Vier verpasste Ralf die Top Drei nur knapp und reihte sich hinter Olli und Claas ein. An der Spitze lie\u00df Peter nichts anbrennen. Zu Beginn des Qualifyings noch gezwungen das Kart auf Grund eines Reifenschadens zu wechseln, verlie\u00df er die Boxengasse ein zweites Mal und distanzierte die Konkurrenz anschlie\u00dfend um eine Sekunde.Einige Fahrer haderten aber mit ihrem Gef\u00e4hrt, nahmen vor Rennstart noch einen Kartwechsel vor und mussten das Rennen so vom Ende des Feldes bestreiten: Tobi und Frank glaubten mehr von einem Kartwechsel als von einem Startplatz weiter vorn zu profitieren und wirbelten die Startaufstellung so noch einmal durcheinander. Die Fahrer reihten sich auf ihren Startpositionen ein und als die Lichter ausgingen, wurde es ein k\u00f6rperlich sehr intensives Rennen, das aber mehr von derSpannung lebte als von den gro\u00dfen Zweik\u00e4mpfen, die es im Vorjahr noch gegeben hatte. Ganz vorne checkte Peter bereits fr\u00fch aus und baute eine L\u00fccke zu seinen Verfolgern auf, Claas hatte Schwierigkeiten, das Tempo des Polesetters mitzugehen, Norman kam schlecht von der Linie weg und wurde bereits vor der ersten Kurve von Stephan \u00fcberholt. Von hinten starteten Tobi und Frank ihre Aufholjagden. Ein verhexter Tag wurde es f\u00fcr Stefan K: Frisch geimpft und k\u00f6rperlich angeschlagen konnte er das Ruder im Rennen nicht mehr herumrei\u00dfen. Im Gegenteil: Er gab das Rennen vorzeitig auf und beobachtete die finale Phase des Rennens von der Boxengasse aus. Christian konnte Frank und Tobi nicht hinter sich halten und landete damit am Ende auf Platz Elf. Auch an Udo konnte das Duo, das einen Kartwechsel vollzogen hatte, vorbeigehen und es war Frank, der innerhalb dieses Duos die Oberhand behielt. Aber auch f\u00fcr ihn reichte es nicht mehr, um den Fahrern davor noch gef\u00e4hrlich zu werden. Mit Platz Acht fuhr er am Ende seinen urspr\u00fcnglichen Startplatz ein. Davor entwickelte sich eine Kampfgruppe, die um die Pl\u00e4tze Vier bis Sieben rang: Alex tat sich zun\u00e4chst schwer, an dem Trio vor ihm dranzubleiben. Stephan, der Norman bereits am Start kassierte, versuchte Claas unter Druck zu setzen, nachdem dieser seine zweite Startposition in der fr\u00fchen Phase des Rennens an Olli und Ralf verloren hatte. Doch Norman schlug zur\u00fcck, ging am Pr\u00e4si vorbei und konnte kurzzeitig auch zum Angriff gegen Claas ansetzen. Seine Freude sollte jedoch nur von kurzer Dauer sein: Claas konterte Norman aus, der im Anschluss eine weitere Position an Stephan abgeben musste. In der zweiten Rennh\u00e4lfte fand Alex den direkten Anschluss an die Streith\u00e4hne vor ihm, mischte ebenfalls mit und wartete auf seine Chance, die sich aber nicht mehr ergeben sollte. Stephan bezwang Claas in einem Duell, bei dem die Ellenbogen ausgefahren wurden. Claas und Norman machten aber keine weiteren Fehler mehr und behielten ihre Pl\u00e4tze F\u00fcnf und Sechs. Der Kampf ums Podium war eher psychologischer Natur als von Rad an Rad Action auf der Strecke gepr\u00e4gt: Olli verwaltete den am Start eroberten zweiten Platz, Ralf versuchte immer wieder, sich an seinen Kontrahenten heranzurobben, fuhr zeitweise schneller als sein Gegner und konnte die L\u00fccke verkleinern. Auf der Gegenseite war Olli immer wieder in der Lage, bessere Rundenzeiten zu produzieren, wenn er gefordert wurde und verteidigte Platz Zwei so bis zum Schluss.<\/div>\n<div><\/div>\n<div class=\"textLayer\">An der Spitze zog Peter einsam seine Kreise. Mit den kleineren Scharm\u00fctzeln um ihn herum, hatte er das gesamte Rennen \u00fcber nichts am Hut. In seiner eigenen Liga unterwegs gelang ihm heute der lang ersehnte Befreiungsschlag und fuhr vom Start bis zur Ziellinie einem souver\u00e4nen, niemals gef\u00e4hrdeten und hoch verdienten Sieg entgegen.<\/div>\n<div><\/div>\n<div class=\"textLayer\">Sein hart erk\u00e4mpfter vierter Platz erlaubt es Stephan, seine F\u00fchrung in der Meisterschaft weiter auszubauen: Mit 87 Punkten auf seinem Konto hat er nun acht Punkte Vorsprung auf Tobi, der weiterFedern lassen muss. Peter meldet sich mit seinem eindrucksvollen Sieg zur\u00fcck in den Top Drei. Dank seiner 20 Punkte aus diesem Rennen kann er jetzt 71 Punkte vorweisen und bringt sich damit f\u00fcr die folgenden Rennen in eine aussichtsreiche Verfolgerposition.<\/div>\n<\/div>\n","protected":false},"excerpt":{"rendered":"<p>Langsam aber sicher kehrt die Normalit\u00e4t in den Alltag zur\u00fcck und so waren die Kart-Hornets in der Lage zu ihrem normalen Rhythmus zur\u00fcckzufinden und am ersten Samstag des Julis, dem 03.07.21, ihr Rennen in Hagen auszutragen, nachdem man einen Monat zuvor wieder ins Renngeschehen eingestiegen war. Es sollte der Startschuss werden zu den zw\u00f6lf Rennen, &hellip; <a href=\"http:\/\/kart-hornets.de\/?page_id=730\" class=\"more-link\"><span class=\"screen-reader-text\">Rennbericht Hagen 2021<\/span> weiterlesen <span class=\"meta-nav\">&rarr;<\/span><\/a><\/p>\n","protected":false},"author":1,"featured_media":0,"parent":0,"menu_order":0,"comment_status":"closed","ping_status":"closed","template":"","meta":{"jetpack_post_was_ever_published":false,"footnotes":""},"class_list":["post-730","page","type-page","status-publish","hentry"],"jetpack_sharing_enabled":true,"jetpack_shortlink":"https:\/\/wp.me\/PaboIV-bM","_links":{"self":[{"href":"http:\/\/kart-hornets.de\/index.php?rest_route=\/wp\/v2\/pages\/730","targetHints":{"allow":["GET"]}}],"collection":[{"href":"http:\/\/kart-hornets.de\/index.php?rest_route=\/wp\/v2\/pages"}],"about":[{"href":"http:\/\/kart-hornets.de\/index.php?rest_route=\/wp\/v2\/types\/page"}],"author":[{"embeddable":true,"href":"http:\/\/kart-hornets.de\/index.php?rest_route=\/wp\/v2\/users\/1"}],"replies":[{"embeddable":true,"href":"http:\/\/kart-hornets.de\/index.php?rest_route=%2Fwp%2Fv2%2Fcomments&post=730"}],"version-history":[{"count":1,"href":"http:\/\/kart-hornets.de\/index.php?rest_route=\/wp\/v2\/pages\/730\/revisions"}],"predecessor-version":[{"id":731,"href":"http:\/\/kart-hornets.de\/index.php?rest_route=\/wp\/v2\/pages\/730\/revisions\/731"}],"wp:attachment":[{"href":"http:\/\/kart-hornets.de\/index.php?rest_route=%2Fwp%2Fv2%2Fmedia&parent=730"}],"curies":[{"name":"wp","href":"https:\/\/api.w.org\/{rel}","templated":true}]}}