{"id":755,"date":"2021-09-29T14:46:43","date_gmt":"2021-09-29T14:46:43","guid":{"rendered":"http:\/\/kart-hornets.de\/?page_id=755"},"modified":"2021-09-29T15:31:23","modified_gmt":"2021-09-29T15:31:23","slug":"rennbericht-oldenzaal-2021","status":"publish","type":"page","link":"http:\/\/kart-hornets.de\/?page_id=755","title":{"rendered":"Rennbericht Oldenzaal 2021"},"content":{"rendered":"<p>Am 04.09.21 setzten die Kart-Hornets ihre verl\u00e4ngerte Jubil\u00e4umssaison im holl\u00e4ndischen Oldenzaal fort. Normalerweise als Saisonauftakt im Juli geplant, musste das Rennen zun\u00e4chst auf Grund der Coronasituation in den Niederlanden verschoben werden, konnte aber zur Zufriedenheit aller Anfang September endlich \u00fcber die B\u00fchne gehen. Die unter den Fahrern beliebte Strecke konnte in den vergangenen Jahren stets mit Nerven aufreibenden Rennen und unberechenbaren Wetterlagen \u00fcberzeugen. So war man gespannt, was das diesj\u00e4hrige Rennen f\u00fcr die Teilnehmer bereithielt, auch wenn heute nicht mit einem spontanen Regenguss zu rechnen war.<\/p>\n<p>Die k\u00f6rperlich anstrengende Rennstrecke verlangte den Fahrern einiges ab: Nicht nur die hohen Geschwindigkeiten der Karts sorgten daf\u00fcr, dass ungewohnt hohe Kr\u00e4fte auf die Teilnehmer wirkten, auch die weiten Auslaufzonen aus Rasengittersteinen sch\u00fcttelten die Racer sp\u00fcrbar durch, so dass das Rennen sowohl zu einer fahrerischen als auch zu einer konditionellen Herausforderung wurde. Stefan K., der in der Vergangenheit an Ort und Stelle bereits gewonnen hatte, qualifizierte sich f\u00fcr seine Verh\u00e4ltnisse ungew\u00f6hnlich am Ende des Feldes auf Platz Elf. Davor rangierten Ralf und Claas und lagen damit nur knapp hinter Peter, der scheinbar nicht das Momentum der vergangenen beiden Rennen aufrechterhalten konnte. Norman belegte Platz Sieben hinter Udo, der ein gutes Qualifying absolvierte und mit Vorjahressieger Tobi einen echten Oldenzaal-Spezialisten vor sich hatte. Dieser wurde aber in der Qualifikation von Frank geschlagen, der sein Kart auf Platz Vier positionierte und den Blick auf den vor ihm liegenden Alex richtete. Alex wiederum schien seine aufsteigende Form zu best\u00e4tigen und sah wie schon in Kirchlengern angespannt auf das Heck des Pr\u00e4sis, der nur von einem Neuank\u00f6mmling geschlagen wurde: Jannik eroberte in seinem ersten Qualifying direkt die Spitzenposition und be\u00e4ugte somit nur den leeren Asphalt vor sich und nicht die verdutzten Gesichter hinter sich.<\/p>\n<p>Nach und nach schalteten sich die f\u00fcnf roten Lichter ein und als sie gleichzeitig ausgingen, h\u00f6rte man zahlreiche F\u00fc\u00dfe gleichzeitig ins Gaspedal treten und die Motoren aufheulen. Das Rennen war freigegeben und am Ende der Startaufstellung versuchten Stefan K. und Peter umgehend das Feld von hinten aufzur\u00e4umen, nachdem sie ihr Kart in der Pause zwischen Qualifying und Rennen getauscht hatten. Beide erwischten eine gute Anfangsphase: Stefan K. gelang es vom elften auf den neunten Platz nach vorne zu fahren, Peter machte innerhalb einer Runde sogar drei Pl\u00e4tze gut und lag nach dem ersten Umlauf bereits auf Platz Sieben. In der vorderen H\u00e4lfte des Feldes tat sich zun\u00e4chst nichts, da sich die involvierten Fahrer zun\u00e4chst nur in Lauerstellung zu ihrem Vordermann begaben. Der auf Platz Elf zur\u00fcckgefallene Claas schaffte es im Anschluss erfolgreich, Ralf zu attackieren. Zeitgleich ging Stefan K. an Norman vorbei und war damit zwischenzeitlich auf Rang Acht unterwegs, w\u00e4hrend Peter noch einen weiteren Platz gewinnen konnte und an Udo vorbeizog. Auch an der Spitze nahm das Rennen jetzt Fahrt auf: Jannik konnte schon fr\u00fch Rei\u00dfaus nehmen, Alex tat sich zu Beginn schwer, befestigte aber kurz nach der Anfangsphase das Abschleppseil am Heck von Stephan. Der Pr\u00e4si, der zu Beginn noch das Tempo von Jannik mitgehen konnte, hatte zunehmend mit seinem Kart zu k\u00e4mpfen, lie\u00df Alex, der im zweiten Renndrittel besser ins Rennen kam, bei seinem ersten Angriff gew\u00e4hren und fuhr in dem Wissen, dass sein Meisterschaftsrivale noch hinter ihm lag, taktisch clever in seinem Windschatten, um den dritten Platz nach hinten abzusichern. Weiter hinten bem\u00fchte sich Claas weiterhin um Schadensbegrenzung: Er gewann noch einen Platz, als Stefan K. bis ans Ende des Feldes zur\u00fcckgesp\u00fclt wurde. Davon profitierten auch Ralf, der dadurch die rote Laterne abgeben konnte, sowie Norman, der \u2013 nun auf Platz Acht liegend &#8211; zwar von Claas keinen ernsthaften Druck mehr zu bef\u00fcrchten hatte, aber im weiteren Verlauf des Rennens dem vor ihm liegenden Udo nicht mehr gef\u00e4hrlich werden konnte. Im vorderen Mittelfeld wurde hingegen bis in die Schlussphase um jeden Zentimeter gek\u00e4mpft: Udo hatte einen Logenplatz, als er beobachtete, wie Frank versuchte, seinen vierten Platz gegen Tobi und Peter nach Kr\u00e4ften zu verteidigen, aber Peter, der durch den Kartwechsel beg\u00fcnstigt zu den schnellsten M\u00e4nnern auf der Strecke z\u00e4hlte, kassierte Tobi und machte kurz darauf auch mit Frank kurzen Prozess. Tobi wurde hier anschlie\u00dfend zum Nutznie\u00dfer und konnte ebenfalls an Frank vorbeiziehen und damit zumindest seinen Startplatz zur\u00fcckgewinnen, nachdem er zuvor noch seine Position an Peter verloren hatte. An der Spitze waren die Pl\u00e4tze inzwischen bezogen: Stephan hatte sich mit dem dritten Platz hinter Alex zufriedengegeben, der seinerseits nicht mehr zur Aufholjagd gegen Jannik ansetzen konnte. Dieser fuhr ein fehlerfreies Auftaktrennen, sah die Zielflagge als Erster und sicherte sich damit einen verdienten ersten Sieg im ersten Rennen.<\/p>\n<p>Stephan bleibt der konstanteste Fahrer im Feld und hat \u2013 nun bei 117 Punkten angekommen \u2013 seinen Vorsprung auf Peter um zwei Punkte ausgebaut, der aber nach einem durchwachsenen Qualifying und dem darauffolgenden Kartwechsel mit Platz Vier noch ein respektables Ergebnis eingefahren hat. Mit 104 Punkten hat er jetzt drei Punkte Vorsprung auf Tobi, der mit 101 Punkten zwar auch die 100 Punkte Marke geknackt hat, sich aber allm\u00e4hlich nach hinten orientieren muss, da Alex seinen Anspruch, den dritten Platz in der Gesamtwertung aus dem Vorjahr zu verteidigen, mit einer erneuten Podiumsplatzierung untermauert und nur noch acht Punkte R\u00fcckstand hat.<\/p>\n","protected":false},"excerpt":{"rendered":"<p>Am 04.09.21 setzten die Kart-Hornets ihre verl\u00e4ngerte Jubil\u00e4umssaison im holl\u00e4ndischen Oldenzaal fort. Normalerweise als Saisonauftakt im Juli geplant, musste das Rennen zun\u00e4chst auf Grund der Coronasituation in den Niederlanden verschoben werden, konnte aber zur Zufriedenheit aller Anfang September endlich \u00fcber die B\u00fchne gehen. Die unter den Fahrern beliebte Strecke konnte in den vergangenen Jahren stets &hellip; <a href=\"http:\/\/kart-hornets.de\/?page_id=755\" class=\"more-link\"><span class=\"screen-reader-text\">Rennbericht Oldenzaal 2021<\/span> weiterlesen <span class=\"meta-nav\">&rarr;<\/span><\/a><\/p>\n","protected":false},"author":1,"featured_media":0,"parent":233,"menu_order":0,"comment_status":"closed","ping_status":"closed","template":"","meta":{"jetpack_post_was_ever_published":false,"footnotes":""},"class_list":["post-755","page","type-page","status-publish","hentry"],"jetpack_sharing_enabled":true,"jetpack_shortlink":"https:\/\/wp.me\/PaboIV-cb","_links":{"self":[{"href":"http:\/\/kart-hornets.de\/index.php?rest_route=\/wp\/v2\/pages\/755","targetHints":{"allow":["GET"]}}],"collection":[{"href":"http:\/\/kart-hornets.de\/index.php?rest_route=\/wp\/v2\/pages"}],"about":[{"href":"http:\/\/kart-hornets.de\/index.php?rest_route=\/wp\/v2\/types\/page"}],"author":[{"embeddable":true,"href":"http:\/\/kart-hornets.de\/index.php?rest_route=\/wp\/v2\/users\/1"}],"replies":[{"embeddable":true,"href":"http:\/\/kart-hornets.de\/index.php?rest_route=%2Fwp%2Fv2%2Fcomments&post=755"}],"version-history":[{"count":5,"href":"http:\/\/kart-hornets.de\/index.php?rest_route=\/wp\/v2\/pages\/755\/revisions"}],"predecessor-version":[{"id":762,"href":"http:\/\/kart-hornets.de\/index.php?rest_route=\/wp\/v2\/pages\/755\/revisions\/762"}],"up":[{"embeddable":true,"href":"http:\/\/kart-hornets.de\/index.php?rest_route=\/wp\/v2\/pages\/233"}],"wp:attachment":[{"href":"http:\/\/kart-hornets.de\/index.php?rest_route=%2Fwp%2Fv2%2Fmedia&parent=755"}],"curies":[{"name":"wp","href":"https:\/\/api.w.org\/{rel}","templated":true}]}}