{"id":800,"date":"2022-01-13T20:37:15","date_gmt":"2022-01-13T20:37:15","guid":{"rendered":"http:\/\/kart-hornets.de\/?page_id=800"},"modified":"2022-01-13T20:37:15","modified_gmt":"2022-01-13T20:37:15","slug":"rennbericht-essen-bahn-1-januar-2022","status":"publish","type":"page","link":"http:\/\/kart-hornets.de\/?page_id=800","title":{"rendered":"Rennbericht Essen Bahn 1 Januar 2022"},"content":{"rendered":"<p>Das neue Jahr stand vor der T\u00fcr und damit l\u00e4uteten die Kart-Hornets am 08.01.22 ihren Saisonendspurt ihrer verl\u00e4ngerten Jubil\u00e4umssaison 2020 \u2013 2022 ein. Der erste der finalen sechs Meisterschaftsl\u00e4ufe sollte in Essen stattfinden \u2013 dieses Mal aber auf der unter den Fahrern etwas weniger beliebten Bahn 1 gegen den Uhrzeigersinn. Grund hierf\u00fcr war der unebene Untergrund, der es den Teilnehmern nicht nur erschwerte, konstante Rundenzeiten abzurufen, sondern auch physisch eine Herausforderung darstellte.<\/p>\n<p>&nbsp;<\/p>\n<p>Nach einem kurzen Aufreger, bei dem die Qualifikation auf Grund von Unklarheiten \u00fcber das Rennformat nach f\u00fcnf Minuten kurzfristig unterbrochen wurde, beanspruchte Stefan K. \u2013 sonst ein Essenspezialist \u2013 etwas \u00fcberraschend heute von den zw\u00f6lf Teilnehmern die rote Laterne f\u00fcr sich und musste somit das erste Rennen im neuen Jahr von ganz hinten in Angriff nehmen. Udo platzierte sein Kart auf der elften Startposition hinter Frank und Claas, der erst auf der dritten Stelle hinter dem Komma wenige Tausendstel schneller als sein Hintermann war. Olli sa\u00df auf dem achten Platz seinem Bruder direkt im Nacken, der allerdings gegen Jannik verh\u00e4ltnism\u00e4\u00dfig deutlich den K\u00fcrzeren zog. Peter wiederum konnte sich auf Platz F\u00fcnf ebenso wie Claas nur um ein paar Tausendstel gegen seinen Verfolger durchsetzen und hatte seinerseits etwas mehr als eine Zehntelsekunde R\u00fcckstand auf den auf Platz Vier rangierenden Alex, der die Top Drei knapp verpasste. Lediglich Norman, Ralf und Stephan, der allem Anschein nach dort weitermachte, wo er im vergangenen Jahr aufgeh\u00f6rt hatte, bewegten ihr Gef\u00e4hrt im Qualifying noch schneller um den Kurs.<\/p>\n<p>&nbsp;<\/p>\n<p>Angef\u00fchrt von Stephan wurde die hungrige Meute nach einer ersten Einf\u00fchrungsrunde hinter dem Pacecar mit einem fliegenden Start auf das 30 min\u00fctige Rennen losgelassen. Stefan K., der das Kart vom Qualifying zum Rennen nicht gewechselt hatte, musste feststellen, dass seine Platzierung heute auch der Maschinerie geschuldet war. Er hatte keine Chance, das Tempo von Udo mitzugehen, der ebenfalls eine ruhige Fahrt vor sich hatte, da von hinten keine Gefahr drohte und Frank ihm schon fr\u00fch enteilte. Frank wahrte seinerseits zwar den Sichtkontakt zu seinen Vorderm\u00e4nnern, befand sich aber auch zu keinem Zeitpunkt in direkter Schlagdistanz. Etwas weiter vorne nahm das Rennen Fahrt auf: Angef\u00fchrt von Tobi tobte ein Dreikampf um Platz Sieben, weil Olli und Claas sich im Rennen nicht absch\u00fctteln lie\u00dfen und damit den Druck auf Tobi stets aufrechterhalten konnten. Tobi, der also mit dem Verteidigen seiner Position alle H\u00e4nde voll zu tun hatte, konnte den Anschluss an Jannik nicht halten. Auch Jannik lie\u00df schon fr\u00fch ein wenig zu dem vor ihm fahrenden Peter abrei\u00dfen und war w\u00e4hrend des gesamten Rennens nicht mehr in der Lage, die L\u00fccke zu schlie\u00dfen. Ein \u00e4hnliches Bild zeichnete sich davor ab: Peter riss zwar eine L\u00fccke zu seinem Hintermann, musste Alex vor ihm aber ebenfalls schon fr\u00fch ziehen lassen. Alex wiederum schaffte es zun\u00e4chst den Anschluss an Norman und Ralf zu wahren, ohne den vor ihm fahrenden Norman dabei aber entscheidend unter Druck setzen zu k\u00f6nnen. So konnte sich dieser voll und ganz auf den Kampf um den zweiten Platz mit Ralf konzentrieren. Immer wieder schloss Norman die L\u00fccke nach vorne, lie\u00df danach aber einige Male wieder um ein paar Meter abrei\u00dfen, bevor er zu einer erneuten Attacke blies. An der Spitze des Feldes hatte der Pr\u00e4si das Rennen von Beginn an im Griff und musste keinen Angriff von hinten bef\u00fcrchten. W\u00e4hrend die meisten Pl\u00e4tze also schon fr\u00fch im Rennen bezogen schienen, steckten zumindest Olli und Claas noch nicht auf und versuchten, sich im Kampf um Platz Sieben noch eine \u00dcberholchance herauszuarbeiten. Immer wieder fuhren die drei in einem Abstand zueinander, in dem kein Blatt Papier mehr zwischen ihre Karts gepasst h\u00e4tte, immer wieder wurde es eng, aber letzten Endes rettete Tobi den siebten Platz \u00fcber die Ziellinie. Auch im Kampf um Platz Zwei lie\u00df Norman nichts unversucht, um den f\u00fcr die Punktewertung so wichtigen zweiten Platz doch noch zu gewinnen. Er probierte alternative Linien aus und zeigte sich immer wieder im Augenwinkel seines Vordermannes, um seinen Kontrahenten in einen Fehler zu treiben, jedoch wurde auch sein Bestreben am Ende nicht von Erfolg gekr\u00f6nt. Davor lie\u00df Stephan nichts mehr anbrennen und fuhr abermals einem \u00fcberzeugenden und ungef\u00e4hrdeten Sieg entgegen.<\/p>\n<p>&nbsp;<\/p>\n<p>Mit seinem ersten Sieg im neuen Jahr wird Stephan weiterhin seiner Favoritenrolle im Rennen um die Meisterschaft gerecht. Er schraubt sein Punktekonto damit auf 190 Z\u00e4hler, wodurch seine Verfolger schon fast ein Wunder ben\u00f6tigen, um ihn an seinem zweiten Titel in Folge zu hindern.\u00a0 Der f\u00fcnfte Platz bringt Peter zw\u00f6lf Punkte ein. Damit steht er nun bei 153 Punkten und hat noch f\u00fcnf Punkte Vorsprung auf Alex, der Peter mit seinem vierten Rang einen weiteren Punkt abgekn\u00f6pft und nur noch f\u00fcnf Punkte R\u00fcckstand hat. Norman liegt zwar nach einer weiteren Podestplatzierung mit 137 Punkten auf den ersten Blick noch weit hinter den Pl\u00e4tzen Zwei und Drei, hat aber vor dem Hintergrund des noch zu verrechnenden Streichergebnisses lediglich ein vier Punkte Defizit gegen\u00fcber Alex und kann damit in den finalen f\u00fcnf Rennen sowohl um den dritten als auch um den zweiten Platz noch ein ernstes W\u00f6rtchen mitreden.<\/p>\n","protected":false},"excerpt":{"rendered":"<p>Das neue Jahr stand vor der T\u00fcr und damit l\u00e4uteten die Kart-Hornets am 08.01.22 ihren Saisonendspurt ihrer verl\u00e4ngerten Jubil\u00e4umssaison 2020 \u2013 2022 ein. Der erste der finalen sechs Meisterschaftsl\u00e4ufe sollte in Essen stattfinden \u2013 dieses Mal aber auf der unter den Fahrern etwas weniger beliebten Bahn 1 gegen den Uhrzeigersinn. Grund hierf\u00fcr war der unebene &hellip; <a href=\"http:\/\/kart-hornets.de\/?page_id=800\" class=\"more-link\"><span class=\"screen-reader-text\">Rennbericht Essen Bahn 1 Januar 2022<\/span> weiterlesen <span class=\"meta-nav\">&rarr;<\/span><\/a><\/p>\n","protected":false},"author":1,"featured_media":0,"parent":0,"menu_order":0,"comment_status":"closed","ping_status":"closed","template":"","meta":{"jetpack_post_was_ever_published":false,"footnotes":""},"class_list":["post-800","page","type-page","status-publish","hentry"],"jetpack_sharing_enabled":true,"jetpack_shortlink":"https:\/\/wp.me\/PaboIV-cU","_links":{"self":[{"href":"http:\/\/kart-hornets.de\/index.php?rest_route=\/wp\/v2\/pages\/800","targetHints":{"allow":["GET"]}}],"collection":[{"href":"http:\/\/kart-hornets.de\/index.php?rest_route=\/wp\/v2\/pages"}],"about":[{"href":"http:\/\/kart-hornets.de\/index.php?rest_route=\/wp\/v2\/types\/page"}],"author":[{"embeddable":true,"href":"http:\/\/kart-hornets.de\/index.php?rest_route=\/wp\/v2\/users\/1"}],"replies":[{"embeddable":true,"href":"http:\/\/kart-hornets.de\/index.php?rest_route=%2Fwp%2Fv2%2Fcomments&post=800"}],"version-history":[{"count":1,"href":"http:\/\/kart-hornets.de\/index.php?rest_route=\/wp\/v2\/pages\/800\/revisions"}],"predecessor-version":[{"id":801,"href":"http:\/\/kart-hornets.de\/index.php?rest_route=\/wp\/v2\/pages\/800\/revisions\/801"}],"wp:attachment":[{"href":"http:\/\/kart-hornets.de\/index.php?rest_route=%2Fwp%2Fv2%2Fmedia&parent=800"}],"curies":[{"name":"wp","href":"https:\/\/api.w.org\/{rel}","templated":true}]}}