{"id":858,"date":"2022-08-08T22:39:57","date_gmt":"2022-08-08T22:39:57","guid":{"rendered":"http:\/\/kart-hornets.de\/?page_id=858"},"modified":"2022-08-09T16:20:02","modified_gmt":"2022-08-09T16:20:02","slug":"rennbericht-oldenzaal-1-2022","status":"publish","type":"page","link":"http:\/\/kart-hornets.de\/?page_id=858","title":{"rendered":"Rennbericht Oldenzaal 1 2022"},"content":{"rendered":"<p>Nach der Saison ist vor der Saison und so stand nach einem spannenden Abschluss der Jubil\u00e4umssaison bereits am 02.07.22 der Auftakt zur neuen Saison an gewohnter St\u00e4tte in Oldenzaal auf dem Plan. Die sowohl k\u00f6rperlich als auch fahrerisch anspruchsvolle Outdoorstrecke \u00fcberzeugte schon in der Vergangenheit mit spannendem Racing und war unter den Fahrern &#8211; auch wegen der leistungsstarken Karts &#8211; stets beliebt. Eine besondere Intensit\u00e4t versp\u00fcrten vor dem ersten Saisonlauf besonders die Spitzenfahrer aus der letzten Saison: Der offene Schlagabtausch aus der Vorsaison gepaart mit einem auf Null gesetzten Punktekonto f\u00fchrte dazu, dass ein jeder sowohl die \u00e4rgsten Konkurrenten um ihn herum als auch sich selbst zu dem erweiterten Favoritenkreis um den diesj\u00e4hrigen Titel z\u00e4hlte, so dass in den K\u00f6pfen eines jeden Fahrers f\u00fcnf bis sechs potenzielle Meisterschaftsanw\u00e4rter herumgeisterten.<\/p>\n<p>Im ersten Kr\u00e4ftemessen der neuen Saison musste sich Christian Udo um weniger als eine Zehntel geschlagen geben und folglich das Rennen von der elften Startbox aus von ganz hinten in Angriff nehmen. Zur \u00dcberraschung einiger reichte es f\u00fcr Peter nur zu Platz Neun, nachdem er die Zeit von Claas um ein paar Tausendstel verpasste. Claas blickte seinerseits auf das Heck von Ralf sowie Tobi, der die Top F\u00fcnf mit Startposition Sechs denkbar knapp verfehlte. Die Top F\u00fcnf wurde von Frank eingeleitet. Er stellte sein Gef\u00e4hrt hinter jenes von Jannik, der sich mit Platz Vier zwar ein positive Ausgangsposition verschaffte, sich aber noch drei weiteren Fahrern geschlagen geben musste: Kais beste Rundenzeit reichte f\u00fcr Platz Drei. Von dort aus hatte er in Form des Pr\u00e4sis, der gleichzeitig als amtierender Champion in die neue Meisterschaft ging, und Normans namenhafte Konkurrenz um sich herum. Letzterer trumpfte in den vergangenen Rennen immer wieder mit starken Leistungen auf und konnte mit der Poleposition genau dort weitermachen, wo er zuletzt aufgeh\u00f6rt hatte.<\/p>\n<p>Aufgrund eines Karttauschs reihte sich Peter nach seinem verkorksten Qualifying in der Startaufstellung noch hinter Christian ein und hatte sich bereits vor dem Rennen ein hartes St\u00fcck Arbeit vor die Brust gesetzt. Nach einer ersten Einf\u00fchrungsrunde, in der sich jeder Teilnehmer noch einmal fokussieren konnte, nahmen die Fahrer ihre Gridpositionen f\u00fcr den stehenden Start ein. Ein kurzer Moment des Stillstandes, dann gingen die Lichter aus und die Saison 22\/23 war freigegeben: In einer turbulenten Startphase verlor Peter keine Zeit und versuchte direkt, Boden gutzumachen. Am Ende des ersten Umlaufes fand er sich schon auf Platz Sieben wieder, nachdem er mit Udo, der auf den letzten Platz zur\u00fcckfiel, Christian, Claas und Ralf kurzen Prozess machte. Zu den Verlierern des Starts musste sich hingegen Stephan z\u00e4hlen: Er verlor direkt zwei Positionen gegen Kai und Jannik und musste fortan k\u00e4mpfen, um noch ein Ergebnis einzufahren, das seinen Anspr\u00fcchen gerecht werden k\u00f6nnte. An Jannik konnte er jedoch kurze Zeit sp\u00e4ter wieder vorbeigehen und sich zumindest teilweise rehabilitieren, w\u00e4hrend Peter &#8211; quasi im Gleichschritt &#8211; sein \u00dcberholman\u00f6ver gegen Tobi eint\u00fctete und nun schon auf Platz Sechs rangierte. Im hinteren Bereich des Feldes versuchte Udo, die rote Laterne wieder abzugeben. Er setzte Christian unter Druck, konnte den Platz aber noch nicht zur\u00fcckgewinnen, wohingegen Peter ein weiteres erfolgreiches \u00dcberholman\u00f6ver gegen Frank verbuchen konnte. Um Claas und Ralf tat sich wenig ebenso wie um das Spitzenduo, da Norman das Rennen vorne kontrollierte und Kai seine Position gegen den Pr\u00e4si allem Anschein nach halten konnte. F\u00fcr weitere Action auf der Rennstrecke sorgte Udo, als er Christian letzten Endes doch noch knacken konnte. Peter machte kurze Zeit sp\u00e4ter seine Aufholjagd perfekt, indem er ein weiteres erfolgreiches \u00dcberholman\u00f6ver gegen Jannik ablieferte. Folglich befand er sich auf Platz Vier und schnupperte noch an den begehrten Podestpl\u00e4tzen, die er aber schlussendlich nicht mehr erreichen konnte: Der Titelverteidiger nahm den dritten Platz mit nach Hause, Kai durfte sich \u00fcber den zweiten Platz freuen, der strahlende Sieger hie\u00df aber auch am heutigen Tag wieder Norman, der saison\u00fcbergreifend seinen dritten Sieg in Folge feiern durfte und seine Favoritenrolle f\u00fcr die neue Saison damit vorerst untermauerte.<\/p>\n<p>Nach dem ersten Saisonlauf spiegelt das Ergebnis aus dem ersten Rennen gleichzeitig den ersten Zwischenstand in der Meisterschaft wieder: Der Pr\u00e4si startet mit einem Podium solide in die neue Saison hinein und sammelt seine ersten 15 wertvollen Punkte. Kai, der zuletzt &#8211; auch wegen verpasster Renntermine &#8211; immer schwer in die Saison fand, kann mit seinem zweiten Platz und 17 Z\u00e4hlern dieses Mal vielleicht schon fr\u00fch das Momentum an sich rei\u00dfen. Selbiges wird auch Norman versuchen, bei dem in der Vorsaison auch erst in der zweiten Saisonh\u00e4lfte der Knoten platzte, w\u00e4hrend er nun schon fr\u00fch alle Tr\u00fcmpfe in der Hand h\u00e4lt.<\/p>\n","protected":false},"excerpt":{"rendered":"<p>Nach der Saison ist vor der Saison und so stand nach einem spannenden Abschluss der Jubil\u00e4umssaison bereits am 02.07.22 der Auftakt zur neuen Saison an gewohnter St\u00e4tte in Oldenzaal auf dem Plan. Die sowohl k\u00f6rperlich als auch fahrerisch anspruchsvolle Outdoorstrecke \u00fcberzeugte schon in der Vergangenheit mit spannendem Racing und war unter den Fahrern &#8211; auch &hellip; <a href=\"http:\/\/kart-hornets.de\/?page_id=858\" class=\"more-link\"><span class=\"screen-reader-text\">Rennbericht Oldenzaal 1 2022<\/span> weiterlesen <span class=\"meta-nav\">&rarr;<\/span><\/a><\/p>\n","protected":false},"author":1,"featured_media":0,"parent":233,"menu_order":0,"comment_status":"closed","ping_status":"closed","template":"","meta":{"jetpack_post_was_ever_published":false,"footnotes":""},"class_list":["post-858","page","type-page","status-publish","hentry"],"jetpack_sharing_enabled":true,"jetpack_shortlink":"https:\/\/wp.me\/PaboIV-dQ","_links":{"self":[{"href":"http:\/\/kart-hornets.de\/index.php?rest_route=\/wp\/v2\/pages\/858","targetHints":{"allow":["GET"]}}],"collection":[{"href":"http:\/\/kart-hornets.de\/index.php?rest_route=\/wp\/v2\/pages"}],"about":[{"href":"http:\/\/kart-hornets.de\/index.php?rest_route=\/wp\/v2\/types\/page"}],"author":[{"embeddable":true,"href":"http:\/\/kart-hornets.de\/index.php?rest_route=\/wp\/v2\/users\/1"}],"replies":[{"embeddable":true,"href":"http:\/\/kart-hornets.de\/index.php?rest_route=%2Fwp%2Fv2%2Fcomments&post=858"}],"version-history":[{"count":2,"href":"http:\/\/kart-hornets.de\/index.php?rest_route=\/wp\/v2\/pages\/858\/revisions"}],"predecessor-version":[{"id":864,"href":"http:\/\/kart-hornets.de\/index.php?rest_route=\/wp\/v2\/pages\/858\/revisions\/864"}],"up":[{"embeddable":true,"href":"http:\/\/kart-hornets.de\/index.php?rest_route=\/wp\/v2\/pages\/233"}],"wp:attachment":[{"href":"http:\/\/kart-hornets.de\/index.php?rest_route=%2Fwp%2Fv2%2Fmedia&parent=858"}],"curies":[{"name":"wp","href":"https:\/\/api.w.org\/{rel}","templated":true}]}}