{"id":898,"date":"2023-01-13T08:04:48","date_gmt":"2023-01-13T08:04:48","guid":{"rendered":"http:\/\/kart-hornets.de\/?page_id=898"},"modified":"2023-01-16T16:16:39","modified_gmt":"2023-01-16T16:16:39","slug":"rennbericht-essen-bahn-1-januar-2023","status":"publish","type":"page","link":"http:\/\/kart-hornets.de\/?page_id=898","title":{"rendered":"Rennbericht Essen Bahn 1 Januar 2023"},"content":{"rendered":"\n<p>Ganz wie gewohnt l\u00e4uteten die Kart-Hornets beim Jahreswechsel ihre zweite Sasionh\u00e4lfte ein und so griffen sie am 07.01.23 das erste Mal im Jahr 2023 in Essen ins Lenkrad, wo der siebte von insgesamt zw\u00f6lf Meisterschaftsl\u00e4ufen steigen sollte. Das sich stets im Wandel befindende Streckenlayout in Essen sowie die variierende Fahrtrichtung stellte die Teilnehmer bei jedem Besuch immer wieder vor neue Herausforderungen. Heute stand Bahn 1 im Uhrzeigersinn auf dem Programm &#8211; und das auf einem Layout, das in dieser Fahrtrichtung noch von keinem Fahrer befahren wurde. Die zahlreichen Unebenheiten auf der Strecke der ersten Bahn, die den Kurs physisch anspruchsvoll und fahrerisch teilweise unberechenbar machten, taten ihr \u00dcbriges, um f\u00fcr eine angespannte Ausgangssituation zu sorgen.<\/p>\n\n\n\n<p><br> In einem Nerven aufreibenden Qualifikationslauf, in dem sich am Ende alle elf Fahrer innerhalb einer Sekunde befanden, beanspruchte Christian die rote Laterne abermals f\u00fcr sich. Seine Bestzeit unterlag der von Oli um eine Zehntel. Unzufrieden mit dem eigenen Ergebnis entschied sich Oli folglich zu einem Kartwechsel, weshalb er das Rennen von Platz Elf aus in Angriff nehmen musste. Den neunten Startplatz ergatterte Ralf und reihte sich damit hinter Udo ein, der Tobi damit lediglich um einen Wimpernschlag unterlag. Dieser qualifizierte sich somit auf dem siebten Startplatz, nachdem er um eine Zehntel den K\u00fcrzeren gegen\u00fcber Norman zog. Auf Platz Sechs liegend blieb der Meisterschaftszweite etwas hinter den eigenen Erwartungen zur\u00fcck und sah sich mit Claas direkt vor ihm konfrontiert, der damit ein Qualifyingergebnis innerhalb der Top F\u00fcnf vorweisen konnte und erst auf der dritten Nachkommastelle langsamer war als Stefan K. Bei seiner R\u00fcckkehr in den Rennbetrieb stand f\u00fcr ihn mit Platz Vier eine zufriedenstellende Startposition zu Buche. Der dritte Platz ging an den angeschlagenen Peter, der sich schon vor dem Rennen mental auf eine &#8222;Mission Schadenbegrenzung&#8220;, einstellte, w\u00e4hrend Kai auf einer seiner ungeliebtesten Strecken zu ungeahnter Schnelligkeit fand und den zweiten Startplatz unter Dach und Fach brachte. Am schnellsten umrundete aber Stephan den Kurs in der Qualifikation. Er schnappte sich die Pole Position, verwies die Konkurrenz auf die Pl\u00e4tze und brachte sich damit aufgrund der \u00fcberschaubaren \u00dcberholm\u00f6glichkeiten in eine aussichtsreiche Position f\u00fcr den Rennsieg.<\/p>\n\n\n\n<p><br> Einmal mehr gab ein fliegender Start das Rennen frei und das Streckenlayout, das noch im vergangenen Jahr in entgegengesetzter Fahrtrichtung gefahren wurde und stellenweise f\u00fcr Frust sorgte, entpuppte sich als \u00fcberholfreundlicher als zun\u00e4chst angenommen: Immer wieder entfachten Zweik\u00e4mpfe, denen durch die Bodenwellen auf der Strecke zus\u00e4tzliche W\u00fcrze verliehen wurde. So gab es direkt zu Beginn des Rennens den ersten Aufreger, als Kai Stephan auf dem falschen Fu\u00df erwischte und in F\u00fchrung ging. Noch in den Folgekurven fochten die beiden ihren Zweikampf aus und schoben das Feld somit extrem dicht zusammen. Nachdem sich Kai zun\u00e4chst durchsetzen konnte, lie\u00df Stephans Konter nicht lange auf sich warten, als er die F\u00fchrung nur eine Runde sp\u00e4ter wieder zur\u00fcckeroberte. Die Fahrer, die sich weiter hinten in der Perlenkette einreihen mussten, lie\u00dfen sich von der Angriffslust des Spitzenduos anstecken: Oli versuchte sich nach seinem Kartwechsel an einer Aufholjagd und zog bereits in der Anfangsphase an Christian vorbei. Weiter vorne geriet Stefan K. in Bedr\u00e4ngnis von Claas, Norman und Tobi, die alle zu einem \u00e4hnlichen Renntempo fanden. W\u00e4hrend Christian am Ende des Feldes beherzte Rundenzeiten fuhr, entschied Oli den Zweikampf gegen Ralf f\u00fcr sich und machte fortan Jagd auf den sich auf Platz Acht befindenden Udo. An der Spitze wich Kai dem Pr\u00e4si nicht von der Seite, Peter konnte das Tempo der ersten Zwei nicht mitgehen, schwomm sich aber zumindest von den Kampfh\u00e4hnen hinter ihm frei, die &#8211; angef\u00fchrt von Stefan K. &#8211; erbittert um die Pl\u00e4tze k\u00e4mpften. Stefan, der schon zwei Rennen in den Knochen und sichtlich mit Trainingsr\u00fcckstand zu k\u00e4mpfen hatte, wurde zunehmend unkonzentrierter und hatte M\u00fche, sich gegen die Fahrer in seinem Schlepptau zu behaupten. Claas blieb in seiner Verfolgerrolle hellwach und nutzte die Gunst der Stunde im Get\u00fcmmel sowie einen Fehler des Vordermannes, um an Stefan vorbeizugehen. Nachdem dieser auch noch seine Position gegen\u00fcber Norman einb\u00fc\u00dfen musste, brach er das Rennen aufgrund von Ersch\u00f6pfung ab. Norman steckte in der Folge aber noch nicht auf und kurze Zeit sp\u00e4ter sah er seine Chance gegen Claas. Ohne viel Gegenwehr \u00fcbernahm er dessen vierten Platz und verwies seinen Kontrahenten so einen Platz weiter nach hinten. Die gesamte Entwicklung innerhalb dieser Gruppe sp\u00fclte s\u00e4mtliche Verfolger einen Platz weiter nach vorne und Oli hatte in der Zwischenzeit Udo eingeholt. Er versuchte seine Aufoljagd weiter fortzusetzen und befestigte das Abschleppseil am Heck seines Vordermannes. Tobi tat es ihm im Kampf um den f\u00fcnften Platz gleich. Genauso wie sich Kai an der Spitze und Oli weiter hinten an ihrem jeweiligen Vordermann festbissen, lie\u00df auch Tobi nicht mehr zu Claas abrei\u00dfen und lauerte auf einen Fehler seines Kontrahenten. Nachdem Stefan K. das Rennen aufgegeben hatte, wurde Christian auf dem zehnten Platz hinter Ralf gewertet. Beide kamen nicht mehr \u00fcber die Platzierung hinaus, auf die die Weichen am Start gestellt wurden. Olis Weg nach vorne fand hinter Udo ein j\u00e4hes Ende, da sich Udo mit allen ihm zur Verf\u00fcgung stehenden Mitteln verteidigte. Er fuhr Kampflinie, wo er musste, beendete das Rennen, das auch er gesundheitlich angeschlagen begonnen hatte, schlie\u00dflich auf dem siebten Platz vor Oli und fuhr damit zumindest einen kleinen psychologischen Sieg ein. Etwas weiter vorne schienen sich die Fahrer nach und nach an die Streckenbedingungen zu akklimatisieren und durchschauten mit der Zeit die einzelnen \u00dcberholpunkte. Claas lie\u00df die gesamte zweite Rennh\u00e4lfte \u00fcber nichts mehr anbrennen und \u00fcberquerte die Ziellinie auf dem f\u00fcnften Platz vor Tobi. Norman holte mit dem vierten Platz das Maximum aus seinen M\u00f6glichkeiten heraus, w\u00e4hrend auch Peter den dritten Platz seinem gesundheitlichen Zustand geschuldet als Erfolgserlebnis verbuchte und mit Kusshand annahm. An der Spitze wartete man bis zur Zieldurchfahrt auf die eine entscheidende Attacke von Kai gegen Stephan. Ohne Luft zum Atmen sp\u00fcrte der Pr\u00e4si kontinuierlich die Pr\u00e4senz seines Verfolgers, aber auch er hatte sich mit voranschreitender Renndauer an die Streckenbedingungen gew\u00f6hnt, w\u00e4hlte seine Linien mit Bedacht und fuhr, als die erl\u00f6sende Zielflagge geschwenkt wurde, unter immensem Druck seinen ersten Saisonsieg ein.<\/p>\n\n\n\n<p><br> Der amtierende Champion startet am besten in das neue Jahr. Sein Premierensieg der aktuellen Saison bef\u00f6rdert ihn nach Verrechnung des Streichergebnisses mit 91 Punkten auf den dritten Platz in der Gesamtwertung. In kleinen Schritten macht er damit Boden auf seine Kontrahenten um Norman und Peter gut, die mit den heutigen Pl\u00e4tzen Vier und Drei zwar solide Ergebnisse erzielt, aber minimal gegen\u00fcber dem Pr\u00e4si verloren haben. W\u00e4hrend Norman sein Punktekonto auf 100 Z\u00e4hler schraubt, behauptet Peter vorerst die Spitzenposition in der Tabelle und hebt den Bestwert auf 103 Punkte. Mit seinem zweiten Platz klopft Kai vorsichtig am Tor zur Spitze an und \u00fcbernimmt mit 82 Punkten Platz Vier von Alex, der aufgrund einer Verletzung hat pausieren m\u00fcssen und vorerst bei 74 Z\u00e4hlern stehen bleibt.<\/p>\n","protected":false},"excerpt":{"rendered":"<p>Ganz wie gewohnt l\u00e4uteten die Kart-Hornets beim Jahreswechsel ihre zweite Sasionh\u00e4lfte ein und so griffen sie am 07.01.23 das erste Mal im Jahr 2023 in Essen ins Lenkrad, wo der siebte von insgesamt zw\u00f6lf Meisterschaftsl\u00e4ufen steigen sollte. Das sich stets im Wandel befindende Streckenlayout in Essen sowie die variierende Fahrtrichtung stellte die Teilnehmer bei jedem &hellip; <a href=\"http:\/\/kart-hornets.de\/?page_id=898\" class=\"more-link\"><span class=\"screen-reader-text\">Rennbericht Essen Bahn 1 Januar 2023<\/span> weiterlesen <span class=\"meta-nav\">&rarr;<\/span><\/a><\/p>\n","protected":false},"author":1,"featured_media":0,"parent":0,"menu_order":0,"comment_status":"closed","ping_status":"closed","template":"","meta":{"jetpack_post_was_ever_published":false,"footnotes":""},"class_list":["post-898","page","type-page","status-publish","hentry"],"jetpack_sharing_enabled":true,"jetpack_shortlink":"https:\/\/wp.me\/PaboIV-eu","_links":{"self":[{"href":"http:\/\/kart-hornets.de\/index.php?rest_route=\/wp\/v2\/pages\/898","targetHints":{"allow":["GET"]}}],"collection":[{"href":"http:\/\/kart-hornets.de\/index.php?rest_route=\/wp\/v2\/pages"}],"about":[{"href":"http:\/\/kart-hornets.de\/index.php?rest_route=\/wp\/v2\/types\/page"}],"author":[{"embeddable":true,"href":"http:\/\/kart-hornets.de\/index.php?rest_route=\/wp\/v2\/users\/1"}],"replies":[{"embeddable":true,"href":"http:\/\/kart-hornets.de\/index.php?rest_route=%2Fwp%2Fv2%2Fcomments&post=898"}],"version-history":[{"count":3,"href":"http:\/\/kart-hornets.de\/index.php?rest_route=\/wp\/v2\/pages\/898\/revisions"}],"predecessor-version":[{"id":906,"href":"http:\/\/kart-hornets.de\/index.php?rest_route=\/wp\/v2\/pages\/898\/revisions\/906"}],"wp:attachment":[{"href":"http:\/\/kart-hornets.de\/index.php?rest_route=%2Fwp%2Fv2%2Fmedia&parent=898"}],"curies":[{"name":"wp","href":"https:\/\/api.w.org\/{rel}","templated":true}]}}