{"id":960,"date":"2023-09-09T13:05:55","date_gmt":"2023-09-09T13:05:55","guid":{"rendered":"http:\/\/kart-hornets.de\/?page_id=960"},"modified":"2023-09-09T14:01:29","modified_gmt":"2023-09-09T14:01:29","slug":"rennbericht-kirchlengern-juni-2023-saisonfinale","status":"publish","type":"page","link":"http:\/\/kart-hornets.de\/?page_id=960","title":{"rendered":"Rennbericht Kirchlengern Juni 2023 (Saisonfinale)"},"content":{"rendered":"\n<p>Es war angerichtet: Am 03.06.23 ging f\u00fcr die Kart-Hornets der Vorhang f\u00fcr das Saisonfinale 22\/23 in Kirchlengern auf. Die B\u00fchne geh\u00f6rte vor allem den beiden Protagonisten: Norman ging mit 167 Punkten als Meisterschaftsf\u00fchrender ins Rennen, w\u00e4hrend Peter ihm mit 166 Z\u00e4hlern dicht auf den Fersen war. Und das Rennen in Kirchlengern versprach ein furioses zu werden, denn auf wenigen anderen Strecken gingen zahlreiche Fahrer auf seinem ausgeglichenen und gleichzeitig hohem fahrerischen Niveau ins Rennen wie hier.<br><\/p>\n\n\n\n<p>Beim letzten Qualifikationslauf der aktuellen Saison nahm Christian den letzten Startplatz hinter Carsten ein. Udo begann das Rennen von Startplatz Zehn aus und befand sich knapp hinter Ralf, der seinen Blick auf den vor ihm liegenden Claas richtete. Die siebte Startbox beanspruchte Jannik f\u00fcr sich. Damit unterlag er Alex knapp, der sich auf der sechsten Startposition hinter Tobi einreihte. &#8222;Vorteil Norman&#8220; hie\u00df es zum ersten Mal, als das Qualifying abgewunken wurde, weil sich Peter lediglich den vierten Startplatz sichern konnte, w\u00e4hrend Norman gleichzeitig der Qualifikation seinen Stempel aufdr\u00fcckte, indem er s\u00e4mtliche Kontrahenten auf die Pl\u00e4tze verwies. In beeindruckender Manier riss er die Pole Position an sich. Dar\u00fcber hinaus ergatterten der Pr\u00e4si und Stefan K. die Startpl\u00e4tze Zwei und Drei, so dass Peter im Rennen zuerst ein bisschen \u00dcberholarbeit erledigen m\u00fcssen w\u00fcrde, bevor er zur Attacke auf seinen Meisterschaftsrivalen blasen k\u00f6nnte.<br><\/p>\n\n\n\n<p>Ein fliegender Start gab das finale Rennen in Kirchlengern frei, so dass die Angriffsm\u00f6glichkeiten aller Fahrer in der ersten Runde entsprechend begrenzt wurden. Die Reihenfolge blieb zun\u00e4chst unver\u00e4ndert, da ein jeder Teilnehmer nicht die Verantwortung f\u00fcr einen folgenschweren Fehler in einem solch bedeutsamen Rennen \u00fcbernehmen wollte. Das spielte Norman in die Karten: W\u00e4hrend Peter alle H\u00e4nde voll zu tun hatte, sich gegen beide Stefans zu behaupten, konnte Norman eine erste L\u00fccke zwischen sich und seine Verfolger bringen. Christian und Carsten hielten am Ende des Feldes eher ereignisarme Fahrten ab. Davor setzte Ralf im weiteren Verlauf des Rennens Claas zunehmend unter Druck. Jannik enteilte seinen Verfolgern, konnte aber gleichzeitig nicht den Anschluss an die Fahrer vor ihm halten. Alex wich Tobi nicht von der Seite und auch Peter versuchte alles, was in seiner Macht stand, um eine Flucht nach vorne zu unternehmen. Den Dreikampf mit Stephan und Stefan nutzte er, um eine erste Position gutzumachen: In einem Zweikampf zwischen den beiden Namensvettern schl\u00fcpfte er am Pr\u00e4si vorbei. Doch dieser machte es ihm nicht leicht. Als Vollblutracer und jemand, der immer an einem intensiven Zweikampf interessiert ist, konterte er Peter zun\u00e4chst aus, bevor er die Position wieder zur\u00fcckgewinnen und sich absetzen konnte. Damit lag nur noch Stefan K. zwischen ihm und Norman und dem damit verbundenen Meisterschaftstitel. In der Zwischenzeit legte sich Alex Tobi zurecht und zog mit einem sauberen Man\u00f6ver an diesem vorbei. Doch Tobi steckte noch nicht auf und konnte den Anschluss an seinen Kontrahenten halten. Im hinteren Bereich des Feldes blieben die Positionen unver\u00e4ndert. Auch Ralf fand keinen Weg an Claas vorbei, der sein Kart clever auf dem Kurs platzierte und somit keinen Raum f\u00fcr \u00dcberholm\u00f6glichkeiten bot. Janniks siebter Platz war schon fr\u00fch im Rennen besiegelt und auch Alex gab die f\u00fcnfte Position nicht mehr an Tobi ab. Stephan musste sich schlussendlich mit Platz Vier begn\u00fcgen, aber davor war das letzte Wort noch nicht gesprochen: Norman war in der Lage im Verlauf des Rennens eine L\u00fccke von einigen Sekunden herausfahren, w\u00e4hrend Peter nach wie vor mit Stefan K. k\u00e4mpfte. Er zog alle Register, um den zweiten Platz zu \u00fcbernehmen und sich damit noch eine Au\u00dfenseiterchance auf den Titel zu geben, doch er hatte einen &#8211; besonders in Kirchlengern &#8211; schnellen und erfahrenen Racer vor sich. F\u00fcr Norman galt es, weiterhin konstante Rundenzeiten zu produzieren, sich keine Fehler zu leisten und zu hoffen, dass heute &#8211; anders als im Vormonat &#8211; die Technik bis zum Schluss durchhielt. Und dann war es geschafft: Peter verpasste den zweiten Platz im Duell mit Stefan K. denkbar knapp und Norman durfte jubeln. Er blieb fehlerfrei ebenso wie die Karttechnik, auf die er vertrauen musste und fuhr das Rennen trotz des immensen Drucks routiniert zu Ende. Er beendete die Saison mit einem beeindruckenden Sieg und fuhr, nachdem er die Zielflagge als Erster gesehen hatte, seinen ersten Meisterschaftstitel bei den Kart-Hornets ein.<br><\/p>\n\n\n\n<p>Der Vorhang f\u00e4llt mit einer Galavorstellung von Norman: In einem psychologisch anspruchsvollen Rennen f\u00e4hrt er schlussendlich einen souver\u00e4nen Sieg ein und l\u00e4sst damit keinen Zweifel an seinem Titelgewinn aufkommen. Ein beherzter Kampf von Peter, der in einem dritten Platz resultiert, beschert ihm weitere 15 Punkte und bringt ihn auf einen Endpunktestand von 181, w\u00e4hrend Norman 20 Punkte einf\u00e4hrt und sich mit einem Endpunktestand von 187 Z\u00e4hlern die Krone aufsetzt.<\/p>\n","protected":false},"excerpt":{"rendered":"<p>Es war angerichtet: Am 03.06.23 ging f\u00fcr die Kart-Hornets der Vorhang f\u00fcr das Saisonfinale 22\/23 in Kirchlengern auf. Die B\u00fchne geh\u00f6rte vor allem den beiden Protagonisten: Norman ging mit 167 Punkten als Meisterschaftsf\u00fchrender ins Rennen, w\u00e4hrend Peter ihm mit 166 Z\u00e4hlern dicht auf den Fersen war. Und das Rennen in Kirchlengern versprach ein furioses zu &hellip; <a href=\"http:\/\/kart-hornets.de\/?page_id=960\" class=\"more-link\"><span class=\"screen-reader-text\">Rennbericht Kirchlengern Juni 2023 (Saisonfinale)<\/span> weiterlesen <span class=\"meta-nav\">&rarr;<\/span><\/a><\/p>\n","protected":false},"author":1,"featured_media":0,"parent":0,"menu_order":0,"comment_status":"closed","ping_status":"closed","template":"","meta":{"jetpack_post_was_ever_published":false,"footnotes":""},"class_list":["post-960","page","type-page","status-publish","hentry"],"jetpack_sharing_enabled":true,"jetpack_shortlink":"https:\/\/wp.me\/PaboIV-fu","_links":{"self":[{"href":"http:\/\/kart-hornets.de\/index.php?rest_route=\/wp\/v2\/pages\/960","targetHints":{"allow":["GET"]}}],"collection":[{"href":"http:\/\/kart-hornets.de\/index.php?rest_route=\/wp\/v2\/pages"}],"about":[{"href":"http:\/\/kart-hornets.de\/index.php?rest_route=\/wp\/v2\/types\/page"}],"author":[{"embeddable":true,"href":"http:\/\/kart-hornets.de\/index.php?rest_route=\/wp\/v2\/users\/1"}],"replies":[{"embeddable":true,"href":"http:\/\/kart-hornets.de\/index.php?rest_route=%2Fwp%2Fv2%2Fcomments&post=960"}],"version-history":[{"count":1,"href":"http:\/\/kart-hornets.de\/index.php?rest_route=\/wp\/v2\/pages\/960\/revisions"}],"predecessor-version":[{"id":961,"href":"http:\/\/kart-hornets.de\/index.php?rest_route=\/wp\/v2\/pages\/960\/revisions\/961"}],"wp:attachment":[{"href":"http:\/\/kart-hornets.de\/index.php?rest_route=%2Fwp%2Fv2%2Fmedia&parent=960"}],"curies":[{"name":"wp","href":"https:\/\/api.w.org\/{rel}","templated":true}]}}