{"id":966,"date":"2023-09-09T13:14:12","date_gmt":"2023-09-09T13:14:12","guid":{"rendered":"http:\/\/kart-hornets.de\/?page_id=966"},"modified":"2023-09-09T13:57:04","modified_gmt":"2023-09-09T13:57:04","slug":"rennbericht-bocholt-august-2023","status":"publish","type":"page","link":"http:\/\/kart-hornets.de\/?page_id=966","title":{"rendered":"Rennbericht Bocholt August 2023"},"content":{"rendered":"\n<p>Am 05.08.23 stand f\u00fcr die Kart-Hornets der zweite Lauf der noch jungen Saison 23\/24 auf dem Plan. Erfahrungsgem\u00e4\u00df wurde dieser in Bochholt ausgefochten, doch aufgrund der widrigen Witterungsbedingungen w\u00fcrde das Rennen lediglich im Indoorbereich stattfinden. Damit sahen sich die Fahrer zum ersten Mal seit l\u00e4ngerer Zeit wieder mit einer Situation konfrontiert, in der bereits das Qualifying rennentscheidend sein konnte.<br><\/p>\n\n\n\n<p>Wenn es einen Vorteil des Indoorlayouts gegen\u00fcber dem Outdoorlayout gab, dann, dass die Rundenzeit erheblich k\u00fcrzer als gewohnt war und somit jeder Fahrer mehr Runden zur Verf\u00fcgung hatte, um seine Bestzeit zu setzen und es war Christian, der nach Ablauf der zehn Minuten nicht \u00fcber den zw\u00f6lften Startplatz hinauskam. Carsten belegte den elften Platz hinter Udo, der von Tobi auf den zehnten Platz verwiesen wurde. Ralf nahm das Rennen davor von Platz Acht aus in Angriff, w\u00e4hrend Olli einen Startplatz weiter vorne starten durfte. Ein enges Qualifying, in dem die ersten Sechs nur durch drei Zehntel getrennt wurden, wies am Ende Frank als Sechstplatzierten hinter Peter auf, weil sich jener Kai knapp geschlagen geben musste. Dieser fuhr erst im letzten Umlauf seine schnellste Runde, Alex tat es ihm gleich und hatte um sieben Tausendstel die Nase vorn. Nach einem verkorksten Qualifying im Vormonat reichte es heute f\u00fcr Norman zu Platz Zwei, w\u00e4hrend Jannik in der Lage war, sein Momentum aufrechtzuerhalten und die schnellste Rundenzeit f\u00fcr sich beanspruchen konnte.<br><\/p>\n\n\n\n<p>Erwartungsgem\u00e4\u00df starteten die Fahrer mit einem fliegenden Start ins zweite Saisonrennen, das selbst in der Anfangsphase nicht viel Raum f\u00fcr \u00dcberholm\u00f6glichkeiten bot. Es galt seinen Rhythmus zu finden, konstante Rundenzeiten abzuspulen und sich keine Fehler zu erlauben. Gleichzeitig war es essentiell seinem Vordermann so dicht wie m\u00f6glich zu folgen, um sofort von einem potenziellen Fehler profitieren zu k\u00f6nnen, falls sich einer bieten sollte. An der Spitze hatte Jannik das Rennen unter Kontrolle. Dahinter zeichnete sich eine enge Kampfgruppe um die Pl\u00e4tze Zwei bis Sechs ab, die von Norman angef\u00fchrt wurde. Im hinteren Bereich des Feldes verlief das Rennen eher ruhig, w\u00e4hrend der auf Platz Zwei rangierende Norman zunehmend unter Druck geriet und es dauerte nicht lange, bis Alex eine kurze Unachtsamkeit seines Kontrahenten zu seinem Vorteil nutzen konnte. Als Norman ein einziges mal zu viel Platz auf der Innenseite anbot, stach er geistesgegenw\u00e4rtig hinein und nahm die Verfolgung von Jannik auf. Normans Arbeitstag wurde nicht ruhiger, auch Kai schien ein wenig mehr Pace im K\u00f6cher zu haben und sah seinem Vordermann dabei zu, wie er immer wieder mit einem rutschigen Heck zu k\u00e4mpfen hatte. Christian behielt die rote Laterne bis zum Schluss, w\u00e4hrend Udo und Carsten ebenfalls nicht mehr \u00fcber die Pl\u00e4tze Zehn und Elf hinauskamen. Tobi und Ralf beendeten ein f\u00fcr sie ereignisarmes Rennen auf den R\u00e4ngen Neun und Acht. Davor konnte Olli ebenfalls bei der Kampfgruppe anklopfen, da Norman immer wieder Kampflinie fahren musste und so die gesamte Gruppe einbremste. Letzten Endes behielt er aber die Ruhe, lie\u00df sich nicht mehr wie zuvor von Alex \u00fcberraschen und rettete das Podium \u00fcber die Linie, w\u00e4hrend Kai, Peter, Frank und auch Olli direkt hinter ihm ins Lenkrad bissen. Ganz vorne konnte Alex kurzfristig Boden auf Jannik gutmachen, doch der Polesetter stabilisierte sich in der zweiten Rennh\u00e4lfte, mobilisierte seine Reserven und riss die L\u00fccke wieder auf. Somit hielt er sich Alex vom Leib und fuhr einen insgesamt ungef\u00e4hrdeten zweiten Sieg im zweiten Saisonlauf ein.<br><\/p>\n\n\n\n<p>Maximale Punkteausbeute f\u00fcr Jannik: Er holt 40 von 40 m\u00f6glichen Punkten aus den ersten beiden Saisonrennen und festigt zun\u00e4chst seine Position an der Tabellenspitze, w\u00e4hrend sich die Konkurrenz um ihn herum gegenseitig die Punkte klaut. Norman und Alex folgen ihm mit 30 Z\u00e4hlern, mit 29 bzw. 27 Punkten lauern Peter und Kai nur knapp dahinter.<\/p>\n","protected":false},"excerpt":{"rendered":"<p>Am 05.08.23 stand f\u00fcr die Kart-Hornets der zweite Lauf der noch jungen Saison 23\/24 auf dem Plan. Erfahrungsgem\u00e4\u00df wurde dieser in Bochholt ausgefochten, doch aufgrund der widrigen Witterungsbedingungen w\u00fcrde das Rennen lediglich im Indoorbereich stattfinden. Damit sahen sich die Fahrer zum ersten Mal seit l\u00e4ngerer Zeit wieder mit einer Situation konfrontiert, in der bereits das &hellip; <a href=\"http:\/\/kart-hornets.de\/?page_id=966\" class=\"more-link\"><span class=\"screen-reader-text\">Rennbericht Bocholt August 2023<\/span> weiterlesen <span class=\"meta-nav\">&rarr;<\/span><\/a><\/p>\n","protected":false},"author":1,"featured_media":0,"parent":0,"menu_order":0,"comment_status":"closed","ping_status":"closed","template":"","meta":{"jetpack_post_was_ever_published":false,"footnotes":""},"class_list":["post-966","page","type-page","status-publish","hentry"],"jetpack_sharing_enabled":true,"jetpack_shortlink":"https:\/\/wp.me\/PaboIV-fA","_links":{"self":[{"href":"http:\/\/kart-hornets.de\/index.php?rest_route=\/wp\/v2\/pages\/966","targetHints":{"allow":["GET"]}}],"collection":[{"href":"http:\/\/kart-hornets.de\/index.php?rest_route=\/wp\/v2\/pages"}],"about":[{"href":"http:\/\/kart-hornets.de\/index.php?rest_route=\/wp\/v2\/types\/page"}],"author":[{"embeddable":true,"href":"http:\/\/kart-hornets.de\/index.php?rest_route=\/wp\/v2\/users\/1"}],"replies":[{"embeddable":true,"href":"http:\/\/kart-hornets.de\/index.php?rest_route=%2Fwp%2Fv2%2Fcomments&post=966"}],"version-history":[{"count":2,"href":"http:\/\/kart-hornets.de\/index.php?rest_route=\/wp\/v2\/pages\/966\/revisions"}],"predecessor-version":[{"id":974,"href":"http:\/\/kart-hornets.de\/index.php?rest_route=\/wp\/v2\/pages\/966\/revisions\/974"}],"wp:attachment":[{"href":"http:\/\/kart-hornets.de\/index.php?rest_route=%2Fwp%2Fv2%2Fmedia&parent=966"}],"curies":[{"name":"wp","href":"https:\/\/api.w.org\/{rel}","templated":true}]}}